{"id":1356,"date":"2017-01-19T09:11:04","date_gmt":"2017-01-19T09:11:04","guid":{"rendered":"http:\/\/pronas.proinas.net\/?page_id=1356"},"modified":"2019-10-30T21:31:35","modified_gmt":"2019-10-30T21:31:35","slug":"franquicias","status":"publish","type":"page","link":"https:\/\/www.proinas.com\/en\/franquicias\/","title":{"rendered":"Franquicias"},"content":{"rendered":"<p>[vc_row full_width=\u00bbstretch_row_content_no_spaces\u00bb][vc_column width=\u00bb1\/6&#8243;][\/vc_column][vc_column width=\u00bb2\/3&#8243;][vc_single_image image=\u00bb1618&#8243; img_size=\u00bbfull\u00bb][\/vc_column][vc_column width=\u00bb1\/6&#8243;][\/vc_column][\/vc_row][vc_row wrap_container=\u00bbyes\u00bb el_class=\u00bbm-b-xl\u00bb][vc_column width=\u00bb1\/2&#8243;][contact-form-7 id=\u00bb1355&#8243; title=\u00bbContact Form &#8211; Basic\u00bb][\/vc_column][vc_column width=\u00bb1\/2&#8243;][vc_custom_heading text=\u00bb<strong>Franquicias<\/strong>\u00bb font_container=\u00bbtag:h4|text_align:left\u00bb use_theme_fonts=\u00bbyes\u00bb skin=\u00bbprimary\u00bb el_class=\u00bbm-t\u00bb][vc_column_text]<\/p>\n<p style=\"text-align: left;\">Contamos con sedes en distintas ciudades de Colombia; si quiere pertenecer a la familia <strong>PROINAS<\/strong> en otra ciudad por modalidad de franquicia llene sus datos en el formulario de oportunidad de franquicia a continuaci\u00f3n.<\/p>\n<p style=\"text-align: left;\">\u00bfQu\u00e9 es una franquicia? Es la forma m\u00e1s segura de tener un patrimonio personal y familiar, s\u00f3lido y duradero.<\/p>\n<p style=\"text-align: left;\">Comprar una franquicia le permite empezar a operar el negocio exitosamente y ganar dinero inmediato, aunque usted no tenga ninguna experiencia en el negocio.<\/p>\n<p style=\"text-align: left;\"><strong>PROINAS<\/strong> le ense\u00f1a c\u00f3mo administrar, comercializar y operar su franquicia.<\/p>\n<p style=\"text-align: left;\">Con la franquicia <strong>PROINAS<\/strong> usted aprovecha el Know-How y la experiencia que nos ha llevado a ser exitosos y rentables.<\/p>\n<p style=\"text-align: left;\">El 95% de los negocios independientes (pymes) quiebran antes de cumplir 5 a\u00f1os. El 95% de las franquicias crecen y se consolidan definitivamente mucho antes de los 5 a\u00f1os y se convierten en un patrimonio de largo plazo y la inversi\u00f3n es de 200 veces m\u00e1s segura que un negocio independiente<\/p>\n<p style=\"font-style: inherit; font-weight: inherit; text-align: left;\">Si usted desea mas informacion llene este formulario. Sera contactado lo mas pronto posible.<br \/>\nPor favor llene <strong>los campos requeridos<\/strong>.<\/p>\n<p>[\/vc_column_text][vc_separator color=\u00bbcustom\u00bb gradient=\u00bbyes\u00bb][vc_custom_heading text=\u00bbNuestra <strong>Informaci\u00f3n<\/strong>\u00bb font_container=\u00bbtag:h4|text_align:left\u00bb use_theme_fonts=\u00bbyes\u00bb skin=\u00bbprimary\u00bb][bsf-info-box icon=\u00bbDefaults-map-marker\u00bb icon_size=\u00bb14&#8243; icon_color=\u00bb#ffffff\u00bb icon_style=\u00bbcircle\u00bb icon_color_bg=\u00bb#0088cc\u00bb title=\u00bb<strong>Direcci\u00f3n:<\/strong> Carrera 3 No. 1 &#8211; 49 Local 27 Chimit\u00e1, Gir\u00f3n\u00bb title_font_size=\u00bbdesktop:14px;\u00bb title_font_color=\u00bb#777777&#8243;][\/bsf-info-box][bsf-info-box icon=\u00bbDefaults-phone\u00bb icon_size=\u00bb14&#8243; icon_color=\u00bb#ffffff\u00bb icon_style=\u00bbcircle\u00bb icon_color_bg=\u00bb#0088cc\u00bb title=\u00bb<strong>Tel\u00e9fonos:<\/strong> 57) (7) 6762700 &#8211; (57) (7) 6762220 \u00bb el_class=\u00bbm-t-n\u00bb title_font_size=\u00bbdesktop:14px;\u00bb title_font_color=\u00bb#777777&#8243;][\/bsf-info-box][bsf-info-box icon=\u00bbDefaults-phone\u00bb icon_size=\u00bb14&#8243; icon_color=\u00bb#ffffff\u00bb icon_style=\u00bbcircle\u00bb icon_color_bg=\u00bb#0088cc\u00bb title=\u00bb<strong>Celular:<\/strong> 3167653162&#8243; el_class=\u00bbm-t-n\u00bb title_font_size=\u00bbdesktop:14px;\u00bb title_font_color=\u00bb#777777&#8243;][\/bsf-info-box][bsf-info-box icon=\u00bbDefaults-envelope\u00bb icon_size=\u00bb14&#8243; icon_color=\u00bb#ffffff\u00bb icon_style=\u00bbcircle\u00bb icon_color_bg=\u00bb#0088cc\u00bb title=\u00bb<strong>Email:<\/strong> ventas@proinas.com\u00bb el_class=\u00bbm-t-n\u00bb title_font_size=\u00bbdesktop:14px;\u00bb title_font_color=\u00bb#777777&#8243;][\/bsf-info-box][vc_separator color=\u00bbcustom\u00bb gradient=\u00bbyes\u00bb][\/vc_column][\/vc_row]<\/p>","protected":false},"excerpt":{"rendered":"<p>[vc_row full_width=\u00bbstretch_row_content_no_spaces\u00bb][vc_column width=\u00bb1\/6&#8243;][\/vc_column][vc_column width=\u00bb2\/3&#8243;][vc_single_image image=\u00bb1618&#8243; img_size=\u00bbfull\u00bb][\/vc_column][vc_column width=\u00bb1\/6&#8243;][\/vc_column][\/vc_row][vc_row wrap_container=\u00bbyes\u00bb el_class=\u00bbm-b-xl\u00bb][vc_column width=\u00bb1\/2&#8243;][contact-form-7 id=\u00bb1355&#8243; title=\u00bbContact Form &#8211; Basic\u00bb][\/vc_column][vc_column width=\u00bb1\/2&#8243;][vc_custom_heading text=\u00bbFranquicias\u00bb font_container=\u00bbtag:h4|text_align:left\u00bb use_theme_fonts=\u00bbyes\u00bb skin=\u00bbprimary\u00bb el_class=\u00bbm-t\u00bb][vc_column_text] Contamos con sedes en distintas ciudades de Colombia; si quiere pertenecer a la familia PROINAS en otra ciudad por modalidad de franquicia llene sus datos en el formulario de oportunidad de franquicia a continuaci\u00f3n. [&hellip;]<\/p>","protected":false},"author":1,"featured_media":0,"parent":0,"menu_order":0,"comment_status":"closed","ping_status":"closed","template":"","meta":{"footnotes":""},"class_list":["post-1356","page","type-page","status-publish","hentry"],"_links":{"self":[{"href":"https:\/\/www.proinas.com\/en\/wp-json\/wp\/v2\/pages\/1356","targetHints":{"allow":["GET"]}}],"collection":[{"href":"https:\/\/www.proinas.com\/en\/wp-json\/wp\/v2\/pages"}],"about":[{"href":"https:\/\/www.proinas.com\/en\/wp-json\/wp\/v2\/types\/page"}],"author":[{"embeddable":true,"href":"https:\/\/www.proinas.com\/en\/wp-json\/wp\/v2\/users\/1"}],"replies":[{"embeddable":true,"href":"https:\/\/www.proinas.com\/en\/wp-json\/wp\/v2\/comments?post=1356"}],"version-history":[{"count":0,"href":"https:\/\/www.proinas.com\/en\/wp-json\/wp\/v2\/pages\/1356\/revisions"}],"wp:attachment":[{"href":"https:\/\/www.proinas.com\/en\/wp-json\/wp\/v2\/media?parent=1356"}],"curies":[{"name":"wp","href":"https:\/\/api.w.org\/{rel}","templated":true}]}}