{"id":3862,"date":"2023-09-24T03:10:55","date_gmt":"2023-09-24T03:10:55","guid":{"rendered":"https:\/\/www.proinas.com\/?page_id=3862"},"modified":"2025-05-09T13:09:58","modified_gmt":"2025-05-09T18:09:58","slug":"blog","status":"publish","type":"page","link":"https:\/\/www.proinas.com\/en\/blog\/","title":{"rendered":"Blog"},"content":{"rendered":"<div data-elementor-type=\"wp-page\" data-elementor-id=\"3862\" class=\"elementor elementor-3862\" data-elementor-post-type=\"page\">\n\t\t\t\t\t\t<section class=\"elementor-section elementor-top-section elementor-element elementor-element-1449f665 elementor-section-boxed elementor-section-height-default elementor-section-height-default\" data-id=\"1449f665\" data-element_type=\"section\" data-e-type=\"section\">\n\t\t\t\t\t\t<div class=\"elementor-container elementor-column-gap-default\">\n\t\t\t\t\t<div class=\"elementor-column elementor-col-100 elementor-top-column elementor-element elementor-element-3b3a54d0\" data-id=\"3b3a54d0\" data-element_type=\"column\" data-e-type=\"column\">\n\t\t\t<div class=\"elementor-widget-wrap elementor-element-populated\">\n\t\t\t\t\t\t<div class=\"elementor-element elementor-element-6ea00fc elementor-grid-3 elementor-grid-tablet-2 elementor-grid-mobile-1 elementor-posts--thumbnail-top elementor-posts--show-avatar elementor-card-shadow-yes elementor-posts__hover-gradient load-more-align-center elementor-widget elementor-widget-posts\" data-id=\"6ea00fc\" data-element_type=\"widget\" data-e-type=\"widget\" data-settings=\"{&quot;pagination_type&quot;:&quot;load_more_on_click&quot;,&quot;cards_columns&quot;:&quot;3&quot;,&quot;cards_columns_tablet&quot;:&quot;2&quot;,&quot;cards_columns_mobile&quot;:&quot;1&quot;,&quot;cards_row_gap&quot;:{&quot;unit&quot;:&quot;px&quot;,&quot;size&quot;:35,&quot;sizes&quot;:[]},&quot;cards_row_gap_tablet&quot;:{&quot;unit&quot;:&quot;px&quot;,&quot;size&quot;:&quot;&quot;,&quot;sizes&quot;:[]},&quot;cards_row_gap_mobile&quot;:{&quot;unit&quot;:&quot;px&quot;,&quot;size&quot;:&quot;&quot;,&quot;sizes&quot;:[]},&quot;load_more_spinner&quot;:{&quot;value&quot;:&quot;fas fa-spinner&quot;,&quot;library&quot;:&quot;fa-solid&quot;}}\" data-widget_type=\"posts.cards\">\n\t\t\t\t<div class=\"elementor-widget-container\">\n\t\t\t\t\t\t\t<div class=\"elementor-posts-container elementor-posts elementor-posts--skin-cards elementor-grid\">\n\t\t\t\t<article class=\"elementor-post elementor-grid-item post-4969 post type-post status-publish format-standard has-post-thumbnail hentry category-articulo\">\n\t\t\t<div class=\"elementor-post__card\">\n\t\t\t\t<a class=\"elementor-post__thumbnail__link\" href=\"https:\/\/www.proinas.com\/en\/2026\/02\/12\/dekapant-de-proinas-sas-el-decapante-liquido-profesional-para-soldaduras-impecables-en-aluminio-y-acero-inoxidable\/\" tabindex=\"-1\" target=\"_blank\"><div class=\"elementor-post__thumbnail\"><img fetchpriority=\"high\" decoding=\"async\" width=\"278\" height=\"181\" src=\"https:\/\/www.proinas.com\/wp-content\/uploads\/2026\/02\/images-1.jpeg\" class=\"attachment-medium size-medium wp-image-4970\" alt=\"\" srcset=\"https:\/\/www.proinas.com\/wp-content\/uploads\/2026\/02\/images-1.jpeg 278w, https:\/\/www.proinas.com\/wp-content\/uploads\/2026\/02\/images-1-18x12.jpeg 18w, https:\/\/www.proinas.com\/wp-content\/uploads\/2026\/02\/images-1-64x42.jpeg 64w\" sizes=\"(max-width: 278px) 100vw, 278px\" \/><\/div><\/a>\n\t\t\t\t<div class=\"elementor-post__badge\">Art\u00edculo<\/div>\n\t\t\t\t<div class=\"elementor-post__avatar\">\n\t\t\t<img alt='Marketing' src='https:\/\/secure.gravatar.com\/avatar\/5ed10eac84d7e0a606c2c411bcdb74bf448987babbe4d234c1e16b623bb11eb5?s=128&#038;d=mm&#038;r=g' srcset='https:\/\/secure.gravatar.com\/avatar\/5ed10eac84d7e0a606c2c411bcdb74bf448987babbe4d234c1e16b623bb11eb5?s=256&#038;d=mm&#038;r=g 2x' class='avatar avatar-128 photo' height='128' width='128' \/>\t\t<\/div>\n\t\t\t\t<div class=\"elementor-post__text\">\n\t\t\t\t<h3 class=\"elementor-post__title\">\n\t\t\t<a href=\"https:\/\/www.proinas.com\/en\/2026\/02\/12\/dekapant-de-proinas-sas-el-decapante-liquido-profesional-para-soldaduras-impecables-en-aluminio-y-acero-inoxidable\/\" target=\"&quot;_blank&quot;\">\n\t\t\t\tDEKAPANT de Proinas SAS: el decapante l\u00edquido profesional para soldaduras impecables en aluminio y acero inoxidable\t\t\t<\/a>\n\t\t<\/h3>\n\t\t\t\t<div class=\"elementor-post__excerpt\">\n\t\t\t<p>En sectores industriales como la metalmec\u00e1nica, alimentos, farmac\u00e9utica, construcci\u00f3n y manufactura avanzada, la calidad de<\/p>\n\t\t<\/div>\n\t\t\t\t\t<div class=\"elementor-post__read-more-wrapper\">\n\t\t\n\t\t<a class=\"elementor-post__read-more\" href=\"https:\/\/www.proinas.com\/en\/2026\/02\/12\/dekapant-de-proinas-sas-el-decapante-liquido-profesional-para-soldaduras-impecables-en-aluminio-y-acero-inoxidable\/\" aria-label=\"Read more about DEKAPANT de Proinas SAS: el decapante l\u00edquido profesional para soldaduras impecables en aluminio y acero inoxidable\" tabindex=\"-1\" target=\"_blank\">\n\t\t\tLeer todo \u00bb\t\t<\/a>\n\n\t\t\t\t\t<\/div>\n\t\t\t\t<\/div>\n\t\t\t\t<div class=\"elementor-post__meta-data\">\n\t\t\t\t\t<span class=\"elementor-post-author\">\n\t\t\tMarketing\t\t<\/span>\n\t\t\t\t<span class=\"elementor-post-date\">\n\t\t\t12\/02\/2026\t\t<\/span>\n\t\t\t\t<\/div>\n\t\t\t\t\t<\/div>\n\t\t<\/article>\n\t\t\t\t<article class=\"elementor-post elementor-grid-item post-4966 post type-post status-publish format-standard has-post-thumbnail hentry category-articulo\">\n\t\t\t<div class=\"elementor-post__card\">\n\t\t\t\t<a class=\"elementor-post__thumbnail__link\" href=\"https:\/\/www.proinas.com\/en\/2026\/02\/12\/lubricante-seco-en-aerosol-con-bisulfuro-de-molibdeno-molisant-alto-desempeno-para-la-industria-moderna\/\" tabindex=\"-1\" target=\"_blank\"><div class=\"elementor-post__thumbnail\"><img decoding=\"async\" width=\"285\" height=\"177\" src=\"https:\/\/www.proinas.com\/wp-content\/uploads\/2026\/02\/images.jpeg\" class=\"attachment-medium size-medium wp-image-4967\" alt=\"\" srcset=\"https:\/\/www.proinas.com\/wp-content\/uploads\/2026\/02\/images.jpeg 285w, https:\/\/www.proinas.com\/wp-content\/uploads\/2026\/02\/images-18x12.jpeg 18w, https:\/\/www.proinas.com\/wp-content\/uploads\/2026\/02\/images-64x40.jpeg 64w\" sizes=\"(max-width: 285px) 100vw, 285px\" \/><\/div><\/a>\n\t\t\t\t<div class=\"elementor-post__badge\">Art\u00edculo<\/div>\n\t\t\t\t<div class=\"elementor-post__avatar\">\n\t\t\t<img alt='Marketing' src='https:\/\/secure.gravatar.com\/avatar\/5ed10eac84d7e0a606c2c411bcdb74bf448987babbe4d234c1e16b623bb11eb5?s=128&#038;d=mm&#038;r=g' srcset='https:\/\/secure.gravatar.com\/avatar\/5ed10eac84d7e0a606c2c411bcdb74bf448987babbe4d234c1e16b623bb11eb5?s=256&#038;d=mm&#038;r=g 2x' class='avatar avatar-128 photo' height='128' width='128' \/>\t\t<\/div>\n\t\t\t\t<div class=\"elementor-post__text\">\n\t\t\t\t<h3 class=\"elementor-post__title\">\n\t\t\t<a href=\"https:\/\/www.proinas.com\/en\/2026\/02\/12\/lubricante-seco-en-aerosol-con-bisulfuro-de-molibdeno-molisant-alto-desempeno-para-la-industria-moderna\/\" target=\"&quot;_blank&quot;\">\n\t\t\t\tLubricante seco en aerosol con Bisulfuro de Molibdeno MOLISANT: alto desempe\u00f1o para la industria moderna\t\t\t<\/a>\n\t\t<\/h3>\n\t\t\t\t<div class=\"elementor-post__excerpt\">\n\t\t\t<p>En los entornos industriales m\u00e1s exigentes, donde la fricci\u00f3n, las altas temperaturas y las cargas<\/p>\n\t\t<\/div>\n\t\t\t\t\t<div class=\"elementor-post__read-more-wrapper\">\n\t\t\n\t\t<a class=\"elementor-post__read-more\" href=\"https:\/\/www.proinas.com\/en\/2026\/02\/12\/lubricante-seco-en-aerosol-con-bisulfuro-de-molibdeno-molisant-alto-desempeno-para-la-industria-moderna\/\" aria-label=\"Read more about Lubricante seco en aerosol con Bisulfuro de Molibdeno MOLISANT: alto desempe\u00f1o para la industria moderna\" tabindex=\"-1\" target=\"_blank\">\n\t\t\tLeer todo \u00bb\t\t<\/a>\n\n\t\t\t\t\t<\/div>\n\t\t\t\t<\/div>\n\t\t\t\t<div class=\"elementor-post__meta-data\">\n\t\t\t\t\t<span class=\"elementor-post-author\">\n\t\t\tMarketing\t\t<\/span>\n\t\t\t\t<span class=\"elementor-post-date\">\n\t\t\t12\/02\/2026\t\t<\/span>\n\t\t\t\t<\/div>\n\t\t\t\t\t<\/div>\n\t\t<\/article>\n\t\t\t\t<article class=\"elementor-post elementor-grid-item post-4958 post type-post status-publish format-standard has-post-thumbnail hentry category-articulo\">\n\t\t\t<div class=\"elementor-post__card\">\n\t\t\t\t<a class=\"elementor-post__thumbnail__link\" href=\"https:\/\/www.proinas.com\/en\/2025\/10\/14\/ice-sant-desengrasante-y-desinfectante-aprobado-por-la-fda-para-cuartos-frios-en-colombia\/\" tabindex=\"-1\" target=\"_blank\"><div class=\"elementor-post__thumbnail\"><img decoding=\"async\" width=\"300\" height=\"186\" src=\"https:\/\/www.proinas.com\/wp-content\/uploads\/2025\/10\/Productos-1-300x186.png\" class=\"attachment-medium size-medium wp-image-4959\" alt=\"\" srcset=\"https:\/\/www.proinas.com\/wp-content\/uploads\/2025\/10\/Productos-1-300x186.png 300w, https:\/\/www.proinas.com\/wp-content\/uploads\/2025\/10\/Productos-1-1024x636.png 1024w, https:\/\/www.proinas.com\/wp-content\/uploads\/2025\/10\/Productos-1-768x477.png 768w, https:\/\/www.proinas.com\/wp-content\/uploads\/2025\/10\/Productos-1-18x12.png 18w, https:\/\/www.proinas.com\/wp-content\/uploads\/2025\/10\/Productos-1-600x373.png 600w, https:\/\/www.proinas.com\/wp-content\/uploads\/2025\/10\/Productos-1-64x40.png 64w, https:\/\/www.proinas.com\/wp-content\/uploads\/2025\/10\/Productos-1.png 1137w\" sizes=\"(max-width: 300px) 100vw, 300px\" \/><\/div><\/a>\n\t\t\t\t<div class=\"elementor-post__badge\">Art\u00edculo<\/div>\n\t\t\t\t<div class=\"elementor-post__avatar\">\n\t\t\t<img alt='Marketing' src='https:\/\/secure.gravatar.com\/avatar\/5ed10eac84d7e0a606c2c411bcdb74bf448987babbe4d234c1e16b623bb11eb5?s=128&#038;d=mm&#038;r=g' srcset='https:\/\/secure.gravatar.com\/avatar\/5ed10eac84d7e0a606c2c411bcdb74bf448987babbe4d234c1e16b623bb11eb5?s=256&#038;d=mm&#038;r=g 2x' class='avatar avatar-128 photo' height='128' width='128' \/>\t\t<\/div>\n\t\t\t\t<div class=\"elementor-post__text\">\n\t\t\t\t<h3 class=\"elementor-post__title\">\n\t\t\t<a href=\"https:\/\/www.proinas.com\/en\/2025\/10\/14\/ice-sant-desengrasante-y-desinfectante-aprobado-por-la-fda-para-cuartos-frios-en-colombia\/\" target=\"&quot;_blank&quot;\">\n\t\t\t\tICE SANT: Desengrasante y desinfectante aprobado por la FDA para cuartos fr\u00edos en Colombia\t\t\t<\/a>\n\t\t<\/h3>\n\t\t\t\t<div class=\"elementor-post__excerpt\">\n\t\t\t<p>En la industria alimentaria, farmac\u00e9utica y de log\u00edstica en fr\u00edo, mantener los cuartos fr\u00edos impecables<\/p>\n\t\t<\/div>\n\t\t\t\t\t<div class=\"elementor-post__read-more-wrapper\">\n\t\t\n\t\t<a class=\"elementor-post__read-more\" href=\"https:\/\/www.proinas.com\/en\/2025\/10\/14\/ice-sant-desengrasante-y-desinfectante-aprobado-por-la-fda-para-cuartos-frios-en-colombia\/\" aria-label=\"Read more about ICE SANT: Desengrasante y desinfectante aprobado por la FDA para cuartos fr\u00edos en Colombia\" tabindex=\"-1\" target=\"_blank\">\n\t\t\tLeer todo \u00bb\t\t<\/a>\n\n\t\t\t\t\t<\/div>\n\t\t\t\t<\/div>\n\t\t\t\t<div class=\"elementor-post__meta-data\">\n\t\t\t\t\t<span class=\"elementor-post-author\">\n\t\t\tMarketing\t\t<\/span>\n\t\t\t\t<span class=\"elementor-post-date\">\n\t\t\t14\/10\/2025\t\t<\/span>\n\t\t\t\t<\/div>\n\t\t\t\t\t<\/div>\n\t\t<\/article>\n\t\t\t\t<article class=\"elementor-post elementor-grid-item post-4955 post type-post status-publish format-standard has-post-thumbnail hentry category-articulo\">\n\t\t\t<div class=\"elementor-post__card\">\n\t\t\t\t<a class=\"elementor-post__thumbnail__link\" href=\"https:\/\/www.proinas.com\/en\/2025\/10\/14\/remove-de-proinas-sas-removedor-de-ceras-industriales-sin-residuos-amoniacales-para-pisos-impecables\/\" tabindex=\"-1\" target=\"_blank\"><div class=\"elementor-post__thumbnail\"><img loading=\"lazy\" decoding=\"async\" width=\"300\" height=\"186\" src=\"https:\/\/www.proinas.com\/wp-content\/uploads\/2025\/10\/Productos-300x186.png\" class=\"attachment-medium size-medium wp-image-4956\" alt=\"\" srcset=\"https:\/\/www.proinas.com\/wp-content\/uploads\/2025\/10\/Productos-300x186.png 300w, https:\/\/www.proinas.com\/wp-content\/uploads\/2025\/10\/Productos-1024x636.png 1024w, https:\/\/www.proinas.com\/wp-content\/uploads\/2025\/10\/Productos-768x477.png 768w, https:\/\/www.proinas.com\/wp-content\/uploads\/2025\/10\/Productos-18x12.png 18w, https:\/\/www.proinas.com\/wp-content\/uploads\/2025\/10\/Productos-600x373.png 600w, https:\/\/www.proinas.com\/wp-content\/uploads\/2025\/10\/Productos-64x40.png 64w, https:\/\/www.proinas.com\/wp-content\/uploads\/2025\/10\/Productos.png 1137w\" sizes=\"(max-width: 300px) 100vw, 300px\" \/><\/div><\/a>\n\t\t\t\t<div class=\"elementor-post__badge\">Art\u00edculo<\/div>\n\t\t\t\t<div class=\"elementor-post__avatar\">\n\t\t\t<img alt='Marketing' src='https:\/\/secure.gravatar.com\/avatar\/5ed10eac84d7e0a606c2c411bcdb74bf448987babbe4d234c1e16b623bb11eb5?s=128&#038;d=mm&#038;r=g' srcset='https:\/\/secure.gravatar.com\/avatar\/5ed10eac84d7e0a606c2c411bcdb74bf448987babbe4d234c1e16b623bb11eb5?s=256&#038;d=mm&#038;r=g 2x' class='avatar avatar-128 photo' height='128' width='128' \/>\t\t<\/div>\n\t\t\t\t<div class=\"elementor-post__text\">\n\t\t\t\t<h3 class=\"elementor-post__title\">\n\t\t\t<a href=\"https:\/\/www.proinas.com\/en\/2025\/10\/14\/remove-de-proinas-sas-removedor-de-ceras-industriales-sin-residuos-amoniacales-para-pisos-impecables\/\" target=\"&quot;_blank&quot;\">\n\t\t\t\tREMOVE de Proinas SAS: Removedor de ceras industriales sin residuos amoniacales para pisos impecables\t\t\t<\/a>\n\t\t<\/h3>\n\t\t\t\t<div class=\"elementor-post__excerpt\">\n\t\t\t<p>En hospitales, colegios, centros comerciales y plantas industriales de Colombia, los pisos son mucho m\u00e1s<\/p>\n\t\t<\/div>\n\t\t\t\t\t<div class=\"elementor-post__read-more-wrapper\">\n\t\t\n\t\t<a class=\"elementor-post__read-more\" href=\"https:\/\/www.proinas.com\/en\/2025\/10\/14\/remove-de-proinas-sas-removedor-de-ceras-industriales-sin-residuos-amoniacales-para-pisos-impecables\/\" aria-label=\"Read more about REMOVE de Proinas SAS: Removedor de ceras industriales sin residuos amoniacales para pisos impecables\" tabindex=\"-1\" target=\"_blank\">\n\t\t\tLeer todo \u00bb\t\t<\/a>\n\n\t\t\t\t\t<\/div>\n\t\t\t\t<\/div>\n\t\t\t\t<div class=\"elementor-post__meta-data\">\n\t\t\t\t\t<span class=\"elementor-post-author\">\n\t\t\tMarketing\t\t<\/span>\n\t\t\t\t<span class=\"elementor-post-date\">\n\t\t\t14\/10\/2025\t\t<\/span>\n\t\t\t\t<\/div>\n\t\t\t\t\t<\/div>\n\t\t<\/article>\n\t\t\t\t<article class=\"elementor-post elementor-grid-item post-4948 post type-post status-publish format-standard has-post-thumbnail hentry category-articulo\">\n\t\t\t<div class=\"elementor-post__card\">\n\t\t\t\t<a class=\"elementor-post__thumbnail__link\" href=\"https:\/\/www.proinas.com\/en\/2025\/08\/06\/clean-view-de-proinas-sas-verifica-la-limpieza-con-tecnologia-uv\/\" tabindex=\"-1\" target=\"_blank\"><div class=\"elementor-post__thumbnail\"><img loading=\"lazy\" decoding=\"async\" width=\"300\" height=\"254\" src=\"https:\/\/www.proinas.com\/wp-content\/uploads\/2025\/08\/WhatsApp-Image-2025-08-06-at-07.24.53-300x254.jpeg\" class=\"attachment-medium size-medium wp-image-4949\" alt=\"\" srcset=\"https:\/\/www.proinas.com\/wp-content\/uploads\/2025\/08\/WhatsApp-Image-2025-08-06-at-07.24.53-300x254.jpeg 300w, https:\/\/www.proinas.com\/wp-content\/uploads\/2025\/08\/WhatsApp-Image-2025-08-06-at-07.24.53-768x650.jpeg 768w, https:\/\/www.proinas.com\/wp-content\/uploads\/2025\/08\/WhatsApp-Image-2025-08-06-at-07.24.53-14x12.jpeg 14w, https:\/\/www.proinas.com\/wp-content\/uploads\/2025\/08\/WhatsApp-Image-2025-08-06-at-07.24.53-600x508.jpeg 600w, https:\/\/www.proinas.com\/wp-content\/uploads\/2025\/08\/WhatsApp-Image-2025-08-06-at-07.24.53-64x54.jpeg 64w, https:\/\/www.proinas.com\/wp-content\/uploads\/2025\/08\/WhatsApp-Image-2025-08-06-at-07.24.53.jpeg 828w\" sizes=\"(max-width: 300px) 100vw, 300px\" \/><\/div><\/a>\n\t\t\t\t<div class=\"elementor-post__badge\">Art\u00edculo<\/div>\n\t\t\t\t<div class=\"elementor-post__avatar\">\n\t\t\t<img alt='Marketing' src='https:\/\/secure.gravatar.com\/avatar\/5ed10eac84d7e0a606c2c411bcdb74bf448987babbe4d234c1e16b623bb11eb5?s=128&#038;d=mm&#038;r=g' srcset='https:\/\/secure.gravatar.com\/avatar\/5ed10eac84d7e0a606c2c411bcdb74bf448987babbe4d234c1e16b623bb11eb5?s=256&#038;d=mm&#038;r=g 2x' class='avatar avatar-128 photo' height='128' width='128' \/>\t\t<\/div>\n\t\t\t\t<div class=\"elementor-post__text\">\n\t\t\t\t<h3 class=\"elementor-post__title\">\n\t\t\t<a href=\"https:\/\/www.proinas.com\/en\/2025\/08\/06\/clean-view-de-proinas-sas-verifica-la-limpieza-con-tecnologia-uv\/\" target=\"&quot;_blank&quot;\">\n\t\t\t\tClean View de Proinas SAS: Verifica la limpieza con tecnolog\u00eda UV\t\t\t<\/a>\n\t\t<\/h3>\n\t\t\t\t<div class=\"elementor-post__excerpt\">\n\t\t\t<p>En ambientes donde la limpieza es cr\u00edtica \u2014como industrias alimentarias, hospitales, laboratorios o cocinas industriales\u2014<\/p>\n\t\t<\/div>\n\t\t\t\t\t<div class=\"elementor-post__read-more-wrapper\">\n\t\t\n\t\t<a class=\"elementor-post__read-more\" href=\"https:\/\/www.proinas.com\/en\/2025\/08\/06\/clean-view-de-proinas-sas-verifica-la-limpieza-con-tecnologia-uv\/\" aria-label=\"Read more about Clean View de Proinas SAS: Verifica la limpieza con tecnolog\u00eda UV\" tabindex=\"-1\" target=\"_blank\">\n\t\t\tLeer todo \u00bb\t\t<\/a>\n\n\t\t\t\t\t<\/div>\n\t\t\t\t<\/div>\n\t\t\t\t<div class=\"elementor-post__meta-data\">\n\t\t\t\t\t<span class=\"elementor-post-author\">\n\t\t\tMarketing\t\t<\/span>\n\t\t\t\t<span class=\"elementor-post-date\">\n\t\t\t06\/08\/2025\t\t<\/span>\n\t\t\t\t<\/div>\n\t\t\t\t\t<\/div>\n\t\t<\/article>\n\t\t\t\t<article class=\"elementor-post elementor-grid-item post-4945 post type-post status-publish format-standard has-post-thumbnail hentry category-articulo\">\n\t\t\t<div class=\"elementor-post__card\">\n\t\t\t\t<a class=\"elementor-post__thumbnail__link\" href=\"https:\/\/www.proinas.com\/en\/2025\/08\/05\/fungusant-de-proinas-sas-limpieza-profunda-desinfeccion-total-para-ambientes-exigentes\/\" tabindex=\"-1\" target=\"_blank\"><div class=\"elementor-post__thumbnail\"><img loading=\"lazy\" decoding=\"async\" width=\"300\" height=\"200\" src=\"https:\/\/www.proinas.com\/wp-content\/uploads\/2025\/08\/hombre-en-equipo-de-proteccion-desinfecta-con-pistola-aerosol-cocina-industrial-coronavirus-covid-se-una-superficies-debido-la-176449115-300x200.webp\" class=\"attachment-medium size-medium wp-image-4946\" alt=\"\" srcset=\"https:\/\/www.proinas.com\/wp-content\/uploads\/2025\/08\/hombre-en-equipo-de-proteccion-desinfecta-con-pistola-aerosol-cocina-industrial-coronavirus-covid-se-una-superficies-debido-la-176449115-300x200.webp 300w, https:\/\/www.proinas.com\/wp-content\/uploads\/2025\/08\/hombre-en-equipo-de-proteccion-desinfecta-con-pistola-aerosol-cocina-industrial-coronavirus-covid-se-una-superficies-debido-la-176449115-768x512.webp 768w, https:\/\/www.proinas.com\/wp-content\/uploads\/2025\/08\/hombre-en-equipo-de-proteccion-desinfecta-con-pistola-aerosol-cocina-industrial-coronavirus-covid-se-una-superficies-debido-la-176449115-18x12.webp 18w, https:\/\/www.proinas.com\/wp-content\/uploads\/2025\/08\/hombre-en-equipo-de-proteccion-desinfecta-con-pistola-aerosol-cocina-industrial-coronavirus-covid-se-una-superficies-debido-la-176449115-600x400.webp 600w, https:\/\/www.proinas.com\/wp-content\/uploads\/2025\/08\/hombre-en-equipo-de-proteccion-desinfecta-con-pistola-aerosol-cocina-industrial-coronavirus-covid-se-una-superficies-debido-la-176449115-64x43.webp 64w, https:\/\/www.proinas.com\/wp-content\/uploads\/2025\/08\/hombre-en-equipo-de-proteccion-desinfecta-con-pistola-aerosol-cocina-industrial-coronavirus-covid-se-una-superficies-debido-la-176449115.webp 800w\" sizes=\"(max-width: 300px) 100vw, 300px\" \/><\/div><\/a>\n\t\t\t\t<div class=\"elementor-post__badge\">Art\u00edculo<\/div>\n\t\t\t\t<div class=\"elementor-post__avatar\">\n\t\t\t<img alt='Marketing' src='https:\/\/secure.gravatar.com\/avatar\/5ed10eac84d7e0a606c2c411bcdb74bf448987babbe4d234c1e16b623bb11eb5?s=128&#038;d=mm&#038;r=g' srcset='https:\/\/secure.gravatar.com\/avatar\/5ed10eac84d7e0a606c2c411bcdb74bf448987babbe4d234c1e16b623bb11eb5?s=256&#038;d=mm&#038;r=g 2x' class='avatar avatar-128 photo' height='128' width='128' \/>\t\t<\/div>\n\t\t\t\t<div class=\"elementor-post__text\">\n\t\t\t\t<h3 class=\"elementor-post__title\">\n\t\t\t<a href=\"https:\/\/www.proinas.com\/en\/2025\/08\/05\/fungusant-de-proinas-sas-limpieza-profunda-desinfeccion-total-para-ambientes-exigentes\/\" target=\"&quot;_blank&quot;\">\n\t\t\t\tFungusant de Proinas SAS: Limpieza profunda, desinfecci\u00f3n total para ambientes exigentes.\t\t\t<\/a>\n\t\t<\/h3>\n\t\t\t\t<div class=\"elementor-post__excerpt\">\n\t\t\t<p>En espacios industriales, comerciales o institucionales, mantener condiciones sanitarias \u00f3ptimas no es negociable. Por eso,<\/p>\n\t\t<\/div>\n\t\t\t\t\t<div class=\"elementor-post__read-more-wrapper\">\n\t\t\n\t\t<a class=\"elementor-post__read-more\" href=\"https:\/\/www.proinas.com\/en\/2025\/08\/05\/fungusant-de-proinas-sas-limpieza-profunda-desinfeccion-total-para-ambientes-exigentes\/\" aria-label=\"Read more about Fungusant de Proinas SAS: Limpieza profunda, desinfecci\u00f3n total para ambientes exigentes.\" tabindex=\"-1\" target=\"_blank\">\n\t\t\tLeer todo \u00bb\t\t<\/a>\n\n\t\t\t\t\t<\/div>\n\t\t\t\t<\/div>\n\t\t\t\t<div class=\"elementor-post__meta-data\">\n\t\t\t\t\t<span class=\"elementor-post-author\">\n\t\t\tMarketing\t\t<\/span>\n\t\t\t\t<span class=\"elementor-post-date\">\n\t\t\t05\/08\/2025\t\t<\/span>\n\t\t\t\t<\/div>\n\t\t\t\t\t<\/div>\n\t\t<\/article>\n\t\t\t\t<\/div>\n\t\t\t\t\t<span class=\"e-load-more-spinner\">\n\t\t\t\t<i aria-hidden=\"true\" class=\"fas fa-spinner\"><\/i>\t\t\t<\/span>\n\t\t\n\t\t\t\t<div class=\"e-load-more-anchor\" data-page=\"1\" data-max-page=\"8\" data-next-page=\"https:\/\/www.proinas.com\/en\/wp-json\/wp\/v2\/pages\/3862\/page\/2\/\"><\/div>\n\t\t\t\t<div class=\"elementor-button-wrapper\">\n\t\t\t<a href=\"#\" class=\"elementor-button-link elementor-button\" role=\"button\">\n\t\t\t\t\t\t<span class=\"elementor-button-content-wrapper\">\n\t\t\t\t\t\t\t\t\t<span class=\"elementor-button-text\">Ver m\u00e1s<\/span>\n\t\t\t\t\t<\/span>\n\t\t\t\t\t<\/a>\n\t\t<\/div>\n\t\t\t\t<div class=\"e-load-more-message\"><\/div>\n\t\t\t\t\t\t<\/div>\n\t\t\t\t<\/div>\n\t\t\t\t\t<\/div>\n\t\t<\/div>\n\t\t\t\t\t<\/div>\n\t\t<\/section>\n\t\t\t\t<\/div>","protected":false},"excerpt":{"rendered":"","protected":false},"author":1,"featured_media":0,"parent":0,"menu_order":0,"comment_status":"closed","ping_status":"closed","template":"","meta":{"footnotes":""},"class_list":["post-3862","page","type-page","status-publish","hentry"],"_links":{"self":[{"href":"https:\/\/www.proinas.com\/en\/wp-json\/wp\/v2\/pages\/3862","targetHints":{"allow":["GET"]}}],"collection":[{"href":"https:\/\/www.proinas.com\/en\/wp-json\/wp\/v2\/pages"}],"about":[{"href":"https:\/\/www.proinas.com\/en\/wp-json\/wp\/v2\/types\/page"}],"author":[{"embeddable":true,"href":"https:\/\/www.proinas.com\/en\/wp-json\/wp\/v2\/users\/1"}],"replies":[{"embeddable":true,"href":"https:\/\/www.proinas.com\/en\/wp-json\/wp\/v2\/comments?post=3862"}],"version-history":[{"count":6,"href":"https:\/\/www.proinas.com\/en\/wp-json\/wp\/v2\/pages\/3862\/revisions"}],"predecessor-version":[{"id":4924,"href":"https:\/\/www.proinas.com\/en\/wp-json\/wp\/v2\/pages\/3862\/revisions\/4924"}],"wp:attachment":[{"href":"https:\/\/www.proinas.com\/en\/wp-json\/wp\/v2\/media?parent=3862"}],"curies":[{"name":"wp","href":"https:\/\/api.w.org\/{rel}","templated":true}]}}