{"id":3919,"date":"2023-09-24T04:16:55","date_gmt":"2023-09-24T04:16:55","guid":{"rendered":"https:\/\/www.proinas.com\/?page_id=3919"},"modified":"2023-09-25T01:06:49","modified_gmt":"2023-09-25T01:06:49","slug":"carrito-proinas","status":"publish","type":"page","link":"https:\/\/www.proinas.com\/en\/carrito-proinas\/","title":{"rendered":"Carrito proinas"},"content":{"rendered":"<div data-elementor-type=\"wp-page\" data-elementor-id=\"3919\" class=\"elementor elementor-3919\" data-elementor-post-type=\"page\">\n\t\t\t\t\t\t<section class=\"elementor-section elementor-top-section elementor-element elementor-element-71382a6b elementor-section-boxed elementor-section-height-default elementor-section-height-default\" data-id=\"71382a6b\" data-element_type=\"section\" data-e-type=\"section\">\n\t\t\t\t\t\t<div class=\"elementor-container elementor-column-gap-default\">\n\t\t\t\t\t<div class=\"elementor-column elementor-col-100 elementor-top-column elementor-element elementor-element-701c96ba\" data-id=\"701c96ba\" data-element_type=\"column\" data-e-type=\"column\">\n\t\t\t<div class=\"elementor-widget-wrap elementor-element-populated\">\n\t\t\t\t\t\t<div class=\"elementor-element elementor-element-7faa564 elementor-widget-divider--view-line_text elementor-widget-divider--element-align-left elementor-widget elementor-widget-divider\" data-id=\"7faa564\" data-element_type=\"widget\" data-e-type=\"widget\" data-widget_type=\"divider.default\">\n\t\t\t\t<div class=\"elementor-widget-container\">\n\t\t\t\t\t\t\t<div class=\"elementor-divider\">\n\t\t\t<span class=\"elementor-divider-separator\">\n\t\t\t\t\t\t\t<span class=\"elementor-divider__text elementor-divider__element\">\n\t\t\t\tCarrito de Compras\t\t\t\t<\/span>\n\t\t\t\t\t\t<\/span>\n\t\t<\/div>\n\t\t\t\t\t\t<\/div>\n\t\t\t\t<\/div>\n\t\t\t\t\t<\/div>\n\t\t<\/div>\n\t\t\t\t\t<\/div>\n\t\t<\/section>\n\t\t\t\t<\/div>","protected":false},"excerpt":{"rendered":"<p>Carrito de Compras Eliminar art\u00edculo Imagen en miniatura Producto Precio Cantidad Subtotal &times; SUPERGLASS &#36;98,000.00 SUPERGLASS cantidad &#36;98,000.00 Total en carrito Subtotal &#36;98,000.00 Env\u00edo Introduce tu direcci\u00f3n para ver las opciones de env\u00edo. Calcular env\u00edo Pa\u00eds o regi\u00f3n: Selecciona un pa\u00eds\/regi\u00f3n&hellip; Regi\u00f3n \/ Provincia: Elige una opci\u00f3n&hellip;AmazonasAntioquiaAraucaAtl\u00e1nticoBol\u00edvarBoyac\u00e1CaldasCaquet\u00e1CasanareCaucaCesarChoc\u00f3C\u00f3rdobaCundinamarcaDistrito CapitalGuain\u00edaGuaviareHuilaLa GuajiraMagdalenaMetaNari\u00f1oNorte de SantanderPutumayoQuind\u00edoRisaraldaSantanderSan Andr\u00e9s y ProvidenciaSucreTolimaValle del [&hellip;]<\/p>","protected":false},"author":1,"featured_media":0,"parent":0,"menu_order":0,"comment_status":"closed","ping_status":"closed","template":"","meta":{"footnotes":""},"class_list":["post-3919","page","type-page","status-publish","hentry"],"_links":{"self":[{"href":"https:\/\/www.proinas.com\/en\/wp-json\/wp\/v2\/pages\/3919","targetHints":{"allow":["GET"]}}],"collection":[{"href":"https:\/\/www.proinas.com\/en\/wp-json\/wp\/v2\/pages"}],"about":[{"href":"https:\/\/www.proinas.com\/en\/wp-json\/wp\/v2\/types\/page"}],"author":[{"embeddable":true,"href":"https:\/\/www.proinas.com\/en\/wp-json\/wp\/v2\/users\/1"}],"replies":[{"embeddable":true,"href":"https:\/\/www.proinas.com\/en\/wp-json\/wp\/v2\/comments?post=3919"}],"version-history":[{"count":0,"href":"https:\/\/www.proinas.com\/en\/wp-json\/wp\/v2\/pages\/3919\/revisions"}],"wp:attachment":[{"href":"https:\/\/www.proinas.com\/en\/wp-json\/wp\/v2\/media?parent=3919"}],"curies":[{"name":"wp","href":"https:\/\/api.w.org\/{rel}","templated":true}]}}