{"id":1254,"date":"2017-01-19T06:30:12","date_gmt":"2017-01-19T06:30:12","guid":{"rendered":"http:\/\/pronas.proinas.net\/producto\/santieze-cu\/"},"modified":"2022-04-07T23:43:37","modified_gmt":"2022-04-07T23:43:37","slug":"santieze-cu","status":"publish","type":"product","link":"https:\/\/www.proinas.com\/en\/product\/santieze-cu\/","title":{"rendered":"SANTIEZE CU"},"content":{"rendered":"<p style=\"text-align: justify;\"><strong>Compuesto anti-adherente y lubricante para alta temperatura a base de Cobre.<\/strong><\/p>\n<ul>\n<li style=\"text-align: justify;\">SANTIEZE CU al igual que SANTIEZE AL no es nocivo para el metal ni para los cauchos naturales o sint\u00e9ticos.<\/li>\n<li style=\"text-align: justify;\">No son corrosivos ni electrol\u00edticos, no contienen plomo ni siliconas.<\/li>\n<li style=\"text-align: justify;\">Aseguran una mejor protecci\u00f3n con una sola aplicaci\u00f3n.<\/li>\n<li style=\"text-align: justify;\">Aseguran una mejor lubricaci\u00f3n en condiciones extremas de presi\u00f3n y altas o bajas temperaturas, es de efecto prolongado.<\/li>\n<li style=\"text-align: justify;\">Se aplican en una pel\u00edcula continua y delgada hasta de 0.5 mm.<\/li>\n<\/ul>\n<p style=\"text-align: center;\"><a href=\"https:\/\/www.proinas.com\/wp-content\/uploads\/2022\/03\/SANTIEZE_CU_Ficha_Comercial-protegido.pdf\" target=\"_blank\" rel=\"noopener noreferrer\">FICHA COMERCIAL<\/a><\/p>","protected":false},"excerpt":{"rendered":"<p>Compuesto anti-adherente y lubricante para alta temperatura a base de Cobre. SANTIEZE CU al igual que SANTIEZE AL no es nocivo para el metal ni para los cauchos naturales o sint\u00e9ticos. No son corrosivos ni electrol\u00edticos, no contienen plomo ni siliconas. Aseguran una mejor protecci\u00f3n con una sola aplicaci\u00f3n. Aseguran una mejor lubricaci\u00f3n en condiciones [&hellip;]<\/p>","protected":false},"featured_media":3347,"template":"","meta":[],"product_brand":[],"product_cat":[11,169,151],"product_tag":[],"class_list":{"0":"post-1254","1":"product","2":"type-product","3":"status-publish","4":"has-post-thumbnail","6":"product_cat-antiadherente","7":"product_cat-antiadherentes-y-lubricantes-alimentos","8":"product_cat-antiadherentes-y-lubricantes-industrial","10":"first","11":"instock","12":"taxable","13":"shipping-taxable","14":"product-type-simple"},"_links":{"self":[{"href":"https:\/\/www.proinas.com\/en\/wp-json\/wp\/v2\/product\/1254","targetHints":{"allow":["GET"]}}],"collection":[{"href":"https:\/\/www.proinas.com\/en\/wp-json\/wp\/v2\/product"}],"about":[{"href":"https:\/\/www.proinas.com\/en\/wp-json\/wp\/v2\/types\/product"}],"wp:featuredmedia":[{"embeddable":true,"href":"https:\/\/www.proinas.com\/en\/wp-json\/wp\/v2\/media\/3347"}],"wp:attachment":[{"href":"https:\/\/www.proinas.com\/en\/wp-json\/wp\/v2\/media?parent=1254"}],"wp:term":[{"taxonomy":"product_brand","embeddable":true,"href":"https:\/\/www.proinas.com\/en\/wp-json\/wp\/v2\/product_brand?post=1254"},{"taxonomy":"product_cat","embeddable":true,"href":"https:\/\/www.proinas.com\/en\/wp-json\/wp\/v2\/product_cat?post=1254"},{"taxonomy":"product_tag","embeddable":true,"href":"https:\/\/www.proinas.com\/en\/wp-json\/wp\/v2\/product_tag?post=1254"}],"curies":[{"name":"wp","href":"https:\/\/api.w.org\/{rel}","templated":true}]}}