{"id":1255,"date":"2017-01-19T06:34:33","date_gmt":"2017-01-19T06:34:33","guid":{"rendered":"http:\/\/pronas.proinas.net\/producto\/dispenserproinas\/"},"modified":"2022-04-07T23:43:15","modified_gmt":"2022-04-07T23:43:15","slug":"dispenser","status":"publish","type":"product","link":"https:\/\/www.proinas.com\/en\/product\/dispenser\/","title":{"rendered":"DISPENSER LOTION O FOAM"},"content":{"rendered":"<p style=\"text-align: justify;\"><strong>Dispensador de Jab\u00f3n para manos, en Lotion o Foam en bolsa.<\/strong><\/p>\n<ul>\n<li style=\"text-align: justify;\">Ideal para la aplicaci\u00f3n de jabones desengrasantes y quir\u00fargicos y otros productos que no sean \u00e1cidos.<\/li>\n<li style=\"text-align: justify;\">Ligero: Pesa menos de media libra.<\/li>\n<li style=\"text-align: justify;\">No requiere bombeo excesivo.<\/li>\n<li style=\"text-align: justify;\">Econ\u00f3mico.<\/li>\n<li style=\"text-align: justify;\">F\u00e1cil de usar.<\/li>\n<li style=\"text-align: justify;\">Dise\u00f1ado para proporcionar la cantidad adecuada del producto, sin desperdiciarlo.<\/li>\n<\/ul>\n<p style=\"text-align: center;\">","protected":false},"excerpt":{"rendered":"<p>Dispensador de Jab\u00f3n para manos, en Lotion o Foam en bolsa. Ideal para la aplicaci\u00f3n de jabones desengrasantes y quir\u00fargicos y otros productos que no sean \u00e1cidos. Ligero: Pesa menos de media libra. No requiere bombeo excesivo. Econ\u00f3mico. F\u00e1cil de usar. Dise\u00f1ado para proporcionar la cantidad adecuada del producto, sin desperdiciarlo.<\/p>","protected":false},"featured_media":3347,"template":"","meta":[],"product_brand":[],"product_cat":[133,20,179,167],"product_tag":[],"class_list":{"0":"post-1255","1":"product","2":"type-product","3":"status-publish","4":"has-post-thumbnail","6":"product_cat-dispensadores","7":"product_cat-jabones-liquidos","8":"product_cat-limpiadores-alimentos","9":"product_cat-limpiadores-institucional","11":"first","12":"instock","13":"taxable","14":"shipping-taxable","15":"product-type-simple"},"_links":{"self":[{"href":"https:\/\/www.proinas.com\/en\/wp-json\/wp\/v2\/product\/1255","targetHints":{"allow":["GET"]}}],"collection":[{"href":"https:\/\/www.proinas.com\/en\/wp-json\/wp\/v2\/product"}],"about":[{"href":"https:\/\/www.proinas.com\/en\/wp-json\/wp\/v2\/types\/product"}],"wp:featuredmedia":[{"embeddable":true,"href":"https:\/\/www.proinas.com\/en\/wp-json\/wp\/v2\/media\/3347"}],"wp:attachment":[{"href":"https:\/\/www.proinas.com\/en\/wp-json\/wp\/v2\/media?parent=1255"}],"wp:term":[{"taxonomy":"product_brand","embeddable":true,"href":"https:\/\/www.proinas.com\/en\/wp-json\/wp\/v2\/product_brand?post=1255"},{"taxonomy":"product_cat","embeddable":true,"href":"https:\/\/www.proinas.com\/en\/wp-json\/wp\/v2\/product_cat?post=1255"},{"taxonomy":"product_tag","embeddable":true,"href":"https:\/\/www.proinas.com\/en\/wp-json\/wp\/v2\/product_tag?post=1255"}],"curies":[{"name":"wp","href":"https:\/\/api.w.org\/{rel}","templated":true}]}}