{"id":1258,"date":"2017-01-19T06:38:39","date_gmt":"2017-01-19T06:38:39","guid":{"rendered":"http:\/\/pronas.proinas.net\/producto\/santi-gunproinas\/"},"modified":"2022-04-07T23:42:48","modified_gmt":"2022-04-07T23:42:48","slug":"sant-gun","status":"publish","type":"product","link":"https:\/\/www.proinas.com\/en\/product\/sant-gun\/","title":{"rendered":"SANT GUN"},"content":{"rendered":"<p style=\"text-align: justify;\"><strong>Pistola roceadora de aire a presi\u00f3n.<\/strong><\/p>\n<ul>\n<li style=\"text-align: justify;\">Remueve con rapidez mugre, grasa y aceite de motores y otras piezas como generadores, maquinaria, etc.<\/li>\n<li style=\"text-align: justify;\">No requiere reajuste cuando es operado a presiones entre 35 y 175 libras.<\/li>\n<li style=\"text-align: justify;\">Ideal para usar con solventes, diel\u00e9ctricos y limpiadores emulsionables.<\/li>\n<li style=\"text-align: justify;\">Resiste ca\u00eddas y todas las partes funcionales y la v\u00e1lvula est\u00e1n dentro de la unidad sin botones, \u00e9mbolos o muelles evitando la acumulaci\u00f3n de dep\u00f3sitos.<\/li>\n<\/ul>\n<p style=\"text-align: center;\"><a href=\"http:\/\/proinas.com\/wp-content\/uploads\/2017\/01\/SANT_GUN_Ficha_Comercial.pdf\" target=\"_blank\" rel=\"noopener noreferrer\">FICHA COMERCIAL<\/a><\/p>","protected":false},"excerpt":{"rendered":"<p>Pistola roceadora de aire a presi\u00f3n. Remueve con rapidez mugre, grasa y aceite de motores y otras piezas como generadores, maquinaria, etc. No requiere reajuste cuando es operado a presiones entre 35 y 175 libras. Ideal para usar con solventes, diel\u00e9ctricos y limpiadores emulsionables. Resiste ca\u00eddas y todas las partes funcionales y la v\u00e1lvula est\u00e1n [&hellip;]<\/p>","protected":false},"featured_media":3347,"template":"","meta":[],"product_brand":[],"product_cat":[17],"product_tag":[],"class_list":{"0":"post-1258","1":"product","2":"type-product","3":"status-publish","4":"has-post-thumbnail","6":"product_cat-equipos-industriales","8":"first","9":"instock","10":"taxable","11":"shipping-taxable","12":"product-type-simple"},"_links":{"self":[{"href":"https:\/\/www.proinas.com\/en\/wp-json\/wp\/v2\/product\/1258","targetHints":{"allow":["GET"]}}],"collection":[{"href":"https:\/\/www.proinas.com\/en\/wp-json\/wp\/v2\/product"}],"about":[{"href":"https:\/\/www.proinas.com\/en\/wp-json\/wp\/v2\/types\/product"}],"wp:featuredmedia":[{"embeddable":true,"href":"https:\/\/www.proinas.com\/en\/wp-json\/wp\/v2\/media\/3347"}],"wp:attachment":[{"href":"https:\/\/www.proinas.com\/en\/wp-json\/wp\/v2\/media?parent=1258"}],"wp:term":[{"taxonomy":"product_brand","embeddable":true,"href":"https:\/\/www.proinas.com\/en\/wp-json\/wp\/v2\/product_brand?post=1258"},{"taxonomy":"product_cat","embeddable":true,"href":"https:\/\/www.proinas.com\/en\/wp-json\/wp\/v2\/product_cat?post=1258"},{"taxonomy":"product_tag","embeddable":true,"href":"https:\/\/www.proinas.com\/en\/wp-json\/wp\/v2\/product_tag?post=1258"}],"curies":[{"name":"wp","href":"https:\/\/api.w.org\/{rel}","templated":true}]}}