{"id":1261,"date":"2017-01-19T06:43:53","date_gmt":"2017-01-19T06:43:53","guid":{"rendered":"http:\/\/pronas.proinas.net\/producto\/sant-protector\/"},"modified":"2022-04-07T23:41:03","modified_gmt":"2022-04-07T23:41:03","slug":"sant-protector","status":"publish","type":"product","link":"https:\/\/www.proinas.com\/en\/product\/sant-protector\/","title":{"rendered":"SANT PROTECTOR"},"content":{"rendered":"<p style=\"text-align: justify;\"><strong>Capa protectora para tuber\u00edas de procesos petroqu\u00edmicos.<\/strong><\/p>\n<ul>\n<li style=\"text-align: justify;\">Es una combinaci\u00f3n de adictivos especiales para viscosidad, adhesividad y cohesividad; aditivos contra desgastes y presiones extremas e inhibidores de corrosi\u00f3n.<\/li>\n<\/ul>\n<p style=\"text-align: center;\"><a href=\"http:\/\/proinas.com\/wp-content\/uploads\/2017\/01\/SANT_PROTECTOR_Ficha_Comercial.pdf\" target=\"_blank\" rel=\"noopener noreferrer\">FICHA COMERCIAL<\/a><\/p>","protected":false},"excerpt":{"rendered":"<p>Capa protectora para tuber\u00edas de procesos petroqu\u00edmicos. Es una combinaci\u00f3n de adictivos especiales para viscosidad, adhesividad y cohesividad; aditivos contra desgastes y presiones extremas e inhibidores de corrosi\u00f3n. FICHA COMERCIAL<\/p>","protected":false},"featured_media":3347,"template":"","meta":[],"product_brand":[],"product_cat":[12],"product_tag":[],"class_list":{"0":"post-1261","1":"product","2":"type-product","3":"status-publish","4":"has-post-thumbnail","6":"product_cat-anticorrosivos-y-desoxidantes","8":"first","9":"instock","10":"taxable","11":"shipping-taxable","12":"product-type-simple"},"_links":{"self":[{"href":"https:\/\/www.proinas.com\/en\/wp-json\/wp\/v2\/product\/1261","targetHints":{"allow":["GET"]}}],"collection":[{"href":"https:\/\/www.proinas.com\/en\/wp-json\/wp\/v2\/product"}],"about":[{"href":"https:\/\/www.proinas.com\/en\/wp-json\/wp\/v2\/types\/product"}],"wp:featuredmedia":[{"embeddable":true,"href":"https:\/\/www.proinas.com\/en\/wp-json\/wp\/v2\/media\/3347"}],"wp:attachment":[{"href":"https:\/\/www.proinas.com\/en\/wp-json\/wp\/v2\/media?parent=1261"}],"wp:term":[{"taxonomy":"product_brand","embeddable":true,"href":"https:\/\/www.proinas.com\/en\/wp-json\/wp\/v2\/product_brand?post=1261"},{"taxonomy":"product_cat","embeddable":true,"href":"https:\/\/www.proinas.com\/en\/wp-json\/wp\/v2\/product_cat?post=1261"},{"taxonomy":"product_tag","embeddable":true,"href":"https:\/\/www.proinas.com\/en\/wp-json\/wp\/v2\/product_tag?post=1261"}],"curies":[{"name":"wp","href":"https:\/\/api.w.org\/{rel}","templated":true}]}}