{"id":1263,"date":"2017-01-19T06:55:04","date_gmt":"2017-01-19T06:55:04","guid":{"rendered":"http:\/\/pronas.proinas.net\/producto\/sant-epoxy\/"},"modified":"2022-04-07T23:40:42","modified_gmt":"2022-04-07T23:40:42","slug":"sant-epoxy","status":"publish","type":"product","link":"https:\/\/www.proinas.com\/en\/product\/sant-epoxy\/","title":{"rendered":"SANT EPOXY"},"content":{"rendered":"<p style=\"text-align: justify;\"><strong>Pintura ep\u00f3xica para superficies.<\/strong><\/p>\n<ul>\n<li style=\"text-align: justify;\">Es una pintura de dos componentes, a base de resinas Epoxy, formulada para mantener buena fluidez con alto contenido de s\u00f3lidos. Ello permite lograr una f\u00e1cil aplicaci\u00f3n en espesores gruesos por mano y una pel\u00edcula de notable resistencia qu\u00edmica.<\/li>\n<\/ul>\n<p style=\"text-align: center;\"><a href=\"https:\/\/www.proinas.com\/wp-content\/uploads\/2022\/03\/SANT_EPOXY_Ficha_Comercial-protegido.pdf\" target=\"_blank\" rel=\"noopener noreferrer\">FICHA COMERCIAL<\/a><\/p>","protected":false},"excerpt":{"rendered":"<p>Pintura ep\u00f3xica para superficies. Es una pintura de dos componentes, a base de resinas Epoxy, formulada para mantener buena fluidez con alto contenido de s\u00f3lidos. Ello permite lograr una f\u00e1cil aplicaci\u00f3n en espesores gruesos por mano y una pel\u00edcula de notable resistencia qu\u00edmica. FICHA COMERCIAL<\/p>","protected":false},"featured_media":3347,"template":"","meta":[],"product_brand":[],"product_cat":[170,152,12],"product_tag":[],"class_list":{"0":"post-1263","1":"product","2":"type-product","3":"status-publish","4":"has-post-thumbnail","6":"product_cat-anticorrosivos-y-biodesidantes-alimentos","7":"product_cat-anticorrosivos-y-biodesidantes-industrial","8":"product_cat-anticorrosivos-y-desoxidantes","10":"first","11":"instock","12":"taxable","13":"shipping-taxable","14":"product-type-simple"},"_links":{"self":[{"href":"https:\/\/www.proinas.com\/en\/wp-json\/wp\/v2\/product\/1263","targetHints":{"allow":["GET"]}}],"collection":[{"href":"https:\/\/www.proinas.com\/en\/wp-json\/wp\/v2\/product"}],"about":[{"href":"https:\/\/www.proinas.com\/en\/wp-json\/wp\/v2\/types\/product"}],"wp:featuredmedia":[{"embeddable":true,"href":"https:\/\/www.proinas.com\/en\/wp-json\/wp\/v2\/media\/3347"}],"wp:attachment":[{"href":"https:\/\/www.proinas.com\/en\/wp-json\/wp\/v2\/media?parent=1263"}],"wp:term":[{"taxonomy":"product_brand","embeddable":true,"href":"https:\/\/www.proinas.com\/en\/wp-json\/wp\/v2\/product_brand?post=1263"},{"taxonomy":"product_cat","embeddable":true,"href":"https:\/\/www.proinas.com\/en\/wp-json\/wp\/v2\/product_cat?post=1263"},{"taxonomy":"product_tag","embeddable":true,"href":"https:\/\/www.proinas.com\/en\/wp-json\/wp\/v2\/product_tag?post=1263"}],"curies":[{"name":"wp","href":"https:\/\/api.w.org\/{rel}","templated":true}]}}