{"id":1264,"date":"2017-01-19T06:59:57","date_gmt":"2017-01-19T06:59:57","guid":{"rendered":"http:\/\/pronas.proinas.net\/producto\/easy-clamp\/"},"modified":"2026-02-12T12:27:44","modified_gmt":"2026-02-12T17:27:44","slug":"easy-clamp","status":"publish","type":"product","link":"https:\/\/www.proinas.com\/en\/product\/easy-clamp\/","title":{"rendered":"EASY CLAMP AEROSOL"},"content":{"rendered":"<p style=\"text-align: justify;\"><strong>AGENTE AFLOJADOR Y PENETRANTE EN AEROSOL.<\/strong><\/p>\n<ul>\n<li style=\"text-align: justify;\">Penetra, desengrasa y afloja en una sola operaci\u00f3n, especial para limpiar residuos de grasa y polvo. No es flamable.<\/li>\n<li style=\"text-align: justify;\">Afloja tuercas, uniones y tornillos en segundos. Desprende el \u00f3xido y previene una futura corrosi\u00f3n.<\/li>\n<li style=\"text-align: justify;\">EASY\u00a0CLAMP se puede usar en las siguientes \u00e1reas:\u00a0Automotriz,\u00a0aviaci\u00f3n, maquinaria industrial, maquinaria agr\u00edcola, textileras,\u00a0electr\u00f3nicas, plomer\u00edas, talleres, equipos de construcci\u00f3n, marinas, departamentos\u00a0de drenaje, acueductos, l\u00edneas de petr\u00f3leo, perforadoras de agua y aceite, refiner\u00edas, flotas, pesqueras, etc.<\/li>\n<\/ul>\n<p style=\"text-align: center;\"><a href=\"https:\/\/proinas.com\/wp-content\/uploads\/2017\/01\/EASY_CLAMP_AEROSOL_Ficha_Comercial-protegido.pdf\" target=\"_blank\" rel=\"noopener noreferrer\">FICHA COMERCIAL<\/a><\/p>\n<p style=\"text-align: center;\"><a href=\"https:\/\/www.proinas.com\/en\/contact-us\/\" target=\"_blank\" rel=\"noopener noreferrer\">FICHA T\u00c9CNICA<\/a><\/p>\n<p style=\"text-align: center;\"><a href=\"https:\/\/www.proinas.com\/en\/contact-us\/\" target=\"_blank\" rel=\"noopener noreferrer\">FICHA SEGURIDAD<\/a><\/p>\n<p style=\"text-align: center;\"><a href=\"https:\/\/www.youtube.com\/watch?v=E0zSQ9lPwsE\" target=\"_blank\" rel=\"noopener noreferrer\">V\u00cdDEO DEMOSTRACI\u00d3N<\/a><\/p>","protected":false},"excerpt":{"rendered":"<p>AGENTE AFLOJADOR Y PENETRANTE EN AEROSOL. Penetra, desengrasa y afloja en una sola operaci\u00f3n, especial para limpiar residuos de grasa y polvo. No es flamable. Afloja tuercas, uniones y tornillos en segundos. Desprende el \u00f3xido y previene una futura corrosi\u00f3n. EASY\u00a0CLAMP se puede usar en las siguientes \u00e1reas:\u00a0Automotriz,\u00a0aviaci\u00f3n, maquinaria industrial, maquinaria agr\u00edcola, textileras,\u00a0electr\u00f3nicas, plomer\u00edas, talleres, [&hellip;]<\/p>","protected":false},"featured_media":3347,"template":"","meta":[],"product_brand":[],"product_cat":[138,170,152,12,121],"product_tag":[],"class_list":{"0":"post-1264","1":"product","2":"type-product","3":"status-publish","4":"has-post-thumbnail","6":"product_cat-aerosoles","7":"product_cat-anticorrosivos-y-biodesidantes-alimentos","8":"product_cat-anticorrosivos-y-biodesidantes-industrial","9":"product_cat-anticorrosivos-y-desoxidantes","10":"product_cat-tienda","12":"first","13":"instock","14":"taxable","15":"shipping-taxable","16":"product-type-simple"},"_links":{"self":[{"href":"https:\/\/www.proinas.com\/en\/wp-json\/wp\/v2\/product\/1264","targetHints":{"allow":["GET"]}}],"collection":[{"href":"https:\/\/www.proinas.com\/en\/wp-json\/wp\/v2\/product"}],"about":[{"href":"https:\/\/www.proinas.com\/en\/wp-json\/wp\/v2\/types\/product"}],"wp:featuredmedia":[{"embeddable":true,"href":"https:\/\/www.proinas.com\/en\/wp-json\/wp\/v2\/media\/3347"}],"wp:attachment":[{"href":"https:\/\/www.proinas.com\/en\/wp-json\/wp\/v2\/media?parent=1264"}],"wp:term":[{"taxonomy":"product_brand","embeddable":true,"href":"https:\/\/www.proinas.com\/en\/wp-json\/wp\/v2\/product_brand?post=1264"},{"taxonomy":"product_cat","embeddable":true,"href":"https:\/\/www.proinas.com\/en\/wp-json\/wp\/v2\/product_cat?post=1264"},{"taxonomy":"product_tag","embeddable":true,"href":"https:\/\/www.proinas.com\/en\/wp-json\/wp\/v2\/product_tag?post=1264"}],"curies":[{"name":"wp","href":"https:\/\/api.w.org\/{rel}","templated":true}]}}