{"id":1266,"date":"2017-01-19T07:04:59","date_gmt":"2017-01-19T07:04:59","guid":{"rendered":"http:\/\/pronas.proinas.net\/producto\/santicloro\/"},"modified":"2022-04-07T23:39:52","modified_gmt":"2022-04-07T23:39:52","slug":"santicloro","status":"publish","type":"product","link":"https:\/\/www.proinas.com\/en\/product\/santicloro\/","title":{"rendered":"SANTICLORO"},"content":{"rendered":"<p style=\"text-align: justify;\"><strong>Desengrasante biodegradable alcalino y clorado.<\/strong><\/p>\n<ul>\n<li style=\"text-align: justify;\">Es un producto desengrasante alcalino y clorado que consiste en una mezcla de agentes limpiadores, alcalin\u00edzate, inhibidores de corrosi\u00f3n y desinfectante en una matriz acuosa.<\/li>\n<li style=\"text-align: justify;\">\u00datil para la limpieza general de\u00a0superficies en empresas de alimentos.<\/li>\n<li style=\"text-align: justify;\">Especialmente formulado para el lavado\u00a0de pisos, paredes, salas de maquinas,\u00a0mesones, cocinas, utensilios, etc.<\/li>\n<\/ul>\n<p style=\"text-align: center;\"><a href=\"\/wp-content\/uploads\/2017\/tec\/SANTICLORO_tec.pdf\" target=\"_blank\" rel=\"noopener noreferrer\">F<\/a><a href=\"https:\/\/www.proinas.com\/wp-content\/uploads\/2022\/03\/SANTICLORO_Ficha_Comercial-protegido.pdf\" target=\"_blank\" rel=\"noopener noreferrer\">ICHA COMERCIAL<\/a><\/p>\n<p style=\"text-align: center;\"><a href=\"http:\/\/www.proinas.com\/en\/contact-us\/\">FICHA T\u00c9CNICA<\/a><\/p>\n<p style=\"text-align: center;\"><a href=\"http:\/\/www.proinas.com\/en\/contact-us\/\">FICHA SEGURIDAD<\/a><\/p>","protected":false},"excerpt":{"rendered":"<p>Desengrasante biodegradable alcalino y clorado. Es un producto desengrasante alcalino y clorado que consiste en una mezcla de agentes limpiadores, alcalin\u00edzate, inhibidores de corrosi\u00f3n y desinfectante en una matriz acuosa. \u00datil para la limpieza general de\u00a0superficies en empresas de alimentos. Especialmente formulado para el lavado\u00a0de pisos, paredes, salas de maquinas,\u00a0mesones, cocinas, utensilios, etc. FICHA COMERCIAL [&hellip;]<\/p>","protected":false},"featured_media":3347,"template":"","meta":[],"product_brand":[],"product_cat":[171,134],"product_tag":[],"class_list":{"0":"post-1266","1":"product","2":"type-product","3":"status-publish","4":"has-post-thumbnail","6":"product_cat-biodesengrsante-de-grado-alimenticio-alimentos","7":"product_cat-biodesengrasantes-linea-para-alimentos","9":"first","10":"instock","11":"taxable","12":"shipping-taxable","13":"product-type-simple"},"_links":{"self":[{"href":"https:\/\/www.proinas.com\/en\/wp-json\/wp\/v2\/product\/1266","targetHints":{"allow":["GET"]}}],"collection":[{"href":"https:\/\/www.proinas.com\/en\/wp-json\/wp\/v2\/product"}],"about":[{"href":"https:\/\/www.proinas.com\/en\/wp-json\/wp\/v2\/types\/product"}],"wp:featuredmedia":[{"embeddable":true,"href":"https:\/\/www.proinas.com\/en\/wp-json\/wp\/v2\/media\/3347"}],"wp:attachment":[{"href":"https:\/\/www.proinas.com\/en\/wp-json\/wp\/v2\/media?parent=1266"}],"wp:term":[{"taxonomy":"product_brand","embeddable":true,"href":"https:\/\/www.proinas.com\/en\/wp-json\/wp\/v2\/product_brand?post=1266"},{"taxonomy":"product_cat","embeddable":true,"href":"https:\/\/www.proinas.com\/en\/wp-json\/wp\/v2\/product_cat?post=1266"},{"taxonomy":"product_tag","embeddable":true,"href":"https:\/\/www.proinas.com\/en\/wp-json\/wp\/v2\/product_tag?post=1266"}],"curies":[{"name":"wp","href":"https:\/\/api.w.org\/{rel}","templated":true}]}}