{"id":1267,"date":"2017-01-19T07:07:39","date_gmt":"2017-01-19T07:07:39","guid":{"rendered":"http:\/\/pronas.proinas.net\/producto\/deter-clean\/"},"modified":"2022-04-07T23:39:29","modified_gmt":"2022-04-07T23:39:29","slug":"deter-clean","status":"publish","type":"product","link":"https:\/\/www.proinas.com\/en\/product\/deter-clean\/","title":{"rendered":"DETER CLEAN"},"content":{"rendered":"<p style=\"text-align: justify;\"><strong>Desengrasante neutro para empresas de alimentos.<\/strong><\/p>\n<ul>\n<li style=\"text-align: justify;\">Es un producto desengrasante que consiste en una mezcla de agentes tenso activos anic\u00f3nicos, emulsificantes y estabilizantes dentro de una soluci\u00f3n acuosa neutra.<\/li>\n<li style=\"text-align: justify;\">Es un producto efectivo en gran n\u00famero de superficies como acero inoxidable, pl\u00e1stico, concreto, baldosas, etc.<\/li>\n<\/ul>\n<p style=\"text-align: center;\"><a href=\"https:\/\/www.proinas.com\/wp-content\/uploads\/2022\/03\/DETER_CLEAN_Ficha_Comercial-1-protegido.pdf\" target=\"_blank\" rel=\"noopener noreferrer\">FICHA COMERCIAL<\/a><\/p>\n<p style=\"text-align: center;\"><a href=\"http:\/\/www.proinas.com\/en\/contact-us\/\">FICHA T\u00c9CNICA<\/a><\/p>\n<p style=\"text-align: center;\"><a href=\"http:\/\/www.proinas.com\/en\/contact-us\/\">FICHA SEGURIDAD<\/a><\/p>","protected":false},"excerpt":{"rendered":"<p>Desengrasante neutro para empresas de alimentos. Es un producto desengrasante que consiste en una mezcla de agentes tenso activos anic\u00f3nicos, emulsificantes y estabilizantes dentro de una soluci\u00f3n acuosa neutra. Es un producto efectivo en gran n\u00famero de superficies como acero inoxidable, pl\u00e1stico, concreto, baldosas, etc. FICHA COMERCIAL FICHA T\u00c9CNICA FICHA SEGURIDAD<\/p>","protected":false},"featured_media":3347,"template":"","meta":[],"product_brand":[],"product_cat":[171,134],"product_tag":[],"class_list":{"0":"post-1267","1":"product","2":"type-product","3":"status-publish","4":"has-post-thumbnail","6":"product_cat-biodesengrsante-de-grado-alimenticio-alimentos","7":"product_cat-biodesengrasantes-linea-para-alimentos","9":"first","10":"instock","11":"taxable","12":"shipping-taxable","13":"product-type-simple"},"_links":{"self":[{"href":"https:\/\/www.proinas.com\/en\/wp-json\/wp\/v2\/product\/1267","targetHints":{"allow":["GET"]}}],"collection":[{"href":"https:\/\/www.proinas.com\/en\/wp-json\/wp\/v2\/product"}],"about":[{"href":"https:\/\/www.proinas.com\/en\/wp-json\/wp\/v2\/types\/product"}],"wp:featuredmedia":[{"embeddable":true,"href":"https:\/\/www.proinas.com\/en\/wp-json\/wp\/v2\/media\/3347"}],"wp:attachment":[{"href":"https:\/\/www.proinas.com\/en\/wp-json\/wp\/v2\/media?parent=1267"}],"wp:term":[{"taxonomy":"product_brand","embeddable":true,"href":"https:\/\/www.proinas.com\/en\/wp-json\/wp\/v2\/product_brand?post=1267"},{"taxonomy":"product_cat","embeddable":true,"href":"https:\/\/www.proinas.com\/en\/wp-json\/wp\/v2\/product_cat?post=1267"},{"taxonomy":"product_tag","embeddable":true,"href":"https:\/\/www.proinas.com\/en\/wp-json\/wp\/v2\/product_tag?post=1267"}],"curies":[{"name":"wp","href":"https:\/\/api.w.org\/{rel}","templated":true}]}}