{"id":1268,"date":"2017-01-19T07:11:18","date_gmt":"2017-01-19T07:11:18","guid":{"rendered":"http:\/\/pronas.proinas.net\/producto\/desplasant\/"},"modified":"2022-04-07T23:39:06","modified_gmt":"2022-04-07T23:39:06","slug":"desplasant","status":"publish","type":"product","link":"https:\/\/www.proinas.com\/en\/product\/desplasant\/","title":{"rendered":"DESPLASANT"},"content":{"rendered":"<p style=\"text-align: justify;\"><strong>Compuesto para desalojar humedad de equipo el\u00e9ctrico.<\/strong><\/p>\n<ul>\n<li style=\"text-align: justify;\">DESPLASANT no es electro-conductivo, es estable mejora las propiedades el\u00e9ctricas de los componentes expuestos a la humedad-bater\u00edas, escobillas, conmutadores, contactos de motores, controles, sistemas de ignici\u00f3n, circuitos impresos, equipo de refrigeraci\u00f3n, transformadores, etc.<\/li>\n<li style=\"text-align: justify;\">Ayuda a prevenir fallas el\u00e9ctricas debidas a humedad.<\/li>\n<li style=\"text-align: justify;\">Mejora la eficiencia de operaci\u00f3n.<\/li>\n<li style=\"text-align: justify;\">Forma una pel\u00edcula protectora.<\/li>\n<li style=\"text-align: justify;\">Limpia y lubrica, ayudando a prevenir la corrosi\u00f3n y la herrumbre.<\/li>\n<li style=\"text-align: justify;\">Se aplica f\u00e1cilmente, economiza tiempo inactivo y costosas reparaciones.<\/li>\n<li style=\"text-align: justify;\">No causa combusti\u00f3n espont\u00e1nea.<\/li>\n<li style=\"text-align: justify;\">Prolonga la vida \u00fatil del equipo.<\/li>\n<\/ul>\n<p style=\"text-align: center;\"><a href=\"https:\/\/proinas.com\/wp-content\/uploads\/2017\/01\/DESPLASANT-AEROSOL-Ficha-Comercial.pdf\" target=\"_blank\" rel=\"noopener noreferrer\">FICHA COMERCIAL<\/a><\/p>\n<p style=\"text-align: center;\"><a href=\"http:\/\/www.proinas.com\/en\/contact-us\/\">FICHA T\u00c9CNICA<\/a><\/p>\n<p style=\"text-align: center;\"><a href=\"http:\/\/www.proinas.com\/en\/contact-us\/\">FICHA SEGURIDAD<\/a><\/p>\n<p style=\"text-align: center;\"><a href=\"https:\/\/www.youtube.com\/watch?v=p_ba123C3FQ\" target=\"_blank\" rel=\"noopener noreferrer\">V\u00cdDEO DEMOSTRACI\u00d3N<\/a><\/p>","protected":false},"excerpt":{"rendered":"<p>Compuesto para desalojar humedad de equipo el\u00e9ctrico. DESPLASANT no es electro-conductivo, es estable mejora las propiedades el\u00e9ctricas de los componentes expuestos a la humedad-bater\u00edas, escobillas, conmutadores, contactos de motores, controles, sistemas de ignici\u00f3n, circuitos impresos, equipo de refrigeraci\u00f3n, transformadores, etc. Ayuda a prevenir fallas el\u00e9ctricas debidas a humedad. Mejora la eficiencia de operaci\u00f3n. Forma una [&hellip;]<\/p>","protected":false},"featured_media":3347,"template":"","meta":[],"product_brand":[],"product_cat":[138,14],"product_tag":[],"class_list":{"0":"post-1268","1":"product","2":"type-product","3":"status-publish","4":"has-post-thumbnail","6":"product_cat-aerosoles","7":"product_cat-desplazador-de-humedad","9":"first","10":"instock","11":"taxable","12":"shipping-taxable","13":"product-type-simple"},"_links":{"self":[{"href":"https:\/\/www.proinas.com\/en\/wp-json\/wp\/v2\/product\/1268","targetHints":{"allow":["GET"]}}],"collection":[{"href":"https:\/\/www.proinas.com\/en\/wp-json\/wp\/v2\/product"}],"about":[{"href":"https:\/\/www.proinas.com\/en\/wp-json\/wp\/v2\/types\/product"}],"wp:featuredmedia":[{"embeddable":true,"href":"https:\/\/www.proinas.com\/en\/wp-json\/wp\/v2\/media\/3347"}],"wp:attachment":[{"href":"https:\/\/www.proinas.com\/en\/wp-json\/wp\/v2\/media?parent=1268"}],"wp:term":[{"taxonomy":"product_brand","embeddable":true,"href":"https:\/\/www.proinas.com\/en\/wp-json\/wp\/v2\/product_brand?post=1268"},{"taxonomy":"product_cat","embeddable":true,"href":"https:\/\/www.proinas.com\/en\/wp-json\/wp\/v2\/product_cat?post=1268"},{"taxonomy":"product_tag","embeddable":true,"href":"https:\/\/www.proinas.com\/en\/wp-json\/wp\/v2\/product_tag?post=1268"}],"curies":[{"name":"wp","href":"https:\/\/api.w.org\/{rel}","templated":true}]}}