{"id":1282,"date":"2017-01-19T07:21:49","date_gmt":"2017-01-19T07:21:49","guid":{"rendered":"http:\/\/pronas.proinas.net\/producto\/cal-clean\/"},"modified":"2022-04-07T23:38:24","modified_gmt":"2022-04-07T23:38:24","slug":"cal-clean","status":"publish","type":"product","link":"https:\/\/www.proinas.com\/en\/product\/cal-clean\/","title":{"rendered":"CAL CLEAN"},"content":{"rendered":"<p style=\"text-align: justify;\"><strong>Limpiador qu\u00edmico concentrado desincrustante para calderas, torres, shillers y condensadores.<\/strong><\/p>\n<ul>\n<li style=\"text-align: justify;\">Elimina dep\u00f3sitos de cal, incrustaciones, herrumbre y sedimentos minerales.<\/li>\n<li style=\"text-align: justify;\">Reduce los costos de limpieza; su mezcla presenta menos espumosidad.<\/li>\n<li style=\"text-align: justify;\">Concentraci\u00f3n \u00e1cida inhibida que act\u00faa en calderas durante su operaci\u00f3n para eliminar interrupciones de suciedad.<\/li>\n<li style=\"text-align: justify;\">Efectivo en la mayor\u00eda de las superficies met\u00e1licas, incluidas las de bronce y cobre.<\/li>\n<li style=\"text-align: justify;\">Penetra y disuelve dep\u00f3sitos persistentes.<\/li>\n<li style=\"text-align: justify;\">Usos en Camiones mezcladores, equipos met\u00e1licos y obras nuevas en ladrillo con exceso de concreto, mortero e incrustaciones; Torres de enfriamiento, l\u00edneas de agua de recirculaci\u00f3n y calderas con incrustaciones; Medidores de agua, bombas y l\u00edneas de vapor con incrustaciones; y Tuber\u00eda de bronce, cobre, uniones y tipos de imprenta con manchas y decoloraciones.<\/li>\n<\/ul>\n<p style=\"text-align: center;\"><a href=\"https:\/\/www.proinas.com\/wp-content\/uploads\/2022\/03\/CAL_CLEAN_Ficha_Comercial-protegido.pdf\" target=\"_blank\" rel=\"noopener noreferrer\">FICHA COMERCIAL<\/a><\/p>\n<p style=\"text-align: center;\"><a href=\"http:\/\/www.proinas.com\/en\/contact-us\/\">FICHA T\u00c9CNICA<\/a><\/p>\n<p style=\"text-align: center;\"><a href=\"http:\/\/www.proinas.com\/en\/contact-us\/\">FICHA SEGURIDAD<\/a><\/p>","protected":false},"excerpt":{"rendered":"<p>Limpiador qu\u00edmico concentrado desincrustante para calderas, torres, shillers y condensadores. Elimina dep\u00f3sitos de cal, incrustaciones, herrumbre y sedimentos minerales. Reduce los costos de limpieza; su mezcla presenta menos espumosidad. Concentraci\u00f3n \u00e1cida inhibida que act\u00faa en calderas durante su operaci\u00f3n para eliminar interrupciones de suciedad. Efectivo en la mayor\u00eda de las superficies met\u00e1licas, incluidas las de [&hellip;]<\/p>","protected":false},"featured_media":3347,"template":"","meta":[],"product_brand":[],"product_cat":[175,154,163,177,178,157,166,156,15,30,31],"product_tag":[],"class_list":{"0":"post-1282","1":"product","2":"type-product","3":"status-publish","4":"has-post-thumbnail","6":"product_cat-biodesincrustantes-alimentos","7":"product_cat-biodesincrustantes-industrial","8":"product_cat-biodesincrustantes-institucional","9":"product_cat-biotratamientos-para-calderas-alimentos","10":"product_cat-biotratamientos-para-equipos-de-enfriamiento-alimentos","11":"product_cat-biotratamientos-para-equipos-de-enfriamiento-industrial","12":"product_cat-biotratamientos-para-equipos-de-enfriamiento-institucional","13":"product_cat-biotratramiento-para-calderas-industrial","14":"product_cat-biodesincrustantes","15":"product_cat-biotratamiento-para-calderas-y-sistemas-de-enfriamiento","16":"product_cat-biotratamiento-para-pisos","18":"first","19":"instock","20":"taxable","21":"shipping-taxable","22":"product-type-simple"},"_links":{"self":[{"href":"https:\/\/www.proinas.com\/en\/wp-json\/wp\/v2\/product\/1282","targetHints":{"allow":["GET"]}}],"collection":[{"href":"https:\/\/www.proinas.com\/en\/wp-json\/wp\/v2\/product"}],"about":[{"href":"https:\/\/www.proinas.com\/en\/wp-json\/wp\/v2\/types\/product"}],"wp:featuredmedia":[{"embeddable":true,"href":"https:\/\/www.proinas.com\/en\/wp-json\/wp\/v2\/media\/3347"}],"wp:attachment":[{"href":"https:\/\/www.proinas.com\/en\/wp-json\/wp\/v2\/media?parent=1282"}],"wp:term":[{"taxonomy":"product_brand","embeddable":true,"href":"https:\/\/www.proinas.com\/en\/wp-json\/wp\/v2\/product_brand?post=1282"},{"taxonomy":"product_cat","embeddable":true,"href":"https:\/\/www.proinas.com\/en\/wp-json\/wp\/v2\/product_cat?post=1282"},{"taxonomy":"product_tag","embeddable":true,"href":"https:\/\/www.proinas.com\/en\/wp-json\/wp\/v2\/product_tag?post=1282"}],"curies":[{"name":"wp","href":"https:\/\/api.w.org\/{rel}","templated":true}]}}