{"id":1285,"date":"2017-01-19T07:24:14","date_gmt":"2017-01-19T07:24:14","guid":{"rendered":"http:\/\/pronas.proinas.net\/producto\/fungusant\/"},"modified":"2022-04-07T23:38:01","modified_gmt":"2022-04-07T23:38:01","slug":"fungusant","status":"publish","type":"product","link":"https:\/\/www.proinas.com\/en\/product\/fungusant\/","title":{"rendered":"FUNGUSANT"},"content":{"rendered":"<p style=\"text-align: justify;\"><strong>Biodesinfectante para Sistemas de Enfriamiento y Superficies en General.<\/strong><\/p>\n<ul>\n<li style=\"text-align: justify;\">Destruye las bacterias que producen el mal olor, elimina bacterias Gram. Positivas y Gram. Negativas; coeficiente de 5.<\/li>\n<li style=\"text-align: justify;\">Eliminaci\u00f3n de la LEGIONELLA.<\/li>\n<li style=\"text-align: justify;\">Limpia, desinfecta y desodoriza toda superficie lavable dejando una fragancia limpia a menta con la frescura del aire puro.<\/li>\n<li style=\"text-align: justify;\">Ayuda en el control del hongo de \u201cPie de atleta \u201c.<\/li>\n<li style=\"text-align: justify;\">Apl\u00edquelo con estopa, rociado, o esponja-no restriegue-no enjuague excepto en superficies que tengan contacto con alimentos.<\/li>\n<li style=\"text-align: justify;\">\u00daselo para la desinfecci\u00f3n de torres de enfriamiento, condensadores evaporativos, chillers, aires acondicionados, sistemas de distribuci\u00f3n de agua, jacuzzis, pisos y paredes de ba\u00f1os, en las plantas de alimentos, interiores de hospitales, cocinas, lavaplatos, cristales, fuentes de soda, refrigeradores, cuartos fr\u00edos, lavamanos, canecas y cuartos de basura.<\/li>\n<\/ul>\n<p style=\"text-align: center;\"><a href=\"https:\/\/www.proinas.com\/wp-content\/uploads\/2022\/03\/FUNGUSANT_Ficha_Comercial-protegido.pdf\" target=\"_blank\" rel=\"noopener noreferrer\">FICHA COMERCIAL<\/a><\/p>\n<p style=\"text-align: center;\"><a href=\"http:\/\/www.proinas.com\/en\/contact-us\/\">FICHA T\u00c9CNICA<\/a><\/p>\n<p style=\"text-align: center;\"><a href=\"http:\/\/www.proinas.com\/en\/contact-us\/\">FICHA SEGURIDAD<\/a><\/p>","protected":false},"excerpt":{"rendered":"<p>Biodesinfectante para Sistemas de Enfriamiento y Superficies en General. Destruye las bacterias que producen el mal olor, elimina bacterias Gram. Positivas y Gram. Negativas; coeficiente de 5. Eliminaci\u00f3n de la LEGIONELLA. Limpia, desinfecta y desodoriza toda superficie lavable dejando una fragancia limpia a menta con la frescura del aire puro. Ayuda en el control del [&hellip;]<\/p>","protected":false},"featured_media":3347,"template":"","meta":[],"product_brand":[],"product_cat":[155,165,16],"product_tag":[],"class_list":{"0":"post-1285","1":"product","2":"type-product","3":"status-publish","4":"has-post-thumbnail","6":"product_cat-biodesinfectantes-industrial","7":"product_cat-biodesinfectantes-institucional","8":"product_cat-biodesinfectantes-y-sanitizadores","10":"first","11":"instock","12":"taxable","13":"shipping-taxable","14":"product-type-simple"},"_links":{"self":[{"href":"https:\/\/www.proinas.com\/en\/wp-json\/wp\/v2\/product\/1285","targetHints":{"allow":["GET"]}}],"collection":[{"href":"https:\/\/www.proinas.com\/en\/wp-json\/wp\/v2\/product"}],"about":[{"href":"https:\/\/www.proinas.com\/en\/wp-json\/wp\/v2\/types\/product"}],"wp:featuredmedia":[{"embeddable":true,"href":"https:\/\/www.proinas.com\/en\/wp-json\/wp\/v2\/media\/3347"}],"wp:attachment":[{"href":"https:\/\/www.proinas.com\/en\/wp-json\/wp\/v2\/media?parent=1285"}],"wp:term":[{"taxonomy":"product_brand","embeddable":true,"href":"https:\/\/www.proinas.com\/en\/wp-json\/wp\/v2\/product_brand?post=1285"},{"taxonomy":"product_cat","embeddable":true,"href":"https:\/\/www.proinas.com\/en\/wp-json\/wp\/v2\/product_cat?post=1285"},{"taxonomy":"product_tag","embeddable":true,"href":"https:\/\/www.proinas.com\/en\/wp-json\/wp\/v2\/product_tag?post=1285"}],"curies":[{"name":"wp","href":"https:\/\/api.w.org\/{rel}","templated":true}]}}