{"id":1286,"date":"2017-01-19T07:26:34","date_gmt":"2017-01-19T07:26:34","guid":{"rendered":"http:\/\/pronas.proinas.net\/producto\/pipesant\/"},"modified":"2022-04-07T23:37:37","modified_gmt":"2022-04-07T23:37:37","slug":"pipe-plus","status":"publish","type":"product","link":"https:\/\/www.proinas.com\/en\/product\/pipe-plus\/","title":{"rendered":"PIPE PLUS"},"content":{"rendered":"<p style=\"text-align: justify;\"><strong>Destapador Liquido para Ca\u00f1er\u00edas obstruidas.<\/strong><\/p>\n<ul>\n<li style=\"text-align: justify;\">Acci\u00f3n Qu\u00edmica Disolvente, Destapa las Ca\u00f1er\u00edas y Mantiene Libres las l\u00edneas.<\/li>\n<li style=\"text-align: justify;\">Altamente concentrado-trabaja mediante acci\u00f3n qu\u00edmica en vez de calor y agitaci\u00f3n.<\/li>\n<li style=\"text-align: justify;\">Reduce los malos olores al mantener limpia las ca\u00f1er\u00edas.<\/li>\n<li style=\"text-align: justify;\">El mantenimiento preventivo ahorra tiempo y costos de mano de obra.<\/li>\n<li style=\"text-align: justify;\">Inofensivo a la mayor\u00eda de los materiales comunes (excepto en aluminio). Contiene inhibidores de corrosi\u00f3n.<\/li>\n<li style=\"text-align: justify;\">Aplicaciones en ca\u00f1er\u00edas de piso, ca\u00f1er\u00edas de 6 a 8 pulgadas, trampas de grasa, y pozos s\u00e9pticos.<\/li>\n<\/ul>\n<p style=\"text-align: center;\"><a href=\"https:\/\/www.proinas.com\/wp-content\/uploads\/2022\/03\/PIPE_PLUS_Ficha_Comercial-protegido.pdf\" target=\"_blank\" rel=\"noopener noreferrer\">FICHA COMERCIAL<\/a><\/p>\n<p style=\"text-align: center;\"><a href=\"http:\/\/www.proinas.com\/en\/contact-us\/\">FICHA T\u00c9CNICA<\/a><\/p>\n<p style=\"text-align: center;\"><a href=\"http:\/\/www.proinas.com\/en\/contact-us\/\">FICHA SEGURIDAD<\/a><\/p>","protected":false},"excerpt":{"rendered":"<p>Destapador Liquido para Ca\u00f1er\u00edas obstruidas. Acci\u00f3n Qu\u00edmica Disolvente, Destapa las Ca\u00f1er\u00edas y Mantiene Libres las l\u00edneas. Altamente concentrado-trabaja mediante acci\u00f3n qu\u00edmica en vez de calor y agitaci\u00f3n. Reduce los malos olores al mantener limpia las ca\u00f1er\u00edas. El mantenimiento preventivo ahorra tiempo y costos de mano de obra. Inofensivo a la mayor\u00eda de los materiales comunes [&hellip;]<\/p>","protected":false},"featured_media":3347,"template":"","meta":[],"product_brand":[],"product_cat":[175,154,163,15],"product_tag":[],"class_list":{"0":"post-1286","1":"product","2":"type-product","3":"status-publish","4":"has-post-thumbnail","6":"product_cat-biodesincrustantes-alimentos","7":"product_cat-biodesincrustantes-industrial","8":"product_cat-biodesincrustantes-institucional","9":"product_cat-biodesincrustantes","11":"first","12":"instock","13":"taxable","14":"shipping-taxable","15":"product-type-simple"},"_links":{"self":[{"href":"https:\/\/www.proinas.com\/en\/wp-json\/wp\/v2\/product\/1286","targetHints":{"allow":["GET"]}}],"collection":[{"href":"https:\/\/www.proinas.com\/en\/wp-json\/wp\/v2\/product"}],"about":[{"href":"https:\/\/www.proinas.com\/en\/wp-json\/wp\/v2\/types\/product"}],"wp:featuredmedia":[{"embeddable":true,"href":"https:\/\/www.proinas.com\/en\/wp-json\/wp\/v2\/media\/3347"}],"wp:attachment":[{"href":"https:\/\/www.proinas.com\/en\/wp-json\/wp\/v2\/media?parent=1286"}],"wp:term":[{"taxonomy":"product_brand","embeddable":true,"href":"https:\/\/www.proinas.com\/en\/wp-json\/wp\/v2\/product_brand?post=1286"},{"taxonomy":"product_cat","embeddable":true,"href":"https:\/\/www.proinas.com\/en\/wp-json\/wp\/v2\/product_cat?post=1286"},{"taxonomy":"product_tag","embeddable":true,"href":"https:\/\/www.proinas.com\/en\/wp-json\/wp\/v2\/product_tag?post=1286"}],"curies":[{"name":"wp","href":"https:\/\/api.w.org\/{rel}","templated":true}]}}