{"id":1292,"date":"2017-01-19T07:46:05","date_gmt":"2017-01-19T07:46:05","guid":{"rendered":"http:\/\/pronas.proinas.net\/producto\/sparky\/"},"modified":"2026-02-12T12:19:05","modified_gmt":"2026-02-12T17:19:05","slug":"sparky","status":"publish","type":"product","link":"https:\/\/www.proinas.com\/en\/product\/sparky\/","title":{"rendered":"SPARKY"},"content":{"rendered":"<p style=\"text-align: justify;\"><strong>Espumante para Jacussi.<\/strong><\/p>\n<ul>\n<li style=\"text-align: justify;\">Es un Germicida, no contiene fragancia.<\/li>\n<li style=\"text-align: justify;\">pH neutro.<\/li>\n<li style=\"text-align: justify;\">No reseca la piel ni produce escozor.<\/li>\n<li style=\"text-align: justify;\">Tambi\u00e9n se puede usar para detectar fugas en ductos y v\u00e1lvulas para gas.<\/li>\n<\/ul>\n<p style=\"text-align: center;\"><a href=\"http:\/\/proinas.com\/wp-content\/uploads\/2017\/01\/SPARKY_Ficha_Comercial.pdf\">FICHA COMERCIAL<\/a><\/p>\n<p style=\"text-align: center;\"><a href=\"http:\/\/www.proinas.com\/en\/contact-us\/\">FICHA T\u00c9CNICA<\/a><\/p>\n<p style=\"text-align: center;\"><a href=\"http:\/\/www.proinas.com\/en\/contact-us\/\">FICHA SEGURIDAD<\/a><\/p>","protected":false},"excerpt":{"rendered":"<p>Espumante para Jacussi. Es un Germicida, no contiene fragancia. pH neutro. No reseca la piel ni produce escozor. Tambi\u00e9n se puede usar para detectar fugas en ductos y v\u00e1lvulas para gas. FICHA COMERCIAL FICHA T\u00c9CNICA FICHA SEGURIDAD<\/p>","protected":false},"featured_media":3347,"template":"","meta":[],"product_brand":[],"product_cat":[165,16,18,121],"product_tag":[],"class_list":{"0":"post-1292","1":"product","2":"type-product","3":"status-publish","4":"has-post-thumbnail","6":"product_cat-biodesinfectantes-institucional","7":"product_cat-biodesinfectantes-y-sanitizadores","8":"product_cat-espumantes","9":"product_cat-tienda","11":"first","12":"instock","13":"taxable","14":"shipping-taxable","15":"product-type-simple"},"_links":{"self":[{"href":"https:\/\/www.proinas.com\/en\/wp-json\/wp\/v2\/product\/1292","targetHints":{"allow":["GET"]}}],"collection":[{"href":"https:\/\/www.proinas.com\/en\/wp-json\/wp\/v2\/product"}],"about":[{"href":"https:\/\/www.proinas.com\/en\/wp-json\/wp\/v2\/types\/product"}],"wp:featuredmedia":[{"embeddable":true,"href":"https:\/\/www.proinas.com\/en\/wp-json\/wp\/v2\/media\/3347"}],"wp:attachment":[{"href":"https:\/\/www.proinas.com\/en\/wp-json\/wp\/v2\/media?parent=1292"}],"wp:term":[{"taxonomy":"product_brand","embeddable":true,"href":"https:\/\/www.proinas.com\/en\/wp-json\/wp\/v2\/product_brand?post=1292"},{"taxonomy":"product_cat","embeddable":true,"href":"https:\/\/www.proinas.com\/en\/wp-json\/wp\/v2\/product_cat?post=1292"},{"taxonomy":"product_tag","embeddable":true,"href":"https:\/\/www.proinas.com\/en\/wp-json\/wp\/v2\/product_tag?post=1292"}],"curies":[{"name":"wp","href":"https:\/\/api.w.org\/{rel}","templated":true}]}}