{"id":1304,"date":"2017-01-19T07:50:52","date_gmt":"2017-01-19T07:50:52","guid":{"rendered":"http:\/\/pronas.proinas.net\/producto\/galvazinc\/"},"modified":"2022-04-07T23:32:41","modified_gmt":"2022-04-07T23:32:41","slug":"galvazinc","status":"publish","type":"product","link":"https:\/\/www.proinas.com\/en\/product\/galvazinc\/","title":{"rendered":"GALVAZINC AEROSOL"},"content":{"rendered":"<p style=\"text-align: justify;\"><b>Galvanizador en Fr\u00edo.<\/b><\/p>\n<ul>\n<li style=\"text-align: justify;\">GALVAZINC es un acabado de Zinc met\u00e1lico altamente concentrado, que se convierte en parte integral del metal para prevenir la corrosi\u00f3n y el \u00f3xido.<\/li>\n<li style=\"text-align: justify;\">GALVAZINC es m\u00e1s permanente que una pintura o un PRIMER, los cuales pueden deteriorarse y eventualmente desprenderse.<\/li>\n<li style=\"text-align: justify;\">No se hace quebradizo, ni se descascara, es m\u00e1s flexible que la pintura.<\/li>\n<\/ul>\n<p style=\"text-align: center;\"><a href=\"https:\/\/www.proinas.com\/wp-content\/uploads\/2022\/03\/GALVAZINC_AEROSOL_Ficha_Comercial-protegido.pdf\" target=\"_blank\" rel=\"noopener noreferrer\">FICHA COMERCIAL<\/a><\/p>\n<p style=\"text-align: center;\"><a href=\"https:\/\/www.proinas.com\/en\/contact-us\/\" target=\"_blank\" rel=\"noopener noreferrer\">FICHA T\u00c9CNICA<\/a><\/p>\n<p style=\"text-align: center;\"><a href=\"https:\/\/www.proinas.com\/en\/contact-us\/\" target=\"_blank\" rel=\"noopener noreferrer\">FICHA SEGURIDAD<\/a><\/p>\n<p style=\"text-align: center;\"><a href=\"https:\/\/www.youtube.com\/watch?v=aug05rdrY-Y\" target=\"_blank\" rel=\"noopener noreferrer\">VIDEO DEMOSTRACI\u00d3N<\/a><\/p>","protected":false},"excerpt":{"rendered":"<p>Galvanizador en Fr\u00edo. GALVAZINC es un acabado de Zinc met\u00e1lico altamente concentrado, que se convierte en parte integral del metal para prevenir la corrosi\u00f3n y el \u00f3xido. GALVAZINC es m\u00e1s permanente que una pintura o un PRIMER, los cuales pueden deteriorarse y eventualmente desprenderse. No se hace quebradizo, ni se descascara, es m\u00e1s flexible que [&hellip;]<\/p>","protected":false},"featured_media":3347,"template":"","meta":[],"product_brand":[],"product_cat":[138,170,152,19],"product_tag":[],"class_list":{"0":"post-1304","1":"product","2":"type-product","3":"status-publish","4":"has-post-thumbnail","6":"product_cat-aerosoles","7":"product_cat-anticorrosivos-y-biodesidantes-alimentos","8":"product_cat-anticorrosivos-y-biodesidantes-industrial","9":"product_cat-galvanizador-en-frio","11":"first","12":"instock","13":"taxable","14":"shipping-taxable","15":"product-type-simple"},"_links":{"self":[{"href":"https:\/\/www.proinas.com\/en\/wp-json\/wp\/v2\/product\/1304","targetHints":{"allow":["GET"]}}],"collection":[{"href":"https:\/\/www.proinas.com\/en\/wp-json\/wp\/v2\/product"}],"about":[{"href":"https:\/\/www.proinas.com\/en\/wp-json\/wp\/v2\/types\/product"}],"wp:featuredmedia":[{"embeddable":true,"href":"https:\/\/www.proinas.com\/en\/wp-json\/wp\/v2\/media\/3347"}],"wp:attachment":[{"href":"https:\/\/www.proinas.com\/en\/wp-json\/wp\/v2\/media?parent=1304"}],"wp:term":[{"taxonomy":"product_brand","embeddable":true,"href":"https:\/\/www.proinas.com\/en\/wp-json\/wp\/v2\/product_brand?post=1304"},{"taxonomy":"product_cat","embeddable":true,"href":"https:\/\/www.proinas.com\/en\/wp-json\/wp\/v2\/product_cat?post=1304"},{"taxonomy":"product_tag","embeddable":true,"href":"https:\/\/www.proinas.com\/en\/wp-json\/wp\/v2\/product_tag?post=1304"}],"curies":[{"name":"wp","href":"https:\/\/api.w.org\/{rel}","templated":true}]}}