{"id":1306,"date":"2017-01-19T07:56:16","date_gmt":"2017-01-19T07:56:16","guid":{"rendered":"http:\/\/pronas.proinas.net\/producto\/medicare\/"},"modified":"2022-04-07T23:30:14","modified_gmt":"2022-04-07T23:30:14","slug":"medicare","status":"publish","type":"product","link":"https:\/\/www.proinas.com\/en\/product\/medicare\/","title":{"rendered":"MEDICARE"},"content":{"rendered":"<p style=\"text-align: justify;\"><strong>Jab\u00f3n Quir\u00fargico para manos.<\/strong><\/p>\n<ul>\n<li style=\"text-align: justify;\">Evita la propagaci\u00f3n de g\u00e9rmenes mientras limpia y acondiciona las manos.<\/li>\n<li style=\"text-align: justify;\">Su f\u00f3rmula antibacterial y de limpieza profunda hace que tenga m\u00faltiples usos como la limpieza de utensilios que sean manipulados, reduciendo los riesgos de peligrosas infecciones.<\/li>\n<li style=\"text-align: justify;\">MEDICARE es la combinaci\u00f3n adecuada para la protecci\u00f3n y somatizaci\u00f3n dejando en sus manos una agradable fragancia.<\/li>\n<li style=\"text-align: justify;\">Solo una peque\u00f1a cantidad de producto es necesaria para limpiar, desinfectar y acondicionar las manos.<\/li>\n<li style=\"text-align: justify;\">Se recomienda su uso en hospitales, laboratorios, hoteles, plantas industriales, cultivos, funerarias y dem\u00e1s \u00e1reas donde se necesite controlar las bacterias.<\/li>\n<\/ul>\n<p style=\"text-align: center;\"><a href=\"http:\/\/proinas.com\/wp-content\/uploads\/2017\/01\/MEDICARE_Ficha_Comercial.pdf\" target=\"_blank\" rel=\"noopener noreferrer\">FICHA COMERCIAL<\/a><\/p>\n<p style=\"text-align: center;\"><a href=\"http:\/\/www.proinas.com\/en\/contact-us\/\">FICHA T\u00c9CNICA<\/a><\/p>\n<p style=\"text-align: center;\"><a href=\"http:\/\/www.proinas.com\/en\/contact-us\/\">FICHA SEGURIDAD<\/a><\/p>","protected":false},"excerpt":{"rendered":"<p>Jab\u00f3n Quir\u00fargico para manos. Evita la propagaci\u00f3n de g\u00e9rmenes mientras limpia y acondiciona las manos. Su f\u00f3rmula antibacterial y de limpieza profunda hace que tenga m\u00faltiples usos como la limpieza de utensilios que sean manipulados, reduciendo los riesgos de peligrosas infecciones. MEDICARE es la combinaci\u00f3n adecuada para la protecci\u00f3n y somatizaci\u00f3n dejando en sus manos [&hellip;]<\/p>","protected":false},"featured_media":3347,"template":"","meta":[],"product_brand":[],"product_cat":[20],"product_tag":[],"class_list":{"0":"post-1306","1":"product","2":"type-product","3":"status-publish","4":"has-post-thumbnail","6":"product_cat-jabones-liquidos","8":"first","9":"instock","10":"taxable","11":"shipping-taxable","12":"product-type-simple"},"_links":{"self":[{"href":"https:\/\/www.proinas.com\/en\/wp-json\/wp\/v2\/product\/1306","targetHints":{"allow":["GET"]}}],"collection":[{"href":"https:\/\/www.proinas.com\/en\/wp-json\/wp\/v2\/product"}],"about":[{"href":"https:\/\/www.proinas.com\/en\/wp-json\/wp\/v2\/types\/product"}],"wp:featuredmedia":[{"embeddable":true,"href":"https:\/\/www.proinas.com\/en\/wp-json\/wp\/v2\/media\/3347"}],"wp:attachment":[{"href":"https:\/\/www.proinas.com\/en\/wp-json\/wp\/v2\/media?parent=1306"}],"wp:term":[{"taxonomy":"product_brand","embeddable":true,"href":"https:\/\/www.proinas.com\/en\/wp-json\/wp\/v2\/product_brand?post=1306"},{"taxonomy":"product_cat","embeddable":true,"href":"https:\/\/www.proinas.com\/en\/wp-json\/wp\/v2\/product_cat?post=1306"},{"taxonomy":"product_tag","embeddable":true,"href":"https:\/\/www.proinas.com\/en\/wp-json\/wp\/v2\/product_tag?post=1306"}],"curies":[{"name":"wp","href":"https:\/\/api.w.org\/{rel}","templated":true}]}}