{"id":1310,"date":"2017-01-19T08:06:44","date_gmt":"2017-01-19T08:06:44","guid":{"rendered":"http:\/\/pronas.proinas.net\/producto\/sant-gel\/"},"modified":"2022-04-07T23:26:51","modified_gmt":"2022-04-07T23:26:51","slug":"sant-gel","status":"publish","type":"product","link":"https:\/\/www.proinas.com\/en\/product\/sant-gel\/","title":{"rendered":"SANT GEL"},"content":{"rendered":"<p style=\"text-align: justify;\"><strong>Gel Antibacterial para Manos de Secado R\u00e1pido.<\/strong><\/p>\n<ul>\n<li style=\"text-align: justify;\">Gel antibacterial y humectante para manos. Presenta la manera m\u00e1s pr\u00e1ctica de mantener una higiene a cualquier hora del d\u00eda y en cualquier lugar.<\/li>\n<li style=\"text-align: justify;\">R\u00e1pida y efectiva acci\u00f3n de desinfecci\u00f3n en plantas de alimentos, cl\u00ednicas, hospitales, y dem\u00e1s.<\/li>\n<\/ul>\n<p style=\"text-align: center;\"><a href=\"https:\/\/www.proinas.com\/wp-content\/uploads\/2022\/03\/SANT_GEL_Ficha_Comercial-protegido.pdf\" target=\"_blank\" rel=\"noopener noreferrer\">FICHA COMERCIAL<\/a><\/p>\n<p style=\"text-align: center;\"><a href=\"http:\/\/www.proinas.com\/en\/contact-us\/\">FICHA T\u00c9CNICA<\/a><\/p>\n<p style=\"text-align: center;\"><a href=\"http:\/\/www.proinas.com\/en\/contact-us\/\">FICHA SEGURIDAD<\/a><\/p>","protected":false},"excerpt":{"rendered":"<p>Gel Antibacterial para Manos de Secado R\u00e1pido. Gel antibacterial y humectante para manos. Presenta la manera m\u00e1s pr\u00e1ctica de mantener una higiene a cualquier hora del d\u00eda y en cualquier lugar. R\u00e1pida y efectiva acci\u00f3n de desinfecci\u00f3n en plantas de alimentos, cl\u00ednicas, hospitales, y dem\u00e1s. FICHA COMERCIAL FICHA T\u00c9CNICA FICHA SEGURIDAD<\/p>","protected":false},"featured_media":3347,"template":"","meta":[],"product_brand":[],"product_cat":[20,172],"product_tag":[],"class_list":{"0":"post-1310","1":"product","2":"type-product","3":"status-publish","4":"has-post-thumbnail","6":"product_cat-jabones-liquidos","7":"product_cat-jabones-liquidos-alimentos","9":"first","10":"instock","11":"taxable","12":"shipping-taxable","13":"product-type-simple"},"_links":{"self":[{"href":"https:\/\/www.proinas.com\/en\/wp-json\/wp\/v2\/product\/1310","targetHints":{"allow":["GET"]}}],"collection":[{"href":"https:\/\/www.proinas.com\/en\/wp-json\/wp\/v2\/product"}],"about":[{"href":"https:\/\/www.proinas.com\/en\/wp-json\/wp\/v2\/types\/product"}],"wp:featuredmedia":[{"embeddable":true,"href":"https:\/\/www.proinas.com\/en\/wp-json\/wp\/v2\/media\/3347"}],"wp:attachment":[{"href":"https:\/\/www.proinas.com\/en\/wp-json\/wp\/v2\/media?parent=1310"}],"wp:term":[{"taxonomy":"product_brand","embeddable":true,"href":"https:\/\/www.proinas.com\/en\/wp-json\/wp\/v2\/product_brand?post=1310"},{"taxonomy":"product_cat","embeddable":true,"href":"https:\/\/www.proinas.com\/en\/wp-json\/wp\/v2\/product_cat?post=1310"},{"taxonomy":"product_tag","embeddable":true,"href":"https:\/\/www.proinas.com\/en\/wp-json\/wp\/v2\/product_tag?post=1310"}],"curies":[{"name":"wp","href":"https:\/\/api.w.org\/{rel}","templated":true}]}}