{"id":1318,"date":"2017-01-19T08:17:14","date_gmt":"2017-01-19T08:17:14","guid":{"rendered":"http:\/\/pronas.proinas.net\/producto\/santidress-r\/"},"modified":"2023-09-21T16:12:34","modified_gmt":"2023-09-21T16:12:34","slug":"rusted-textil","status":"publish","type":"product","link":"https:\/\/www.proinas.com\/en\/product\/rusted-textil\/","title":{"rendered":"RUSTED TEXTIL"},"content":{"rendered":"<p style=\"text-align: justify;\"><strong>Removedor Textil de \u00d3xido.<\/strong><\/p>\n<ul>\n<li style=\"text-align: justify;\">RUSTED\u00a0cuenta con agentes pasivizadores que no afectan\u00a0las fibras textiles.<\/li>\n<li style=\"text-align: justify;\">RUSTED\u00a0no tiene fragancia.<\/li>\n<li style=\"text-align: justify;\">RUSTED\u00a0es de r\u00e1pido y de f\u00e1cil enjuague.<\/li>\n<\/ul>\n<p style=\"text-align: center;\"><a href=\"http:\/\/proinas.com\/wp-content\/uploads\/2017\/01\/RUSTED_Ficha_Comercial-1.pdf\" target=\"_blank\" rel=\"noopener noreferrer\">FICHA COMERCIAL<\/a><\/p>\n<p style=\"text-align: center;\"><a href=\"http:\/\/www.proinas.com\/en\/contact-us\/\">FICHA T\u00c9CNICA<\/a><\/p>\n<p style=\"text-align: center;\"><a href=\"http:\/\/www.proinas.com\/en\/contact-us\/\">FICHA SEGURIDAD<\/a><\/p>","protected":false},"excerpt":{"rendered":"<p>Removedor Textil de \u00d3xido. RUSTED\u00a0cuenta con agentes pasivizadores que no afectan\u00a0las fibras textiles. RUSTED\u00a0no tiene fragancia. RUSTED\u00a0es de r\u00e1pido y de f\u00e1cil enjuague. FICHA COMERCIAL FICHA T\u00c9CNICA FICHA SEGURIDAD<\/p>","protected":false},"featured_media":3347,"template":"","meta":[],"product_brand":[],"product_cat":[22],"product_tag":[],"class_list":{"0":"post-1318","1":"product","2":"type-product","3":"status-publish","4":"has-post-thumbnail","6":"product_cat-biotratamiento-para-lavanderia","8":"first","9":"instock","10":"taxable","11":"shipping-taxable","12":"product-type-simple"},"_links":{"self":[{"href":"https:\/\/www.proinas.com\/en\/wp-json\/wp\/v2\/product\/1318","targetHints":{"allow":["GET"]}}],"collection":[{"href":"https:\/\/www.proinas.com\/en\/wp-json\/wp\/v2\/product"}],"about":[{"href":"https:\/\/www.proinas.com\/en\/wp-json\/wp\/v2\/types\/product"}],"wp:featuredmedia":[{"embeddable":true,"href":"https:\/\/www.proinas.com\/en\/wp-json\/wp\/v2\/media\/3347"}],"wp:attachment":[{"href":"https:\/\/www.proinas.com\/en\/wp-json\/wp\/v2\/media?parent=1318"}],"wp:term":[{"taxonomy":"product_brand","embeddable":true,"href":"https:\/\/www.proinas.com\/en\/wp-json\/wp\/v2\/product_brand?post=1318"},{"taxonomy":"product_cat","embeddable":true,"href":"https:\/\/www.proinas.com\/en\/wp-json\/wp\/v2\/product_cat?post=1318"},{"taxonomy":"product_tag","embeddable":true,"href":"https:\/\/www.proinas.com\/en\/wp-json\/wp\/v2\/product_tag?post=1318"}],"curies":[{"name":"wp","href":"https:\/\/api.w.org\/{rel}","templated":true}]}}