{"id":1322,"date":"2017-01-19T08:25:39","date_gmt":"2017-01-19T08:25:39","guid":{"rendered":"http:\/\/pronas.proinas.net\/producto\/foamy-aerosol\/"},"modified":"2026-02-12T12:29:00","modified_gmt":"2026-02-12T17:29:00","slug":"foamy-aerosol","status":"publish","type":"product","link":"https:\/\/www.proinas.com\/en\/product\/foamy-aerosol\/","title":{"rendered":"FOAMY AEROSOL"},"content":{"rendered":"<p style=\"text-align: justify;\"><strong>Limpiador espumoso biodegradable.<\/strong><\/p>\n<ul>\n<li style=\"text-align: justify;\">Limpiador multiusos para superficies con desinfectante.<\/li>\n<li style=\"text-align: justify;\">Limpiador vers\u00e1til, desodorizante y efectivo contra un gran n\u00famero de bacterias.<\/li>\n<li style=\"text-align: justify;\">Elimina las Manchas rebeldes en la tapicer\u00eda.<\/li>\n<li style=\"text-align: justify;\">Limpia y desinfecta superficies sucias y malolientes.<\/li>\n<li style=\"text-align: justify;\">Evita la decoloraci\u00f3n de las superficies.<\/li>\n<li style=\"text-align: justify;\">Para su aplicaci\u00f3n: Agite bien antes de usar, aplique FOAMY a un trapo seco y limpio, luego frote en la superficie.<\/li>\n<\/ul>\n<p style=\"text-align: center;\"><a href=\"https:\/\/www.proinas.com\/wp-content\/uploads\/2022\/03\/FOAMY_AEROSOL_Ficha_Comercial-protegido.pdf\" target=\"_blank\" rel=\"noopener noreferrer\">FICHA COMERCIAL<\/a><\/p>\n<p style=\"text-align: center;\"><a href=\"http:\/\/www.proinas.com\/en\/contact-us\/\">FICHA T\u00c9CNICA<\/a><\/p>\n<p style=\"text-align: center;\"><a href=\"http:\/\/www.proinas.com\/en\/contact-us\/\">FICHA SEGURIDAD<\/a><\/p>","protected":false},"excerpt":{"rendered":"<p>Limpiador espumoso biodegradable. Limpiador multiusos para superficies con desinfectante. Limpiador vers\u00e1til, desodorizante y efectivo contra un gran n\u00famero de bacterias. Elimina las Manchas rebeldes en la tapicer\u00eda. Limpia y desinfecta superficies sucias y malolientes. Evita la decoloraci\u00f3n de las superficies. Para su aplicaci\u00f3n: Agite bien antes de usar, aplique FOAMY a un trapo seco y [&hellip;]<\/p>","protected":false},"featured_media":3347,"template":"","meta":[],"product_brand":[],"product_cat":[138,155,165,16,23,121],"product_tag":[],"class_list":{"0":"post-1322","1":"product","2":"type-product","3":"status-publish","4":"has-post-thumbnail","6":"product_cat-aerosoles","7":"product_cat-biodesinfectantes-industrial","8":"product_cat-biodesinfectantes-institucional","9":"product_cat-biodesinfectantes-y-sanitizadores","10":"product_cat-limpiadores","11":"product_cat-tienda","13":"first","14":"instock","15":"product-type-simple"},"_links":{"self":[{"href":"https:\/\/www.proinas.com\/en\/wp-json\/wp\/v2\/product\/1322","targetHints":{"allow":["GET"]}}],"collection":[{"href":"https:\/\/www.proinas.com\/en\/wp-json\/wp\/v2\/product"}],"about":[{"href":"https:\/\/www.proinas.com\/en\/wp-json\/wp\/v2\/types\/product"}],"wp:featuredmedia":[{"embeddable":true,"href":"https:\/\/www.proinas.com\/en\/wp-json\/wp\/v2\/media\/3347"}],"wp:attachment":[{"href":"https:\/\/www.proinas.com\/en\/wp-json\/wp\/v2\/media?parent=1322"}],"wp:term":[{"taxonomy":"product_brand","embeddable":true,"href":"https:\/\/www.proinas.com\/en\/wp-json\/wp\/v2\/product_brand?post=1322"},{"taxonomy":"product_cat","embeddable":true,"href":"https:\/\/www.proinas.com\/en\/wp-json\/wp\/v2\/product_cat?post=1322"},{"taxonomy":"product_tag","embeddable":true,"href":"https:\/\/www.proinas.com\/en\/wp-json\/wp\/v2\/product_tag?post=1322"}],"curies":[{"name":"wp","href":"https:\/\/api.w.org\/{rel}","templated":true}]}}