{"id":1324,"date":"2017-01-19T08:29:03","date_gmt":"2017-01-19T08:29:03","guid":{"rendered":"http:\/\/pronas.proinas.net\/producto\/carpet-sant\/"},"modified":"2026-02-12T12:21:16","modified_gmt":"2026-02-12T17:21:16","slug":"carpet-sant","status":"publish","type":"product","link":"https:\/\/www.proinas.com\/en\/product\/carpet-sant\/","title":{"rendered":"CARPET SANT"},"content":{"rendered":"<p style=\"text-align: justify;\"><b>Shampoo concentrado anti est\u00e1tico\u00a0para tapetes, alfombras y tapizados.<\/b><\/p>\n<ul>\n<li style=\"text-align: justify;\">Disuelve y limpia a profundidad tapetes y alfombras, manteniendo su color y suavidad natural.<\/li>\n<li style=\"text-align: justify;\">Elimina choques electrost\u00e1ticos hasta por seis meses.<\/li>\n<li style=\"text-align: justify;\">Emulsifica y disuelve la suciedad penetrando hasta remover manchas rebeldes.<\/li>\n<li style=\"text-align: justify;\">Desprende y mantiene en suspensi\u00f3n la mugre s\u00f3lida.<\/li>\n<li style=\"text-align: justify;\">El \u00e1rea tratada puede utilizarse en tan solo unas horas.<\/li>\n<li style=\"text-align: justify;\">No deja residuos jabonosos ni pegajosos que puedan captar la suciedad.<\/li>\n<\/ul>\n<p style=\"text-align: center;\"><a href=\"https:\/\/www.proinas.com\/wp-content\/uploads\/2022\/03\/CARPET_SANT_Ficha_Comercial-protegido.pdf\" target=\"_blank\" rel=\"noopener noreferrer\">FICHA COMERCIAL<\/a><\/p>\n<p style=\"text-align: center;\"><a href=\"http:\/\/www.proinas.com\/en\/contact-us\/\">FICHA T\u00c9CNICA<\/a><\/p>\n<p style=\"text-align: center;\"><a href=\"http:\/\/www.proinas.com\/en\/contact-us\/\">FICHA SEGURIDAD<\/a><\/p>","protected":false},"excerpt":{"rendered":"<p>Shampoo concentrado anti est\u00e1tico\u00a0para tapetes, alfombras y tapizados. Disuelve y limpia a profundidad tapetes y alfombras, manteniendo su color y suavidad natural. Elimina choques electrost\u00e1ticos hasta por seis meses. Emulsifica y disuelve la suciedad penetrando hasta remover manchas rebeldes. Desprende y mantiene en suspensi\u00f3n la mugre s\u00f3lida. El \u00e1rea tratada puede utilizarse en tan solo [&hellip;]<\/p>","protected":false},"featured_media":3347,"template":"","meta":[],"product_brand":[],"product_cat":[23,179,159,167,121],"product_tag":[],"class_list":{"0":"post-1324","1":"product","2":"type-product","3":"status-publish","4":"has-post-thumbnail","6":"product_cat-limpiadores","7":"product_cat-limpiadores-alimentos","8":"product_cat-limpiadores-industrial","9":"product_cat-limpiadores-institucional","10":"product_cat-tienda","12":"first","13":"instock","14":"taxable","15":"shipping-taxable","16":"product-type-simple"},"_links":{"self":[{"href":"https:\/\/www.proinas.com\/en\/wp-json\/wp\/v2\/product\/1324","targetHints":{"allow":["GET"]}}],"collection":[{"href":"https:\/\/www.proinas.com\/en\/wp-json\/wp\/v2\/product"}],"about":[{"href":"https:\/\/www.proinas.com\/en\/wp-json\/wp\/v2\/types\/product"}],"wp:featuredmedia":[{"embeddable":true,"href":"https:\/\/www.proinas.com\/en\/wp-json\/wp\/v2\/media\/3347"}],"wp:attachment":[{"href":"https:\/\/www.proinas.com\/en\/wp-json\/wp\/v2\/media?parent=1324"}],"wp:term":[{"taxonomy":"product_brand","embeddable":true,"href":"https:\/\/www.proinas.com\/en\/wp-json\/wp\/v2\/product_brand?post=1324"},{"taxonomy":"product_cat","embeddable":true,"href":"https:\/\/www.proinas.com\/en\/wp-json\/wp\/v2\/product_cat?post=1324"},{"taxonomy":"product_tag","embeddable":true,"href":"https:\/\/www.proinas.com\/en\/wp-json\/wp\/v2\/product_tag?post=1324"}],"curies":[{"name":"wp","href":"https:\/\/api.w.org\/{rel}","templated":true}]}}