{"id":1332,"date":"2017-01-19T08:36:04","date_gmt":"2017-01-19T08:36:04","guid":{"rendered":"http:\/\/pronas.proinas.net\/producto\/santimant-soluble\/"},"modified":"2022-04-07T23:23:08","modified_gmt":"2022-04-07T23:23:08","slug":"santimant-insoluble","status":"publish","type":"product","link":"https:\/\/www.proinas.com\/en\/product\/santimant-insoluble\/","title":{"rendered":"SANTIMANT INSOLUBLE"},"content":{"rendered":"<p style=\"text-align: justify;\"><strong>Limpiador\u00a0desengrasante para equipo el\u00e9ctrico.<\/strong><\/p>\n<ul>\n<li style=\"text-align: justify;\">Mezcla de solventes formulados para actuar como limpiador y desengrasante en equipos el\u00e9ctricos y mec\u00e1nicos.<\/li>\n<li style=\"text-align: justify;\">Remueve de manera r\u00e1pida y segura grasas, tintas, ceras, y dem\u00e1s contaminantes en equipos el\u00e9ctricos y mec\u00e1nicos.<\/li>\n<li style=\"text-align: justify;\">Seguro en superficies met\u00e1licas por sus propiedades anticorrosivas.<\/li>\n<li style=\"text-align: justify;\">Evaporaci\u00f3n moderada.<\/li>\n<li style=\"text-align: justify;\">Reemplaza el uso de solventes como la gasolina y el tricloroetileno.<\/li>\n<li style=\"text-align: justify;\">No ataca lacas ni barnices el\u00e9ctricos.<\/li>\n<li style=\"text-align: justify;\">Renueva equipos litogr\u00e1ficos como los rodillos y mantillas, prolongando su vida.<\/li>\n<li style=\"text-align: justify;\">\u00datil para la limpieza de motores en talleres el\u00e9ctricos.<\/li>\n<\/ul>\n<p style=\"text-align: center;\"><a href=\"https:\/\/www.proinas.com\/wp-content\/uploads\/2022\/03\/SANTIMANT_INSOLUBLE_Ficha_Comercial-protegido.pdf\" target=\"_blank\" rel=\"noopener noreferrer\">FICHA COMERCIAL<\/a><\/p>\n<p style=\"text-align: center;\"><a href=\"http:\/\/www.proinas.com\/en\/contact-us\/\">FICHA T\u00c9CNICA<\/a><\/p>\n<p style=\"text-align: center;\"><a href=\"http:\/\/www.proinas.com\/en\/contact-us\/\">FICHA SEGURIDAD<\/a><\/p>","protected":false},"excerpt":{"rendered":"<p>Limpiador\u00a0desengrasante para equipo el\u00e9ctrico. Mezcla de solventes formulados para actuar como limpiador y desengrasante en equipos el\u00e9ctricos y mec\u00e1nicos. Remueve de manera r\u00e1pida y segura grasas, tintas, ceras, y dem\u00e1s contaminantes en equipos el\u00e9ctricos y mec\u00e1nicos. Seguro en superficies met\u00e1licas por sus propiedades anticorrosivas. Evaporaci\u00f3n moderada. Reemplaza el uso de solventes como la gasolina y [&hellip;]<\/p>","protected":false},"featured_media":3347,"template":"","meta":[],"product_brand":[],"product_cat":[23,179,167,24],"product_tag":[],"class_list":{"0":"post-1332","1":"product","2":"type-product","3":"status-publish","4":"has-post-thumbnail","6":"product_cat-limpiadores","7":"product_cat-limpiadores-alimentos","8":"product_cat-limpiadores-institucional","9":"product_cat-limpiadores-dielectricos-electronicos","11":"first","12":"instock","13":"taxable","14":"shipping-taxable","15":"product-type-simple"},"_links":{"self":[{"href":"https:\/\/www.proinas.com\/en\/wp-json\/wp\/v2\/product\/1332","targetHints":{"allow":["GET"]}}],"collection":[{"href":"https:\/\/www.proinas.com\/en\/wp-json\/wp\/v2\/product"}],"about":[{"href":"https:\/\/www.proinas.com\/en\/wp-json\/wp\/v2\/types\/product"}],"wp:featuredmedia":[{"embeddable":true,"href":"https:\/\/www.proinas.com\/en\/wp-json\/wp\/v2\/media\/3347"}],"wp:attachment":[{"href":"https:\/\/www.proinas.com\/en\/wp-json\/wp\/v2\/media?parent=1332"}],"wp:term":[{"taxonomy":"product_brand","embeddable":true,"href":"https:\/\/www.proinas.com\/en\/wp-json\/wp\/v2\/product_brand?post=1332"},{"taxonomy":"product_cat","embeddable":true,"href":"https:\/\/www.proinas.com\/en\/wp-json\/wp\/v2\/product_cat?post=1332"},{"taxonomy":"product_tag","embeddable":true,"href":"https:\/\/www.proinas.com\/en\/wp-json\/wp\/v2\/product_tag?post=1332"}],"curies":[{"name":"wp","href":"https:\/\/api.w.org\/{rel}","templated":true}]}}