{"id":1342,"date":"2017-01-19T08:54:56","date_gmt":"2017-01-19T08:54:56","guid":{"rendered":"http:\/\/pronas.proinas.net\/producto\/oil-food\/"},"modified":"2022-04-07T23:20:03","modified_gmt":"2022-04-07T23:20:03","slug":"oil-food","status":"publish","type":"product","link":"https:\/\/www.proinas.com\/en\/product\/oil-food\/","title":{"rendered":"OIL FOOD"},"content":{"rendered":"<p style=\"text-align: justify;\"><strong>Aceite mineral de grado alimenticio.<\/strong><\/p>\n<ul>\n<li style=\"text-align: justify;\">Es un l\u00edquido en base a aceites minerales dise\u00f1ado para la lubricaci\u00f3n de piezas, equipos y herramientas que puedan entrar en contacto directo o indirecto con el alimento.<\/li>\n<li style=\"text-align: justify;\">\u00datil\u00a0en equipos como ganchos, poleas, cuchillos el\u00e9ctricos,\u00a0bandas transportadoras, cadenas, equipos galvanizados,\u00a0roldanas y dem\u00e1s equipos presentes en empresas de\u00a0alimentos.<\/li>\n<li style=\"text-align: justify;\">Estable\u00a0a altas y bajas temperaturas.<\/li>\n<\/ul>\n<p style=\"text-align: center;\"><a href=\"https:\/\/www.proinas.com\/wp-content\/uploads\/2022\/03\/OIL_FOOD_Ficha_Comercial-protegido.pdf\" target=\"_blank\" rel=\"noopener noreferrer\">FICHA COMERCIAL<\/a><\/p>","protected":false},"excerpt":{"rendered":"<p>Aceite mineral de grado alimenticio. Es un l\u00edquido en base a aceites minerales dise\u00f1ado para la lubricaci\u00f3n de piezas, equipos y herramientas que puedan entrar en contacto directo o indirecto con el alimento. \u00datil\u00a0en equipos como ganchos, poleas, cuchillos el\u00e9ctricos,\u00a0bandas transportadoras, cadenas, equipos galvanizados,\u00a0roldanas y dem\u00e1s equipos presentes en empresas de\u00a0alimentos. Estable\u00a0a altas y bajas [&hellip;]<\/p>","protected":false},"featured_media":3347,"template":"","meta":[],"product_brand":[],"product_cat":[169,26],"product_tag":[],"class_list":{"0":"post-1342","1":"product","2":"type-product","3":"status-publish","4":"has-post-thumbnail","6":"product_cat-antiadherentes-y-lubricantes-alimentos","7":"product_cat-lubricantes-y-aceites","9":"first","10":"instock","11":"taxable","12":"shipping-taxable","13":"product-type-simple"},"_links":{"self":[{"href":"https:\/\/www.proinas.com\/en\/wp-json\/wp\/v2\/product\/1342","targetHints":{"allow":["GET"]}}],"collection":[{"href":"https:\/\/www.proinas.com\/en\/wp-json\/wp\/v2\/product"}],"about":[{"href":"https:\/\/www.proinas.com\/en\/wp-json\/wp\/v2\/types\/product"}],"wp:featuredmedia":[{"embeddable":true,"href":"https:\/\/www.proinas.com\/en\/wp-json\/wp\/v2\/media\/3347"}],"wp:attachment":[{"href":"https:\/\/www.proinas.com\/en\/wp-json\/wp\/v2\/media?parent=1342"}],"wp:term":[{"taxonomy":"product_brand","embeddable":true,"href":"https:\/\/www.proinas.com\/en\/wp-json\/wp\/v2\/product_brand?post=1342"},{"taxonomy":"product_cat","embeddable":true,"href":"https:\/\/www.proinas.com\/en\/wp-json\/wp\/v2\/product_cat?post=1342"},{"taxonomy":"product_tag","embeddable":true,"href":"https:\/\/www.proinas.com\/en\/wp-json\/wp\/v2\/product_tag?post=1342"}],"curies":[{"name":"wp","href":"https:\/\/api.w.org\/{rel}","templated":true}]}}