{"id":1347,"date":"2017-01-19T09:03:06","date_gmt":"2017-01-19T09:03:06","guid":{"rendered":"http:\/\/pronas.proinas.net\/producto\/prometal\/"},"modified":"2022-04-07T23:19:15","modified_gmt":"2022-04-07T23:19:15","slug":"prometalisant","status":"publish","type":"product","link":"https:\/\/www.proinas.com\/en\/product\/prometalisant\/","title":{"rendered":"PROMETALISANT"},"content":{"rendered":"<p style=\"text-align: justify;\"><strong>Pegante ep\u00f3xico grado industrial.<\/strong><\/p>\n<ul>\n<li style=\"text-align: justify;\">PROMETALISANT\u00a0es un nuevo compuesto de dos elementos (epoxi y resina)\u00a0formulado para hacer permanentes las reparaciones de emergencia en la mayor\u00eda\u00a0de las superficies r\u00edgidas y semi r\u00edgidas Se adhiere perfectamente al hierro, acero,\u00a0madera, aluminio, concreto, vidrio, cer\u00e1mica, lat\u00f3n y muchas superficies pl\u00e1sticas\u00a0r\u00edgidas Se endurece hasta quedar una masa gris met\u00e1lico que puede maquinarse,\u00a0cortarse, taladrarse, limarse, afilarse, etc con herramientas comunes de trabajo con\u00a0metales Las superficies se pueden pintar.<\/li>\n<\/ul>\n<p style=\"text-align: center;\"><a href=\"https:\/\/www.proinas.com\/wp-content\/uploads\/2022\/03\/PROMETALISANT_Ficha_Comercial-protegido.pdf\" target=\"_blank\" rel=\"noopener noreferrer\">FICHA COMERCIAL<\/a><\/p>","protected":false},"excerpt":{"rendered":"<p>Pegante ep\u00f3xico grado industrial. PROMETALISANT\u00a0es un nuevo compuesto de dos elementos (epoxi y resina)\u00a0formulado para hacer permanentes las reparaciones de emergencia en la mayor\u00eda\u00a0de las superficies r\u00edgidas y semi r\u00edgidas Se adhiere perfectamente al hierro, acero,\u00a0madera, aluminio, concreto, vidrio, cer\u00e1mica, lat\u00f3n y muchas superficies pl\u00e1sticas\u00a0r\u00edgidas Se endurece hasta quedar una masa gris met\u00e1lico que puede [&hellip;]<\/p>","protected":false},"featured_media":3347,"template":"","meta":[],"product_brand":[],"product_cat":[170,152,27],"product_tag":[],"class_list":{"0":"post-1347","1":"product","2":"type-product","3":"status-publish","4":"has-post-thumbnail","6":"product_cat-anticorrosivos-y-biodesidantes-alimentos","7":"product_cat-anticorrosivos-y-biodesidantes-industrial","8":"product_cat-pegantes-industriales","10":"first","11":"instock","12":"taxable","13":"shipping-taxable","14":"product-type-simple"},"_links":{"self":[{"href":"https:\/\/www.proinas.com\/en\/wp-json\/wp\/v2\/product\/1347","targetHints":{"allow":["GET"]}}],"collection":[{"href":"https:\/\/www.proinas.com\/en\/wp-json\/wp\/v2\/product"}],"about":[{"href":"https:\/\/www.proinas.com\/en\/wp-json\/wp\/v2\/types\/product"}],"wp:featuredmedia":[{"embeddable":true,"href":"https:\/\/www.proinas.com\/en\/wp-json\/wp\/v2\/media\/3347"}],"wp:attachment":[{"href":"https:\/\/www.proinas.com\/en\/wp-json\/wp\/v2\/media?parent=1347"}],"wp:term":[{"taxonomy":"product_brand","embeddable":true,"href":"https:\/\/www.proinas.com\/en\/wp-json\/wp\/v2\/product_brand?post=1347"},{"taxonomy":"product_cat","embeddable":true,"href":"https:\/\/www.proinas.com\/en\/wp-json\/wp\/v2\/product_cat?post=1347"},{"taxonomy":"product_tag","embeddable":true,"href":"https:\/\/www.proinas.com\/en\/wp-json\/wp\/v2\/product_tag?post=1347"}],"curies":[{"name":"wp","href":"https:\/\/api.w.org\/{rel}","templated":true}]}}