{"id":1353,"date":"2017-01-19T09:08:53","date_gmt":"2017-01-19T09:08:53","guid":{"rendered":"http:\/\/pronas.proinas.net\/producto\/alumisant-2\/"},"modified":"2022-04-07T23:18:16","modified_gmt":"2022-04-07T23:18:16","slug":"alumisant","status":"publish","type":"product","link":"https:\/\/www.proinas.com\/en\/product\/alumisant\/","title":{"rendered":"ALUMISANT"},"content":{"rendered":"<p style=\"text-align: justify;\"><strong>Limpiador \u00e1cido para aluminio y acero inoxidable.<\/strong><\/p>\n<ul>\n<li style=\"text-align: justify;\">ALUMISANT ha sido formulado para remover de manera r\u00e1pida y efectiva la corrosi\u00f3n y oxidaci\u00f3n en las superficies de aluminio y acero inoxidable, penetrando y eliminando \u00f3xidos blancos, rayas, dep\u00f3sitos de tierra, manchas de humo, escoria y otras suciedades causadas por la combusti\u00f3n.<\/li>\n<li style=\"text-align: justify;\">Limpia y brilla las superficies de aluminio y acero inoxidable en equipos de transporte y aire acondicionado; incrustaciones de s\u00edlice en calderas, torres de enfriamiento y sistemas cerrados de vapor.<\/li>\n<li style=\"text-align: justify;\">Este producto ha sido formulado para usarse en equipos transportadores. De acci\u00f3n r\u00e1pida, econ\u00f3mico y f\u00e1cil de usar.<\/li>\n<\/ul>\n<p style=\"text-align: center;\"><a href=\"https:\/\/proinas.com\/wp-content\/uploads\/2017\/01\/ALUMISANT-Ficha-Comercial-protegido.pdf\" target=\"_blank\" rel=\"noopener noreferrer\">FICHA COMERCIAL<\/a><\/p>\n<p style=\"text-align: center;\"><a href=\"http:\/\/www.proinas.com\/en\/contact-us\/\">FICHA T\u00c9CNICA<\/a><\/p>\n<p style=\"text-align: center;\"><a href=\"http:\/\/www.proinas.com\/en\/contact-us\/\">FICHA SEGURIDAD<\/a><\/p>","protected":false},"excerpt":{"rendered":"<p>Limpiador \u00e1cido para aluminio y acero inoxidable. ALUMISANT ha sido formulado para remover de manera r\u00e1pida y efectiva la corrosi\u00f3n y oxidaci\u00f3n en las superficies de aluminio y acero inoxidable, penetrando y eliminando \u00f3xidos blancos, rayas, dep\u00f3sitos de tierra, manchas de humo, escoria y otras suciedades causadas por la combusti\u00f3n. Limpia y brilla las superficies [&hellip;]<\/p>","protected":false},"featured_media":3347,"template":"","meta":[],"product_brand":[],"product_cat":[175,154,163,178,15,28],"product_tag":[],"class_list":{"0":"post-1353","1":"product","2":"type-product","3":"status-publish","4":"has-post-thumbnail","6":"product_cat-biodesincrustantes-alimentos","7":"product_cat-biodesincrustantes-industrial","8":"product_cat-biodesincrustantes-institucional","9":"product_cat-biotratamientos-para-equipos-de-enfriamiento-alimentos","10":"product_cat-biodesincrustantes","11":"product_cat-pulidor-de-aluminio","13":"first","14":"instock","15":"taxable","16":"shipping-taxable","17":"product-type-simple"},"_links":{"self":[{"href":"https:\/\/www.proinas.com\/en\/wp-json\/wp\/v2\/product\/1353","targetHints":{"allow":["GET"]}}],"collection":[{"href":"https:\/\/www.proinas.com\/en\/wp-json\/wp\/v2\/product"}],"about":[{"href":"https:\/\/www.proinas.com\/en\/wp-json\/wp\/v2\/types\/product"}],"wp:featuredmedia":[{"embeddable":true,"href":"https:\/\/www.proinas.com\/en\/wp-json\/wp\/v2\/media\/3347"}],"wp:attachment":[{"href":"https:\/\/www.proinas.com\/en\/wp-json\/wp\/v2\/media?parent=1353"}],"wp:term":[{"taxonomy":"product_brand","embeddable":true,"href":"https:\/\/www.proinas.com\/en\/wp-json\/wp\/v2\/product_brand?post=1353"},{"taxonomy":"product_cat","embeddable":true,"href":"https:\/\/www.proinas.com\/en\/wp-json\/wp\/v2\/product_cat?post=1353"},{"taxonomy":"product_tag","embeddable":true,"href":"https:\/\/www.proinas.com\/en\/wp-json\/wp\/v2\/product_tag?post=1353"}],"curies":[{"name":"wp","href":"https:\/\/api.w.org\/{rel}","templated":true}]}}