{"id":1358,"date":"2017-01-19T09:11:21","date_gmt":"2017-01-19T09:11:21","guid":{"rendered":"http:\/\/pronas.proinas.net\/producto\/sant-strip\/"},"modified":"2022-04-07T23:17:45","modified_gmt":"2022-04-07T23:17:45","slug":"sant-strip","status":"publish","type":"product","link":"https:\/\/www.proinas.com\/en\/product\/sant-strip\/","title":{"rendered":"SANT STRIP"},"content":{"rendered":"<p style=\"text-align: justify;\"><strong>Removedor de pintura.<\/strong><\/p>\n<ul>\n<li style=\"text-align: justify;\">SANT STRIP penetra r\u00e1pidamente en cualquier acabado de las superficies met\u00e1licas y remueve pinturas, barnices, etc. La profunda acci\u00f3n de SANT STRIP permite remover los acabados industriales m\u00e1s resistentes.<\/li>\n<li style=\"text-align: justify;\">Puede usarse con efectividad para remover tambi\u00e9n los acabados en madera, concreto, acero, aluminio o cualquier superficie met\u00e1lica.<\/li>\n<li style=\"text-align: justify;\">Recomendado para aplicaciones en equipo pesado, industrial, maquinaria tambores, tanques, se\u00f1ales, camiones, trailers, autom\u00f3viles cualquier superficie con un acabado.<\/li>\n<\/ul>\n<p style=\"text-align: center;\"><a href=\"https:\/\/www.proinas.com\/wp-content\/uploads\/2022\/03\/SANT_STRIP_Ficha_Comercial-protegido.pdf\" target=\"_blank\" rel=\"noopener noreferrer\">FICHA COMERCIAL<\/a><\/p>\n<p style=\"text-align: center;\"><a href=\"http:\/\/www.proinas.com\/en\/contact-us\/\">FICHA T\u00c9CNICA<\/a><\/p>\n<p style=\"text-align: center;\"><a href=\"http:\/\/www.proinas.com\/en\/contact-us\/\">FICHA SEGURIDAD<\/a><\/p>","protected":false},"excerpt":{"rendered":"<p>Removedor de pintura. SANT STRIP penetra r\u00e1pidamente en cualquier acabado de las superficies met\u00e1licas y remueve pinturas, barnices, etc. La profunda acci\u00f3n de SANT STRIP permite remover los acabados industriales m\u00e1s resistentes. Puede usarse con efectividad para remover tambi\u00e9n los acabados en madera, concreto, acero, aluminio o cualquier superficie met\u00e1lica. Recomendado para aplicaciones en equipo [&hellip;]<\/p>","protected":false},"featured_media":3347,"template":"","meta":[],"product_brand":[],"product_cat":[175,154,163,15,29],"product_tag":[],"class_list":{"0":"post-1358","1":"product","2":"type-product","3":"status-publish","4":"has-post-thumbnail","6":"product_cat-biodesincrustantes-alimentos","7":"product_cat-biodesincrustantes-industrial","8":"product_cat-biodesincrustantes-institucional","9":"product_cat-biodesincrustantes","10":"product_cat-removedor-de-pintura","12":"first","13":"instock","14":"taxable","15":"shipping-taxable","16":"product-type-simple"},"_links":{"self":[{"href":"https:\/\/www.proinas.com\/en\/wp-json\/wp\/v2\/product\/1358","targetHints":{"allow":["GET"]}}],"collection":[{"href":"https:\/\/www.proinas.com\/en\/wp-json\/wp\/v2\/product"}],"about":[{"href":"https:\/\/www.proinas.com\/en\/wp-json\/wp\/v2\/types\/product"}],"wp:featuredmedia":[{"embeddable":true,"href":"https:\/\/www.proinas.com\/en\/wp-json\/wp\/v2\/media\/3347"}],"wp:attachment":[{"href":"https:\/\/www.proinas.com\/en\/wp-json\/wp\/v2\/media?parent=1358"}],"wp:term":[{"taxonomy":"product_brand","embeddable":true,"href":"https:\/\/www.proinas.com\/en\/wp-json\/wp\/v2\/product_brand?post=1358"},{"taxonomy":"product_cat","embeddable":true,"href":"https:\/\/www.proinas.com\/en\/wp-json\/wp\/v2\/product_cat?post=1358"},{"taxonomy":"product_tag","embeddable":true,"href":"https:\/\/www.proinas.com\/en\/wp-json\/wp\/v2\/product_tag?post=1358"}],"curies":[{"name":"wp","href":"https:\/\/api.w.org\/{rel}","templated":true}]}}