{"id":1361,"date":"2017-01-19T09:18:54","date_gmt":"2017-01-19T09:18:54","guid":{"rendered":"http:\/\/pronas.proinas.net\/producto\/algisant\/"},"modified":"2022-04-07T23:15:04","modified_gmt":"2022-04-07T23:15:04","slug":"algisant","status":"publish","type":"product","link":"https:\/\/www.proinas.com\/en\/product\/algisant\/","title":{"rendered":"ALGISANT"},"content":{"rendered":"<p style=\"text-align: justify;\"><strong>Mata Algas y Microbicida Liquido para Torres de enfriamiento.<\/strong><\/p>\n<ul>\n<li style=\"text-align: justify;\">Controla algas bacterias y hongos en torres de enfriamiento de grandes sistemas de enfriamiento y congelaci\u00f3n.<\/li>\n<li style=\"text-align: justify;\">Su formaci\u00f3n liquida permite la aplicaci\u00f3n directa del sistema.<\/li>\n<li style=\"text-align: justify;\">Ideal para torres de enfriamiento de 500 o m\u00e1s toneladas.<\/li>\n<li style=\"text-align: justify;\">No corre las superficies de las torres de enfriamiento.<\/li>\n<li style=\"text-align: justify;\">Controla la formaci\u00f3n de alas en los sistemas de aireaci\u00f3n.<\/li>\n<li style=\"text-align: justify;\">Microbicida que controla y mata hongos, algas y bacterias que se forman en los lados.<\/li>\n<\/ul>\n<p style=\"text-align: center;\"><a href=\"https:\/\/proinas.com\/wp-content\/uploads\/2017\/01\/ALGISANT-Ficha-Comercial-protegido.pdf\" target=\"_blank\" rel=\"noopener noreferrer\">FICHA COMERCIAL<\/a><\/p>\n<p style=\"text-align: center;\"><a href=\"http:\/\/www.proinas.com\/en\/contact-us\/\">FICHA T\u00c9CNICA<\/a><\/p>\n<p style=\"text-align: center;\"><a href=\"http:\/\/www.proinas.com\/en\/contact-us\/\">FICHA SEGURIDAD<\/a><\/p>","protected":false},"excerpt":{"rendered":"<p>Mata Algas y Microbicida Liquido para Torres de enfriamiento. Controla algas bacterias y hongos en torres de enfriamiento de grandes sistemas de enfriamiento y congelaci\u00f3n. Su formaci\u00f3n liquida permite la aplicaci\u00f3n directa del sistema. Ideal para torres de enfriamiento de 500 o m\u00e1s toneladas. No corre las superficies de las torres de enfriamiento. Controla la [&hellip;]<\/p>","protected":false},"featured_media":3347,"template":"","meta":[],"product_brand":[],"product_cat":[157,166,30],"product_tag":[],"class_list":{"0":"post-1361","1":"product","2":"type-product","3":"status-publish","4":"has-post-thumbnail","6":"product_cat-biotratamientos-para-equipos-de-enfriamiento-industrial","7":"product_cat-biotratamientos-para-equipos-de-enfriamiento-institucional","8":"product_cat-biotratamiento-para-calderas-y-sistemas-de-enfriamiento","10":"first","11":"instock","12":"taxable","13":"shipping-taxable","14":"product-type-simple"},"_links":{"self":[{"href":"https:\/\/www.proinas.com\/en\/wp-json\/wp\/v2\/product\/1361","targetHints":{"allow":["GET"]}}],"collection":[{"href":"https:\/\/www.proinas.com\/en\/wp-json\/wp\/v2\/product"}],"about":[{"href":"https:\/\/www.proinas.com\/en\/wp-json\/wp\/v2\/types\/product"}],"wp:featuredmedia":[{"embeddable":true,"href":"https:\/\/www.proinas.com\/en\/wp-json\/wp\/v2\/media\/3347"}],"wp:attachment":[{"href":"https:\/\/www.proinas.com\/en\/wp-json\/wp\/v2\/media?parent=1361"}],"wp:term":[{"taxonomy":"product_brand","embeddable":true,"href":"https:\/\/www.proinas.com\/en\/wp-json\/wp\/v2\/product_brand?post=1361"},{"taxonomy":"product_cat","embeddable":true,"href":"https:\/\/www.proinas.com\/en\/wp-json\/wp\/v2\/product_cat?post=1361"},{"taxonomy":"product_tag","embeddable":true,"href":"https:\/\/www.proinas.com\/en\/wp-json\/wp\/v2\/product_tag?post=1361"}],"curies":[{"name":"wp","href":"https:\/\/api.w.org\/{rel}","templated":true}]}}