{"id":1362,"date":"2017-01-19T09:23:52","date_gmt":"2017-01-19T09:23:52","guid":{"rendered":"http:\/\/pronas.proinas.net\/producto\/boil-sant\/"},"modified":"2022-04-07T23:14:41","modified_gmt":"2022-04-07T23:14:41","slug":"boil-sant","status":"publish","type":"product","link":"https:\/\/www.proinas.com\/en\/product\/boil-sant\/","title":{"rendered":"BOIL SANT"},"content":{"rendered":"<p style=\"text-align: justify;\"><strong>Acondicionador Polim\u00e9rico para Calderas<\/strong><\/p>\n<ul>\n<li style=\"text-align: justify;\">Fue especialmente dise\u00f1ado para prevenir la acumulaci\u00f3n de lodos, desechos y\u00a0suciedad sobre los tubos o superficies que pueden reducir la transferencia de calor.<\/li>\n<li style=\"text-align: justify;\">Mediante la uni\u00f3n de estos contaminantes\u00a0BOIL SANT produce un flotador molecular\u00a0que suspende las impurezas, hasta que sean retiradas mediante la purga normal.<\/li>\n<\/ul>\n<p style=\"text-align: center;\"><a href=\"https:\/\/www.proinas.com\/wp-content\/uploads\/2022\/03\/BOIL_SANT_Ficha_Comercial-protegido.pdf\" target=\"_blank\" rel=\"noopener noreferrer\">FICHA COMERCIAL<\/a><\/p>\n<p style=\"text-align: center;\"><a href=\"http:\/\/www.proinas.com\/en\/contact-us\/\">FICHA T\u00c9CNICA<\/a><\/p>\n<p style=\"text-align: center;\"><a href=\"http:\/\/www.proinas.com\/en\/contact-us\/\">FICHA SEGURIDAD<\/a><\/p>","protected":false},"excerpt":{"rendered":"<p>Acondicionador Polim\u00e9rico para Calderas Fue especialmente dise\u00f1ado para prevenir la acumulaci\u00f3n de lodos, desechos y\u00a0suciedad sobre los tubos o superficies que pueden reducir la transferencia de calor. Mediante la uni\u00f3n de estos contaminantes\u00a0BOIL SANT produce un flotador molecular\u00a0que suspende las impurezas, hasta que sean retiradas mediante la purga normal. FICHA COMERCIAL FICHA T\u00c9CNICA FICHA SEGURIDAD<\/p>","protected":false},"featured_media":3347,"template":"","meta":[],"product_brand":[],"product_cat":[177,156,30],"product_tag":[],"class_list":{"0":"post-1362","1":"product","2":"type-product","3":"status-publish","4":"has-post-thumbnail","6":"product_cat-biotratamientos-para-calderas-alimentos","7":"product_cat-biotratramiento-para-calderas-industrial","8":"product_cat-biotratamiento-para-calderas-y-sistemas-de-enfriamiento","10":"first","11":"instock","12":"taxable","13":"shipping-taxable","14":"product-type-simple"},"_links":{"self":[{"href":"https:\/\/www.proinas.com\/en\/wp-json\/wp\/v2\/product\/1362","targetHints":{"allow":["GET"]}}],"collection":[{"href":"https:\/\/www.proinas.com\/en\/wp-json\/wp\/v2\/product"}],"about":[{"href":"https:\/\/www.proinas.com\/en\/wp-json\/wp\/v2\/types\/product"}],"wp:featuredmedia":[{"embeddable":true,"href":"https:\/\/www.proinas.com\/en\/wp-json\/wp\/v2\/media\/3347"}],"wp:attachment":[{"href":"https:\/\/www.proinas.com\/en\/wp-json\/wp\/v2\/media?parent=1362"}],"wp:term":[{"taxonomy":"product_brand","embeddable":true,"href":"https:\/\/www.proinas.com\/en\/wp-json\/wp\/v2\/product_brand?post=1362"},{"taxonomy":"product_cat","embeddable":true,"href":"https:\/\/www.proinas.com\/en\/wp-json\/wp\/v2\/product_cat?post=1362"},{"taxonomy":"product_tag","embeddable":true,"href":"https:\/\/www.proinas.com\/en\/wp-json\/wp\/v2\/product_tag?post=1362"}],"curies":[{"name":"wp","href":"https:\/\/api.w.org\/{rel}","templated":true}]}}