{"id":1364,"date":"2017-01-19T09:26:09","date_gmt":"2017-01-19T09:26:09","guid":{"rendered":"http:\/\/pronas.proinas.net\/producto\/boiler\/"},"modified":"2022-04-07T23:14:17","modified_gmt":"2022-04-07T23:14:17","slug":"boiler","status":"publish","type":"product","link":"https:\/\/www.proinas.com\/en\/product\/boiler\/","title":{"rendered":"BOILER"},"content":{"rendered":"<p style=\"text-align: justify;\"><strong>Tratamiento preventivo para agua de calderas.<\/strong><\/p>\n<ul>\n<li style=\"text-align: justify;\">Secuestra las mol\u00e9culas de oxigeno disueltas en el agua.<\/li>\n<li style=\"text-align: justify;\">Econ\u00f3mico, completamente soluble en agua.<\/li>\n<li style=\"text-align: justify;\">Controla la espumosidad y los residuos.<\/li>\n<li style=\"text-align: justify;\">Pr\u00e1ctico para usar; el exceso de producto no da\u00f1a la caldera.<\/li>\n<li style=\"text-align: justify;\">No da\u00f1a las bombas de alimentaci\u00f3n del agua como ocurre con los tratamientos en polvo.<\/li>\n<li style=\"text-align: justify;\">Acci\u00f3n peptizante, por acumulaci\u00f3n de sedimentos que previene los problemas.<\/li>\n<li style=\"text-align: justify;\">Ayuda en la prevenci\u00f3n de formaciones c\u00e1usticas mediante el control de la alcalinidad.<\/li>\n<li style=\"text-align: justify;\">\u00datil en todo tipo de empresas que\u00a0manejan calderas para la generaci\u00f3n\u00a0de vapor, sin contaminar ning\u00fan\u00a0proceso.<\/li>\n<\/ul>\n<p style=\"text-align: center;\"><a href=\"https:\/\/proinas.com\/wp-content\/uploads\/2017\/01\/BOILER_Ficha_Comercial-protegido.pdf\" target=\"_blank\" rel=\"noopener noreferrer\">FICHA COMERCIAL<\/a><\/p>\n<p style=\"text-align: center;\"><a href=\"http:\/\/www.proinas.com\/en\/contact-us\/\">FICHA T\u00c9CNICA<\/a><\/p>\n<p style=\"text-align: center;\"><a href=\"http:\/\/www.proinas.com\/en\/contact-us\/\">FICHA SEGURIDAD<\/a><\/p>","protected":false},"excerpt":{"rendered":"<p>Tratamiento preventivo para agua de calderas. Secuestra las mol\u00e9culas de oxigeno disueltas en el agua. Econ\u00f3mico, completamente soluble en agua. Controla la espumosidad y los residuos. Pr\u00e1ctico para usar; el exceso de producto no da\u00f1a la caldera. No da\u00f1a las bombas de alimentaci\u00f3n del agua como ocurre con los tratamientos en polvo. Acci\u00f3n peptizante, por [&hellip;]<\/p>","protected":false},"featured_media":3347,"template":"","meta":[],"product_brand":[],"product_cat":[177,156,30],"product_tag":[],"class_list":{"0":"post-1364","1":"product","2":"type-product","3":"status-publish","4":"has-post-thumbnail","6":"product_cat-biotratamientos-para-calderas-alimentos","7":"product_cat-biotratramiento-para-calderas-industrial","8":"product_cat-biotratamiento-para-calderas-y-sistemas-de-enfriamiento","10":"first","11":"instock","12":"taxable","13":"shipping-taxable","14":"product-type-simple"},"_links":{"self":[{"href":"https:\/\/www.proinas.com\/en\/wp-json\/wp\/v2\/product\/1364","targetHints":{"allow":["GET"]}}],"collection":[{"href":"https:\/\/www.proinas.com\/en\/wp-json\/wp\/v2\/product"}],"about":[{"href":"https:\/\/www.proinas.com\/en\/wp-json\/wp\/v2\/types\/product"}],"wp:featuredmedia":[{"embeddable":true,"href":"https:\/\/www.proinas.com\/en\/wp-json\/wp\/v2\/media\/3347"}],"wp:attachment":[{"href":"https:\/\/www.proinas.com\/en\/wp-json\/wp\/v2\/media?parent=1364"}],"wp:term":[{"taxonomy":"product_brand","embeddable":true,"href":"https:\/\/www.proinas.com\/en\/wp-json\/wp\/v2\/product_brand?post=1364"},{"taxonomy":"product_cat","embeddable":true,"href":"https:\/\/www.proinas.com\/en\/wp-json\/wp\/v2\/product_cat?post=1364"},{"taxonomy":"product_tag","embeddable":true,"href":"https:\/\/www.proinas.com\/en\/wp-json\/wp\/v2\/product_tag?post=1364"}],"curies":[{"name":"wp","href":"https:\/\/api.w.org\/{rel}","templated":true}]}}