{"id":1367,"date":"2017-01-19T09:32:44","date_gmt":"2017-01-19T09:32:44","guid":{"rendered":"http:\/\/pronas.proinas.net\/producto\/hydropro\/"},"modified":"2022-04-07T23:13:54","modified_gmt":"2022-04-07T23:13:54","slug":"hydropro","status":"publish","type":"product","link":"https:\/\/www.proinas.com\/en\/product\/hydropro\/","title":{"rendered":"HYDROPRO"},"content":{"rendered":"<p style=\"text-align: justify;\"><strong>Hermetizador y Endurecedor de Cemento, Hormig\u00f3n y Terrazo.<\/strong><\/p>\n<p style=\"text-align: justify;\">&#8211; Antideslizante.<\/p>\n<p style=\"text-align: justify;\">&#8211; Seca r\u00e1pido y deja un acabado incoloro no amarilla.<\/p>\n<p style=\"text-align: justify;\">&#8211; Endurece el concreto &#8211; previene las roturas y la cristalizaci\u00f3n.<\/p>\n<p style=\"text-align: justify;\">&#8211; Econ\u00f3mico -un litro cubre 15 m\u00b2 de concreto.<\/p>\n<p style=\"text-align: justify;\">&#8211; Hermetiza y endurece introduce una capa fina y duradera que imparte. Adhesividad entre el material cementoso y los \u00e1ridos.<\/p>\n<p style=\"text-align: center;\"><a href=\"\/wp-content\/uploads\/2017\/tec\/HYDROPRO_tec.pdf\" target=\"_blank\" rel=\"noopener\">FICHA T\u00c9CNICA<\/a><\/p>\n<p style=\"text-align: center;\"><a href=\"\/wp-content\/uploads\/2017\/com\/HYDROPRO_com.pdf\" target=\"_blank\" rel=\"noopener\">FICHA COMERCIAL<\/a><\/p>","protected":false},"excerpt":{"rendered":"<p>Hermetizador y Endurecedor de Cemento, Hormig\u00f3n y Terrazo. &#8211; Antideslizante. &#8211; Seca r\u00e1pido y deja un acabado incoloro no amarilla. &#8211; Endurece el concreto &#8211; previene las roturas y la cristalizaci\u00f3n. &#8211; Econ\u00f3mico -un litro cubre 15 m\u00b2 de concreto. &#8211; Hermetiza y endurece introduce una capa fina y duradera que imparte. Adhesividad entre el [&hellip;]<\/p>","protected":false},"featured_media":3347,"template":"","meta":[],"product_brand":[],"product_cat":[31],"product_tag":[],"class_list":{"0":"post-1367","1":"product","2":"type-product","3":"status-publish","4":"has-post-thumbnail","6":"product_cat-biotratamiento-para-pisos","8":"first","9":"instock","10":"taxable","11":"shipping-taxable","12":"product-type-simple"},"_links":{"self":[{"href":"https:\/\/www.proinas.com\/en\/wp-json\/wp\/v2\/product\/1367","targetHints":{"allow":["GET"]}}],"collection":[{"href":"https:\/\/www.proinas.com\/en\/wp-json\/wp\/v2\/product"}],"about":[{"href":"https:\/\/www.proinas.com\/en\/wp-json\/wp\/v2\/types\/product"}],"wp:featuredmedia":[{"embeddable":true,"href":"https:\/\/www.proinas.com\/en\/wp-json\/wp\/v2\/media\/3347"}],"wp:attachment":[{"href":"https:\/\/www.proinas.com\/en\/wp-json\/wp\/v2\/media?parent=1367"}],"wp:term":[{"taxonomy":"product_brand","embeddable":true,"href":"https:\/\/www.proinas.com\/en\/wp-json\/wp\/v2\/product_brand?post=1367"},{"taxonomy":"product_cat","embeddable":true,"href":"https:\/\/www.proinas.com\/en\/wp-json\/wp\/v2\/product_cat?post=1367"},{"taxonomy":"product_tag","embeddable":true,"href":"https:\/\/www.proinas.com\/en\/wp-json\/wp\/v2\/product_tag?post=1367"}],"curies":[{"name":"wp","href":"https:\/\/api.w.org\/{rel}","templated":true}]}}