{"id":1374,"date":"2017-01-19T09:41:27","date_gmt":"2017-01-19T09:41:27","guid":{"rendered":"http:\/\/pronas.proinas.net\/producto\/stamp\/"},"modified":"2022-04-07T23:12:48","modified_gmt":"2022-04-07T23:12:48","slug":"stamp","status":"publish","type":"product","link":"https:\/\/www.proinas.com\/en\/product\/stamp\/","title":{"rendered":"STAMP"},"content":{"rendered":"<p style=\"text-align: justify;\"><strong>Acabado polim\u00e9rico para pisos. Deja el brillo de sus pisos durante meses.<\/strong><\/p>\n<ul>\n<li style=\"text-align: justify;\">Provee brillo en baldosa, m\u00e1rmol, terrazo, lin\u00f3leo, vinilo, asbesto-vinilo y caucho.<\/li>\n<li style=\"text-align: justify;\">Hace m\u00e1s f\u00e1cil la limpieza del piso y resiste a las manchas marcas de zapatos, rasgu\u00f1os y detergentes.<\/li>\n<li style=\"text-align: justify;\">Permanece reluciente a\u00fan despu\u00e9s de repetidos trapeados de mantenimiento rutinario.<\/li>\n<\/ul>\n<p style=\"text-align: center;\"><a href=\"https:\/\/www.proinas.com\/wp-content\/uploads\/2022\/03\/STAMP_Ficha_Comercial-protegido.pdf\" target=\"_blank\" rel=\"noopener noreferrer\">FICHA COMERCIAL<\/a><\/p>\n<p style=\"text-align: center;\"><a href=\"http:\/\/www.proinas.com\/en\/contact-us\/\">FICHA T\u00c9CNICA<\/a><\/p>\n<p style=\"text-align: center;\"><a href=\"http:\/\/www.proinas.com\/en\/contact-us\/\">FICHA SEGURIDAD<\/a><\/p>","protected":false},"excerpt":{"rendered":"<p>Acabado polim\u00e9rico para pisos. Deja el brillo de sus pisos durante meses. Provee brillo en baldosa, m\u00e1rmol, terrazo, lin\u00f3leo, vinilo, asbesto-vinilo y caucho. Hace m\u00e1s f\u00e1cil la limpieza del piso y resiste a las manchas marcas de zapatos, rasgu\u00f1os y detergentes. Permanece reluciente a\u00fan despu\u00e9s de repetidos trapeados de mantenimiento rutinario. FICHA COMERCIAL FICHA T\u00c9CNICA [&hellip;]<\/p>","protected":false},"featured_media":3347,"template":"","meta":[],"product_brand":[],"product_cat":[158,31],"product_tag":[],"class_list":{"0":"post-1374","1":"product","2":"type-product","3":"status-publish","4":"has-post-thumbnail","6":"product_cat-biotratamiento-para-superficies-industrial","7":"product_cat-biotratamiento-para-pisos","9":"first","10":"instock","11":"taxable","12":"shipping-taxable","13":"product-type-simple"},"_links":{"self":[{"href":"https:\/\/www.proinas.com\/en\/wp-json\/wp\/v2\/product\/1374","targetHints":{"allow":["GET"]}}],"collection":[{"href":"https:\/\/www.proinas.com\/en\/wp-json\/wp\/v2\/product"}],"about":[{"href":"https:\/\/www.proinas.com\/en\/wp-json\/wp\/v2\/types\/product"}],"wp:featuredmedia":[{"embeddable":true,"href":"https:\/\/www.proinas.com\/en\/wp-json\/wp\/v2\/media\/3347"}],"wp:attachment":[{"href":"https:\/\/www.proinas.com\/en\/wp-json\/wp\/v2\/media?parent=1374"}],"wp:term":[{"taxonomy":"product_brand","embeddable":true,"href":"https:\/\/www.proinas.com\/en\/wp-json\/wp\/v2\/product_brand?post=1374"},{"taxonomy":"product_cat","embeddable":true,"href":"https:\/\/www.proinas.com\/en\/wp-json\/wp\/v2\/product_cat?post=1374"},{"taxonomy":"product_tag","embeddable":true,"href":"https:\/\/www.proinas.com\/en\/wp-json\/wp\/v2\/product_tag?post=1374"}],"curies":[{"name":"wp","href":"https:\/\/api.w.org\/{rel}","templated":true}]}}