{"id":1376,"date":"2017-01-19T09:44:03","date_gmt":"2017-01-19T09:44:03","guid":{"rendered":"http:\/\/pronas.proinas.net\/producto\/white-sant\/"},"modified":"2022-04-07T23:12:24","modified_gmt":"2022-04-07T23:12:24","slug":"white-sant","status":"publish","type":"product","link":"https:\/\/www.proinas.com\/en\/product\/white-sant\/","title":{"rendered":"WHITE SANT"},"content":{"rendered":"<p style=\"text-align: justify;\"><strong>Desmanchador org\u00e1nico para superficies.<\/strong><\/p>\n<ul>\n<li style=\"text-align: justify;\">Es un producto desmanchador de pH acido \u00fatil en la limpieza de superficies como porcelana, cer\u00e1mica, granito pulido, gravilla, etc.<\/li>\n<li style=\"text-align: justify;\">No emana olores desagradables como los presentados por el uso del \u00e1cido muri\u00e1tico.<\/li>\n<li style=\"text-align: justify;\">Para la remoci\u00f3n de manchas reemplaza el uso de detergente en polvo, hipoclorito de sodio, abrasivos, \u00e1cido ox\u00e1lico, muri\u00e1tico o soluciones de \u00e9ste.<\/li>\n<li style=\"text-align: justify;\">\u00datil para la limpieza de dep\u00f3sitos calc\u00e1reos, grasas, jab\u00f3n y dem\u00e1s acumulaciones en paredes y brechas de los ba\u00f1os, jacuzzis, sanitarios, lavamanos y sanitarios.<\/li>\n<\/ul>\n<p style=\"text-align: center;\"><a href=\"https:\/\/www.proinas.com\/wp-content\/uploads\/2022\/03\/WHITE_SANT_Ficha_Comercial-protegido.pdf\" target=\"_blank\" rel=\"noopener noreferrer\">FICHA COMERCIAL<\/a><\/p>\n<p style=\"text-align: center;\"><a href=\"http:\/\/www.proinas.com\/en\/contact-us\/\">FICHA T\u00c9CNICA<\/a><\/p>\n<p style=\"text-align: center;\"><a href=\"http:\/\/www.proinas.com\/en\/contact-us\/\">FICHA SEGURIDAD<\/a><\/p>","protected":false},"excerpt":{"rendered":"<p>Desmanchador org\u00e1nico para superficies. Es un producto desmanchador de pH acido \u00fatil en la limpieza de superficies como porcelana, cer\u00e1mica, granito pulido, gravilla, etc. No emana olores desagradables como los presentados por el uso del \u00e1cido muri\u00e1tico. Para la remoci\u00f3n de manchas reemplaza el uso de detergente en polvo, hipoclorito de sodio, abrasivos, \u00e1cido ox\u00e1lico, [&hellip;]<\/p>","protected":false},"featured_media":3347,"template":"","meta":[],"product_brand":[],"product_cat":[175,154,163,178,15,31],"product_tag":[],"class_list":{"0":"post-1376","1":"product","2":"type-product","3":"status-publish","4":"has-post-thumbnail","6":"product_cat-biodesincrustantes-alimentos","7":"product_cat-biodesincrustantes-industrial","8":"product_cat-biodesincrustantes-institucional","9":"product_cat-biotratamientos-para-equipos-de-enfriamiento-alimentos","10":"product_cat-biodesincrustantes","11":"product_cat-biotratamiento-para-pisos","13":"first","14":"instock","15":"taxable","16":"shipping-taxable","17":"product-type-simple"},"_links":{"self":[{"href":"https:\/\/www.proinas.com\/en\/wp-json\/wp\/v2\/product\/1376","targetHints":{"allow":["GET"]}}],"collection":[{"href":"https:\/\/www.proinas.com\/en\/wp-json\/wp\/v2\/product"}],"about":[{"href":"https:\/\/www.proinas.com\/en\/wp-json\/wp\/v2\/types\/product"}],"wp:featuredmedia":[{"embeddable":true,"href":"https:\/\/www.proinas.com\/en\/wp-json\/wp\/v2\/media\/3347"}],"wp:attachment":[{"href":"https:\/\/www.proinas.com\/en\/wp-json\/wp\/v2\/media?parent=1376"}],"wp:term":[{"taxonomy":"product_brand","embeddable":true,"href":"https:\/\/www.proinas.com\/en\/wp-json\/wp\/v2\/product_brand?post=1376"},{"taxonomy":"product_cat","embeddable":true,"href":"https:\/\/www.proinas.com\/en\/wp-json\/wp\/v2\/product_cat?post=1376"},{"taxonomy":"product_tag","embeddable":true,"href":"https:\/\/www.proinas.com\/en\/wp-json\/wp\/v2\/product_tag?post=1376"}],"curies":[{"name":"wp","href":"https:\/\/api.w.org\/{rel}","templated":true}]}}