{"id":1377,"date":"2017-01-19T09:50:06","date_gmt":"2017-01-19T09:50:06","guid":{"rendered":"http:\/\/pronas.proinas.net\/producto\/santump\/"},"modified":"2022-04-07T23:11:59","modified_gmt":"2022-04-07T23:11:59","slug":"santump","status":"publish","type":"product","link":"https:\/\/www.proinas.com\/en\/product\/santump\/","title":{"rendered":"SANTUMP"},"content":{"rendered":"<p style=\"text-align: justify;\"><strong>PROTECCI\u00d3N COMPLETA PARA SU SISTEMA DE ENFRIAMIENTO.<\/strong><\/p>\n<ul>\n<li style=\"text-align: justify;\">Aditivo Anticorrosivo y Lubricante de la Bomba de Agua.<\/li>\n<li style=\"text-align: justify;\">Prolonga la vida del refrigerante y previene su descomposici\u00f3n, reemplazando a los inhibidores que con el tiempo se pierden.<\/li>\n<li style=\"text-align: justify;\">Lubrica la bomba de agua y la protege contra la corrosi\u00f3n.<\/li>\n<li style=\"text-align: justify;\">Protege hierro, acero, cobre, bronce, lat\u00f3n y conexiones soldadas, es decir, a los metales m\u00e1s com\u00fanmente utilizados en sistemas de enfriamiento.<\/li>\n<\/ul>\n<p style=\"text-align: center;\"><a href=\"http:\/\/proinas.com\/wp-content\/uploads\/2017\/01\/SANTUMP_Ficha_Comercial.pdf\" target=\"_blank\" rel=\"noopener noreferrer\">FICHA COMERCIAL<\/a><\/p>\n<p style=\"text-align: center;\"><a href=\"http:\/\/www.proinas.com\/en\/contact-us\/\">FICHA T\u00c9CNICA<\/a><\/p>\n<p style=\"text-align: center;\"><a href=\"http:\/\/www.proinas.com\/en\/contact-us\/\">FICHA SEGURIDAD<\/a><\/p>","protected":false},"excerpt":{"rendered":"<p>PROTECCI\u00d3N COMPLETA PARA SU SISTEMA DE ENFRIAMIENTO. Aditivo Anticorrosivo y Lubricante de la Bomba de Agua. Prolonga la vida del refrigerante y previene su descomposici\u00f3n, reemplazando a los inhibidores que con el tiempo se pierden. Lubrica la bomba de agua y la protege contra la corrosi\u00f3n. Protege hierro, acero, cobre, bronce, lat\u00f3n y conexiones soldadas, [&hellip;]<\/p>","protected":false},"featured_media":3347,"template":"","meta":[],"product_brand":[],"product_cat":[12],"product_tag":[],"class_list":{"0":"post-1377","1":"product","2":"type-product","3":"status-publish","4":"has-post-thumbnail","6":"product_cat-anticorrosivos-y-desoxidantes","8":"first","9":"instock","10":"taxable","11":"shipping-taxable","12":"product-type-simple"},"_links":{"self":[{"href":"https:\/\/www.proinas.com\/en\/wp-json\/wp\/v2\/product\/1377","targetHints":{"allow":["GET"]}}],"collection":[{"href":"https:\/\/www.proinas.com\/en\/wp-json\/wp\/v2\/product"}],"about":[{"href":"https:\/\/www.proinas.com\/en\/wp-json\/wp\/v2\/types\/product"}],"wp:featuredmedia":[{"embeddable":true,"href":"https:\/\/www.proinas.com\/en\/wp-json\/wp\/v2\/media\/3347"}],"wp:attachment":[{"href":"https:\/\/www.proinas.com\/en\/wp-json\/wp\/v2\/media?parent=1377"}],"wp:term":[{"taxonomy":"product_brand","embeddable":true,"href":"https:\/\/www.proinas.com\/en\/wp-json\/wp\/v2\/product_brand?post=1377"},{"taxonomy":"product_cat","embeddable":true,"href":"https:\/\/www.proinas.com\/en\/wp-json\/wp\/v2\/product_cat?post=1377"},{"taxonomy":"product_tag","embeddable":true,"href":"https:\/\/www.proinas.com\/en\/wp-json\/wp\/v2\/product_tag?post=1377"}],"curies":[{"name":"wp","href":"https:\/\/api.w.org\/{rel}","templated":true}]}}