{"id":1379,"date":"2017-01-19T09:52:53","date_gmt":"2017-01-19T09:52:53","guid":{"rendered":"http:\/\/pronas.proinas.net\/producto\/rusti-sant\/"},"modified":"2022-04-07T23:11:23","modified_gmt":"2022-04-07T23:11:23","slug":"rusti-sant","status":"publish","type":"product","link":"https:\/\/www.proinas.com\/en\/product\/rusti-sant\/","title":{"rendered":"RUSTY SANT\u00ae"},"content":{"rendered":"<p style=\"text-align: justify;\"><strong>CONVERTIDOR QU\u00cdMICO POLIM\u00c9RICO DE \u00d3XIDO.<\/strong><\/p>\n<p style=\"text-align: justify;\">&#8211; Contiene una f\u00f3rmula avanzada que conquista al \u00f3xido absorbiendo sus part\u00edculas y las transforma en una barrera negra y seca.<\/p>\n<p style=\"text-align: justify;\">&#8211; Cubre, protege y elimina todo tipo de corrosi\u00f3n en metales ferrosos.<\/p>\n<p style=\"text-align: justify;\">&#8211; No es inflamable, su emulsi\u00f3n es acuosa y no contiene solventes, y de baja toxicidad.<\/p>\n<p style=\"text-align: justify;\">&#8211; F\u00e1cil de usar y elimina en una sola etapa. Se puede utilizar en torres de enfriamiento, veh\u00edculos de transporte, tanques de almacenamiento, equipo y maquinaria agr\u00edcola, estructuras met\u00e1licas, v\u00e1lvulas y oleoductos.<\/p>\n<p style=\"text-align: center;\"><a href=\"https:\/\/www.proinas.com\/wp-content\/uploads\/2022\/03\/RUSTY_SANT_Ficha_Comercial-protegido.pdf\" target=\"_blank\" rel=\"noopener noreferrer\">FICHA COMERCIAL<\/a><\/p>","protected":false},"excerpt":{"rendered":"<p>CONVERTIDOR QU\u00cdMICO POLIM\u00c9RICO DE \u00d3XIDO. &#8211; Contiene una f\u00f3rmula avanzada que conquista al \u00f3xido absorbiendo sus part\u00edculas y las transforma en una barrera negra y seca. &#8211; Cubre, protege y elimina todo tipo de corrosi\u00f3n en metales ferrosos. &#8211; No es inflamable, su emulsi\u00f3n es acuosa y no contiene solventes, y de baja toxicidad. &#8211; [&hellip;]<\/p>","protected":false},"featured_media":3347,"template":"","meta":[],"product_brand":[],"product_cat":[170,152,12],"product_tag":[],"class_list":{"0":"post-1379","1":"product","2":"type-product","3":"status-publish","4":"has-post-thumbnail","6":"product_cat-anticorrosivos-y-biodesidantes-alimentos","7":"product_cat-anticorrosivos-y-biodesidantes-industrial","8":"product_cat-anticorrosivos-y-desoxidantes","10":"first","11":"outofstock","12":"taxable","13":"shipping-taxable","14":"product-type-simple"},"_links":{"self":[{"href":"https:\/\/www.proinas.com\/en\/wp-json\/wp\/v2\/product\/1379","targetHints":{"allow":["GET"]}}],"collection":[{"href":"https:\/\/www.proinas.com\/en\/wp-json\/wp\/v2\/product"}],"about":[{"href":"https:\/\/www.proinas.com\/en\/wp-json\/wp\/v2\/types\/product"}],"wp:featuredmedia":[{"embeddable":true,"href":"https:\/\/www.proinas.com\/en\/wp-json\/wp\/v2\/media\/3347"}],"wp:attachment":[{"href":"https:\/\/www.proinas.com\/en\/wp-json\/wp\/v2\/media?parent=1379"}],"wp:term":[{"taxonomy":"product_brand","embeddable":true,"href":"https:\/\/www.proinas.com\/en\/wp-json\/wp\/v2\/product_brand?post=1379"},{"taxonomy":"product_cat","embeddable":true,"href":"https:\/\/www.proinas.com\/en\/wp-json\/wp\/v2\/product_cat?post=1379"},{"taxonomy":"product_tag","embeddable":true,"href":"https:\/\/www.proinas.com\/en\/wp-json\/wp\/v2\/product_tag?post=1379"}],"curies":[{"name":"wp","href":"https:\/\/api.w.org\/{rel}","templated":true}]}}