{"id":1380,"date":"2017-01-19T09:55:12","date_gmt":"2017-01-19T09:55:12","guid":{"rendered":"http:\/\/pronas.proinas.net\/producto\/protect-coat\/"},"modified":"2022-04-07T23:10:14","modified_gmt":"2022-04-07T23:10:14","slug":"protect-coat","status":"publish","type":"product","link":"https:\/\/www.proinas.com\/en\/product\/protect-coat\/","title":{"rendered":"PROTECT COAT"},"content":{"rendered":"<p style=\"text-align: justify;\"><strong>RECUBRIMIENTO PROTECTOR PARA SUPERFICIES MET\u00c1LICAS.<\/strong><\/p>\n<ul>\n<li style=\"text-align: justify;\">Protege el metal contra corrosi\u00f3n, oxidaci\u00f3n y exposici\u00f3n constante a la intemperie tanto en metales ferrosos como no-ferrosos.<\/li>\n<li style=\"text-align: justify;\">Repele el agua dulce y salada.<\/li>\n<li style=\"text-align: justify;\">Contiene un inhibidor y desplazador de agua resistente a la humedad y a la oxidaci\u00f3n.<\/li>\n<li style=\"text-align: justify;\">Se distribuye por la superficie uniformemente. No se cristaliza, ni se cuartea.<\/li>\n<\/ul>\n<p style=\"text-align: center;\"><a href=\"https:\/\/www.proinas.com\/wp-content\/uploads\/2022\/03\/PROTECT_COAT_AEROSOL_Ficha_Comercial-protegido.pdf\" target=\"_blank\" rel=\"noopener noreferrer\">FICHA COMERCIAL<\/a><\/p>\n<p style=\"text-align: center;\"><a href=\"https:\/\/www.proinas.com\/en\/contact-us\/\" target=\"_blank\" rel=\"noopener noreferrer\">FICHA T\u00c9CNICA<\/a><\/p>\n<p style=\"text-align: center;\"><a href=\"https:\/\/www.proinas.com\/en\/contact-us\/\" target=\"_blank\" rel=\"noopener noreferrer\">FICHA SEGURIDAD<\/a><\/p>\n<p style=\"text-align: center;\"><a href=\"https:\/\/www.youtube.com\/watch?v=yZUISh55WRg\" target=\"_blank\" rel=\"noopener noreferrer\">V\u00cdDEO DEMOSTRACI\u00d3N<\/a><\/p>","protected":false},"excerpt":{"rendered":"<p>RECUBRIMIENTO PROTECTOR PARA SUPERFICIES MET\u00c1LICAS. Protege el metal contra corrosi\u00f3n, oxidaci\u00f3n y exposici\u00f3n constante a la intemperie tanto en metales ferrosos como no-ferrosos. Repele el agua dulce y salada. Contiene un inhibidor y desplazador de agua resistente a la humedad y a la oxidaci\u00f3n. Se distribuye por la superficie uniformemente. No se cristaliza, ni se [&hellip;]<\/p>","protected":false},"featured_media":3347,"template":"","meta":[],"product_brand":[],"product_cat":[138,170,152,12],"product_tag":[],"class_list":{"0":"post-1380","1":"product","2":"type-product","3":"status-publish","4":"has-post-thumbnail","6":"product_cat-aerosoles","7":"product_cat-anticorrosivos-y-biodesidantes-alimentos","8":"product_cat-anticorrosivos-y-biodesidantes-industrial","9":"product_cat-anticorrosivos-y-desoxidantes","11":"first","12":"instock","13":"taxable","14":"shipping-taxable","15":"product-type-simple"},"_links":{"self":[{"href":"https:\/\/www.proinas.com\/en\/wp-json\/wp\/v2\/product\/1380","targetHints":{"allow":["GET"]}}],"collection":[{"href":"https:\/\/www.proinas.com\/en\/wp-json\/wp\/v2\/product"}],"about":[{"href":"https:\/\/www.proinas.com\/en\/wp-json\/wp\/v2\/types\/product"}],"wp:featuredmedia":[{"embeddable":true,"href":"https:\/\/www.proinas.com\/en\/wp-json\/wp\/v2\/media\/3347"}],"wp:attachment":[{"href":"https:\/\/www.proinas.com\/en\/wp-json\/wp\/v2\/media?parent=1380"}],"wp:term":[{"taxonomy":"product_brand","embeddable":true,"href":"https:\/\/www.proinas.com\/en\/wp-json\/wp\/v2\/product_brand?post=1380"},{"taxonomy":"product_cat","embeddable":true,"href":"https:\/\/www.proinas.com\/en\/wp-json\/wp\/v2\/product_cat?post=1380"},{"taxonomy":"product_tag","embeddable":true,"href":"https:\/\/www.proinas.com\/en\/wp-json\/wp\/v2\/product_tag?post=1380"}],"curies":[{"name":"wp","href":"https:\/\/api.w.org\/{rel}","templated":true}]}}