{"id":1381,"date":"2017-01-19T09:56:58","date_gmt":"2017-01-19T09:56:58","guid":{"rendered":"http:\/\/pronas.proinas.net\/producto\/protect-dark\/"},"modified":"2022-04-07T23:09:45","modified_gmt":"2022-04-07T23:09:45","slug":"protect-dark","status":"publish","type":"product","link":"https:\/\/www.proinas.com\/en\/product\/protect-dark\/","title":{"rendered":"PROTECT DARK"},"content":{"rendered":"<p style=\"text-align: justify;\"><strong>TRATAMIENTO ANTICORROSIVO.<\/strong><\/p>\n<ul>\n<li style=\"text-align: justify;\">Protege contra la corrosi\u00f3n del hierro, aluminio, bronce, acero, cobre y magnesio. No se vuelve quebradizo ni se agrieta. Es efectivo en tiempo fr\u00edo o caliente.<\/li>\n<li style=\"text-align: justify;\">Desaloja e impide la penetraci\u00f3n de agua y humedad. Elimina la necesidad del cromado, parafinado o lacado en aplicaciones.<\/li>\n<li style=\"text-align: justify;\">Usos en herramientas, instrumentos de medici\u00f3n, dados, troqueles, armas de fuego, materiales tratados t\u00e9rmica y qu\u00edmicamente, superficies de precisi\u00f3n rectificadas.<\/li>\n<\/ul>\n<p style=\"text-align: center;\"><a href=\"https:\/\/www.proinas.com\/wp-content\/uploads\/2022\/03\/PROTECT_DARK_AEROROL_Ficha_Comercial-protegido.pdf\" target=\"_blank\" rel=\"noopener noreferrer\">FICHA COMERCIAL<\/a><\/p>\n<p style=\"text-align: center;\"><a href=\"https:\/\/www.proinas.com\/en\/contact-us\/\" target=\"_blank\" rel=\"noopener noreferrer\">FICHA T\u00c9CNICA<\/a><\/p>\n<p style=\"text-align: center;\"><a href=\"https:\/\/www.proinas.com\/en\/contact-us\/\" target=\"_blank\" rel=\"noopener noreferrer\">FICHA SEGURIDAD<\/a><\/p>","protected":false},"excerpt":{"rendered":"<p>TRATAMIENTO ANTICORROSIVO. Protege contra la corrosi\u00f3n del hierro, aluminio, bronce, acero, cobre y magnesio. No se vuelve quebradizo ni se agrieta. Es efectivo en tiempo fr\u00edo o caliente. Desaloja e impide la penetraci\u00f3n de agua y humedad. Elimina la necesidad del cromado, parafinado o lacado en aplicaciones. Usos en herramientas, instrumentos de medici\u00f3n, dados, troqueles, [&hellip;]<\/p>","protected":false},"featured_media":3347,"template":"","meta":[],"product_brand":[],"product_cat":[138,170,152,12],"product_tag":[],"class_list":{"0":"post-1381","1":"product","2":"type-product","3":"status-publish","4":"has-post-thumbnail","6":"product_cat-aerosoles","7":"product_cat-anticorrosivos-y-biodesidantes-alimentos","8":"product_cat-anticorrosivos-y-biodesidantes-industrial","9":"product_cat-anticorrosivos-y-desoxidantes","11":"first","12":"instock","13":"taxable","14":"shipping-taxable","15":"product-type-simple"},"_links":{"self":[{"href":"https:\/\/www.proinas.com\/en\/wp-json\/wp\/v2\/product\/1381","targetHints":{"allow":["GET"]}}],"collection":[{"href":"https:\/\/www.proinas.com\/en\/wp-json\/wp\/v2\/product"}],"about":[{"href":"https:\/\/www.proinas.com\/en\/wp-json\/wp\/v2\/types\/product"}],"wp:featuredmedia":[{"embeddable":true,"href":"https:\/\/www.proinas.com\/en\/wp-json\/wp\/v2\/media\/3347"}],"wp:attachment":[{"href":"https:\/\/www.proinas.com\/en\/wp-json\/wp\/v2\/media?parent=1381"}],"wp:term":[{"taxonomy":"product_brand","embeddable":true,"href":"https:\/\/www.proinas.com\/en\/wp-json\/wp\/v2\/product_brand?post=1381"},{"taxonomy":"product_cat","embeddable":true,"href":"https:\/\/www.proinas.com\/en\/wp-json\/wp\/v2\/product_cat?post=1381"},{"taxonomy":"product_tag","embeddable":true,"href":"https:\/\/www.proinas.com\/en\/wp-json\/wp\/v2\/product_tag?post=1381"}],"curies":[{"name":"wp","href":"https:\/\/api.w.org\/{rel}","templated":true}]}}