{"id":1386,"date":"2017-01-19T09:58:40","date_gmt":"2017-01-19T09:58:40","guid":{"rendered":"http:\/\/pronas.proinas.net\/producto\/rusted\/"},"modified":"2022-04-07T23:09:23","modified_gmt":"2022-04-07T23:09:23","slug":"rusted","status":"publish","type":"product","link":"https:\/\/www.proinas.com\/en\/product\/rusted\/","title":{"rendered":"RUSTED"},"content":{"rendered":"<p style=\"text-align: justify;\"><strong>REMOVEDOR ESPECIAL DE \u00d3XIDO.<\/strong><\/p>\n<ul>\n<li style=\"text-align: justify;\">Removedor de \u00f3xido, desaparece manchas de \u00f3xido en la ropa, no contiene fragancia.<\/li>\n<li style=\"text-align: justify;\">Es r\u00e1pido y de f\u00e1cil enjuague, es estable a los cambios clim\u00e1ticos.<\/li>\n<li style=\"text-align: justify;\">Usos en ropa, ba\u00f1os y pisos.<\/li>\n<\/ul>\n<p style=\"text-align: center;\"><a href=\"https:\/\/www.proinas.com\/wp-content\/uploads\/2022\/03\/RUSTED_Ficha_Comercial-2-protegido.pdf\" target=\"_blank\" rel=\"noopener noreferrer\">FICHA COMERCIAL<\/a><\/p>\n<p style=\"text-align: center;\"><a href=\"https:\/\/proinas.com\/wp-content\/uploads\/2017\/01\/RUSTED_Ficha_Tecnica.pdf\" target=\"_blank\" rel=\"noopener noreferrer\">FICHA T\u00c9CNICA<\/a><\/p>\n<p style=\"text-align: center;\"><a href=\"https:\/\/www.proinas.com\/en\/contact-us\/\" target=\"_blank\" rel=\"noopener noreferrer\">FICHA SEGURIDAD<\/a><\/p>\n<p style=\"text-align: center;\"><a href=\"https:\/\/www.youtube.com\/watch?v=CqgmycWBnEY\" target=\"_blank\" rel=\"noopener noreferrer\">V\u00cdDEO DEMOSTRACI\u00d3N\u00a0<\/a><\/p>","protected":false},"excerpt":{"rendered":"<p>REMOVEDOR ESPECIAL DE \u00d3XIDO. Removedor de \u00f3xido, desaparece manchas de \u00f3xido en la ropa, no contiene fragancia. Es r\u00e1pido y de f\u00e1cil enjuague, es estable a los cambios clim\u00e1ticos. Usos en ropa, ba\u00f1os y pisos. FICHA COMERCIAL FICHA T\u00c9CNICA FICHA SEGURIDAD V\u00cdDEO DEMOSTRACI\u00d3N\u00a0<\/p>","protected":false},"featured_media":3347,"template":"","meta":[],"product_brand":[],"product_cat":[170,152,12],"product_tag":[],"class_list":{"0":"post-1386","1":"product","2":"type-product","3":"status-publish","4":"has-post-thumbnail","6":"product_cat-anticorrosivos-y-biodesidantes-alimentos","7":"product_cat-anticorrosivos-y-biodesidantes-industrial","8":"product_cat-anticorrosivos-y-desoxidantes","10":"first","11":"instock","12":"taxable","13":"shipping-taxable","14":"product-type-simple"},"_links":{"self":[{"href":"https:\/\/www.proinas.com\/en\/wp-json\/wp\/v2\/product\/1386","targetHints":{"allow":["GET"]}}],"collection":[{"href":"https:\/\/www.proinas.com\/en\/wp-json\/wp\/v2\/product"}],"about":[{"href":"https:\/\/www.proinas.com\/en\/wp-json\/wp\/v2\/types\/product"}],"wp:featuredmedia":[{"embeddable":true,"href":"https:\/\/www.proinas.com\/en\/wp-json\/wp\/v2\/media\/3347"}],"wp:attachment":[{"href":"https:\/\/www.proinas.com\/en\/wp-json\/wp\/v2\/media?parent=1386"}],"wp:term":[{"taxonomy":"product_brand","embeddable":true,"href":"https:\/\/www.proinas.com\/en\/wp-json\/wp\/v2\/product_brand?post=1386"},{"taxonomy":"product_cat","embeddable":true,"href":"https:\/\/www.proinas.com\/en\/wp-json\/wp\/v2\/product_cat?post=1386"},{"taxonomy":"product_tag","embeddable":true,"href":"https:\/\/www.proinas.com\/en\/wp-json\/wp\/v2\/product_tag?post=1386"}],"curies":[{"name":"wp","href":"https:\/\/api.w.org\/{rel}","templated":true}]}}