{"id":1387,"date":"2017-01-19T10:00:13","date_gmt":"2017-01-19T10:00:13","guid":{"rendered":"http:\/\/pronas.proinas.net\/producto\/santi-etch\/"},"modified":"2026-02-12T12:18:00","modified_gmt":"2026-02-12T17:18:00","slug":"santi-etch","status":"publish","type":"product","link":"https:\/\/www.proinas.com\/en\/product\/santi-etch\/","title":{"rendered":"SANTI ETCH"},"content":{"rendered":"<p style=\"text-align: justify;\"><strong>LIMPIA, DESENGRASA, DESOXIDA Y PASIVIZA METALES EN UNA SOLA OPERACI\u00d3N.<\/strong><\/p>\n<ul>\n<li style=\"text-align: justify;\">De acci\u00f3n r\u00e1pida, econ\u00f3mico y f\u00e1cil de usar.<\/li>\n<li style=\"text-align: justify;\">Acondiciona el metal mientras limpia, dejando una superficie suave por medio de m\u00e9todos qu\u00edmicamente controlados.<\/li>\n<li style=\"text-align: justify;\">Seguro en aluminio, hierro, acero y placas de cadmio, lat\u00f3n, cobre, bronce y plomo.<\/li>\n<li style=\"text-align: justify;\">Es usado para pasivizar y limpiar acero y aluminio donde existen dep\u00f3sitos claros de materias extra\u00f1as.<\/li>\n<\/ul>\n<p style=\"text-align: center;\"><a href=\"https:\/\/www.proinas.com\/wp-content\/uploads\/2022\/03\/SANTIETCH_Ficha_Comercial-protegido.pdf\" target=\"_blank\" rel=\"noopener noreferrer\">FICHA COMERCIAL<\/a><\/p>\n<p style=\"text-align: center;\"><a href=\"https:\/\/proinas.com\/wp-content\/uploads\/2017\/01\/SANTIETCH_Ficha_Tecnica.pdf\" target=\"_blank\" rel=\"noopener noreferrer\">FICHA T\u00c9CNICA<\/a><\/p>\n<p style=\"text-align: center;\"><a href=\"https:\/\/www.proinas.com\/en\/contact-us\/\" target=\"_blank\" rel=\"noopener noreferrer\">FICHA SEGURIDAD<\/a><\/p>\n<p style=\"text-align: center;\"><a href=\"https:\/\/www.youtube.com\/watch?v=qRxjPyvdowI\" target=\"_blank\" rel=\"noopener noreferrer\">V\u00cdDEO DEMOSTRACI\u00d3N<\/a><\/p>","protected":false},"excerpt":{"rendered":"<p>LIMPIA, DESENGRASA, DESOXIDA Y PASIVIZA METALES EN UNA SOLA OPERACI\u00d3N. De acci\u00f3n r\u00e1pida, econ\u00f3mico y f\u00e1cil de usar. Acondiciona el metal mientras limpia, dejando una superficie suave por medio de m\u00e9todos qu\u00edmicamente controlados. Seguro en aluminio, hierro, acero y placas de cadmio, lat\u00f3n, cobre, bronce y plomo. Es usado para pasivizar y limpiar acero y [&hellip;]<\/p>","protected":false},"featured_media":3347,"template":"","meta":[],"product_brand":[],"product_cat":[170,152,12,121],"product_tag":[],"class_list":{"0":"post-1387","1":"product","2":"type-product","3":"status-publish","4":"has-post-thumbnail","6":"product_cat-anticorrosivos-y-biodesidantes-alimentos","7":"product_cat-anticorrosivos-y-biodesidantes-industrial","8":"product_cat-anticorrosivos-y-desoxidantes","9":"product_cat-tienda","11":"first","12":"instock","13":"taxable","14":"shipping-taxable","15":"product-type-simple"},"_links":{"self":[{"href":"https:\/\/www.proinas.com\/en\/wp-json\/wp\/v2\/product\/1387","targetHints":{"allow":["GET"]}}],"collection":[{"href":"https:\/\/www.proinas.com\/en\/wp-json\/wp\/v2\/product"}],"about":[{"href":"https:\/\/www.proinas.com\/en\/wp-json\/wp\/v2\/types\/product"}],"wp:featuredmedia":[{"embeddable":true,"href":"https:\/\/www.proinas.com\/en\/wp-json\/wp\/v2\/media\/3347"}],"wp:attachment":[{"href":"https:\/\/www.proinas.com\/en\/wp-json\/wp\/v2\/media?parent=1387"}],"wp:term":[{"taxonomy":"product_brand","embeddable":true,"href":"https:\/\/www.proinas.com\/en\/wp-json\/wp\/v2\/product_brand?post=1387"},{"taxonomy":"product_cat","embeddable":true,"href":"https:\/\/www.proinas.com\/en\/wp-json\/wp\/v2\/product_cat?post=1387"},{"taxonomy":"product_tag","embeddable":true,"href":"https:\/\/www.proinas.com\/en\/wp-json\/wp\/v2\/product_tag?post=1387"}],"curies":[{"name":"wp","href":"https:\/\/api.w.org\/{rel}","templated":true}]}}