{"id":1392,"date":"2017-01-19T10:09:00","date_gmt":"2017-01-19T10:09:00","guid":{"rendered":"http:\/\/pronas.proinas.net\/producto\/clean-cip\/"},"modified":"2022-04-07T23:08:06","modified_gmt":"2022-04-07T23:08:06","slug":"clean-cip","status":"publish","type":"product","link":"https:\/\/www.proinas.com\/en\/product\/clean-cip\/","title":{"rendered":"CLEAN CIP"},"content":{"rendered":"<p style=\"text-align: justify;\"><strong>Limpiador especial para equipos CIP.<\/strong><\/p>\n<ul>\n<li style=\"text-align: justify;\">Es un producto desengrasante que consiste en una mezcla acuosa de agentes penetrantes, alcalin\u00edzate e inhibidores de corrosi\u00f3n.<\/li>\n<li style=\"text-align: justify;\">\u00datil para limpieza en sistemas CIP en empresas de alimentos.<\/li>\n<\/ul>\n<p style=\"text-align: center;\"><a href=\"http:\/\/proinas.net\/wp-content\/uploads\/2017\/01\/CLEAN_CIP_Ficha_Comercial.pdf\" target=\"_blank\" rel=\"noopener noreferrer\">FICHA COMERCIAL<\/a><\/p>\n<p style=\"text-align: center;\"><a href=\"http:\/\/www.proinas.com\/en\/contact-us\/\">FICHA T\u00c9CNICA<\/a><\/p>\n<p style=\"text-align: center;\"><a href=\"http:\/\/www.proinas.com\/en\/contact-us\/\">FICHA SEGURIDAD<\/a><\/p>","protected":false},"excerpt":{"rendered":"<p>Limpiador especial para equipos CIP. Es un producto desengrasante que consiste en una mezcla acuosa de agentes penetrantes, alcalin\u00edzate e inhibidores de corrosi\u00f3n. \u00datil para limpieza en sistemas CIP en empresas de alimentos. FICHA COMERCIAL FICHA T\u00c9CNICA FICHA SEGURIDAD<\/p>","protected":false},"featured_media":3347,"template":"","meta":[],"product_brand":[],"product_cat":[171,134],"product_tag":[],"class_list":{"0":"post-1392","1":"product","2":"type-product","3":"status-publish","4":"has-post-thumbnail","6":"product_cat-biodesengrsante-de-grado-alimenticio-alimentos","7":"product_cat-biodesengrasantes-linea-para-alimentos","9":"first","10":"instock","11":"taxable","12":"shipping-taxable","13":"product-type-simple"},"_links":{"self":[{"href":"https:\/\/www.proinas.com\/en\/wp-json\/wp\/v2\/product\/1392","targetHints":{"allow":["GET"]}}],"collection":[{"href":"https:\/\/www.proinas.com\/en\/wp-json\/wp\/v2\/product"}],"about":[{"href":"https:\/\/www.proinas.com\/en\/wp-json\/wp\/v2\/types\/product"}],"wp:featuredmedia":[{"embeddable":true,"href":"https:\/\/www.proinas.com\/en\/wp-json\/wp\/v2\/media\/3347"}],"wp:attachment":[{"href":"https:\/\/www.proinas.com\/en\/wp-json\/wp\/v2\/media?parent=1392"}],"wp:term":[{"taxonomy":"product_brand","embeddable":true,"href":"https:\/\/www.proinas.com\/en\/wp-json\/wp\/v2\/product_brand?post=1392"},{"taxonomy":"product_cat","embeddable":true,"href":"https:\/\/www.proinas.com\/en\/wp-json\/wp\/v2\/product_cat?post=1392"},{"taxonomy":"product_tag","embeddable":true,"href":"https:\/\/www.proinas.com\/en\/wp-json\/wp\/v2\/product_tag?post=1392"}],"curies":[{"name":"wp","href":"https:\/\/api.w.org\/{rel}","templated":true}]}}