{"id":1394,"date":"2017-01-19T10:14:09","date_gmt":"2017-01-19T10:14:09","guid":{"rendered":"http:\/\/pronas.proinas.net\/producto\/canteen-crystal\/"},"modified":"2022-04-07T23:07:19","modified_gmt":"2022-04-07T23:07:19","slug":"canteen-crystal","status":"publish","type":"product","link":"https:\/\/www.proinas.com\/en\/product\/canteen-crystal\/","title":{"rendered":"CANTEEN CRYSTAL"},"content":{"rendered":"<p style=\"text-align: justify;\"><strong>Shampoo extraconcentrado para lavado equipos y maquinaria en empresas lecheras.<\/strong><\/p>\n<ul>\n<li style=\"text-align: justify;\">Es una mezcla de agentes activos y qu\u00edmicos acondicionadores de agua, sobre una base acuosa.<\/li>\n<li style=\"text-align: justify;\">No contiene ingredientes fuertes o irritantes.<\/li>\n<li style=\"text-align: justify;\">Limpiador l\u00edquido formulado especialmente para el lavado de veh\u00edculos automotores y equipos lecheros.<\/li>\n<\/ul>\n<p style=\"text-align: center;\"><a href=\"http:\/\/proinas.com\/wp-content\/uploads\/2017\/01\/CANTEEN_CRYSTAL_Ficha_Comercial.pdf\" target=\"_blank\" rel=\"noopener noreferrer\">FICHA COMERCIAL<\/a><\/p>\n<p style=\"text-align: center;\"><a href=\"http:\/\/www.proinas.com\/en\/contact-us\/\">FICHA T\u00c9CNICA<\/a><\/p>\n<p style=\"text-align: center;\"><a href=\"http:\/\/www.proinas.com\/en\/contact-us\/\">FICHA SEGURIDAD<\/a><\/p>","protected":false},"excerpt":{"rendered":"<p>Shampoo extraconcentrado para lavado equipos y maquinaria en empresas lecheras. Es una mezcla de agentes activos y qu\u00edmicos acondicionadores de agua, sobre una base acuosa. No contiene ingredientes fuertes o irritantes. Limpiador l\u00edquido formulado especialmente para el lavado de veh\u00edculos automotores y equipos lecheros. FICHA COMERCIAL FICHA T\u00c9CNICA FICHA SEGURIDAD<\/p>","protected":false},"featured_media":3347,"template":"","meta":[],"product_brand":[],"product_cat":[134],"product_tag":[],"class_list":{"0":"post-1394","1":"product","2":"type-product","3":"status-publish","4":"has-post-thumbnail","6":"product_cat-biodesengrasantes-linea-para-alimentos","8":"first","9":"instock","10":"taxable","11":"shipping-taxable","12":"product-type-simple"},"_links":{"self":[{"href":"https:\/\/www.proinas.com\/en\/wp-json\/wp\/v2\/product\/1394","targetHints":{"allow":["GET"]}}],"collection":[{"href":"https:\/\/www.proinas.com\/en\/wp-json\/wp\/v2\/product"}],"about":[{"href":"https:\/\/www.proinas.com\/en\/wp-json\/wp\/v2\/types\/product"}],"wp:featuredmedia":[{"embeddable":true,"href":"https:\/\/www.proinas.com\/en\/wp-json\/wp\/v2\/media\/3347"}],"wp:attachment":[{"href":"https:\/\/www.proinas.com\/en\/wp-json\/wp\/v2\/media?parent=1394"}],"wp:term":[{"taxonomy":"product_brand","embeddable":true,"href":"https:\/\/www.proinas.com\/en\/wp-json\/wp\/v2\/product_brand?post=1394"},{"taxonomy":"product_cat","embeddable":true,"href":"https:\/\/www.proinas.com\/en\/wp-json\/wp\/v2\/product_cat?post=1394"},{"taxonomy":"product_tag","embeddable":true,"href":"https:\/\/www.proinas.com\/en\/wp-json\/wp\/v2\/product_tag?post=1394"}],"curies":[{"name":"wp","href":"https:\/\/api.w.org\/{rel}","templated":true}]}}