{"id":1398,"date":"2017-01-19T10:15:47","date_gmt":"2017-01-19T10:15:47","guid":{"rendered":"http:\/\/pronas.proinas.net\/producto\/bio-sant\/"},"modified":"2022-04-07T23:06:53","modified_gmt":"2022-04-07T23:06:53","slug":"bio-sant","status":"publish","type":"product","link":"https:\/\/www.proinas.com\/en\/product\/bio-sant\/","title":{"rendered":"BIO SANT"},"content":{"rendered":"<p style=\"text-align: justify;\"><strong>Desegrasante \u00e1cido de alta concentraci\u00f3n.<\/strong><\/p>\n<ul>\n<li style=\"text-align: justify;\">Es una soluci\u00f3n \u00e1cida compuesta por surfactantes, estabilizantes y solventes convenientes para la limpieza desengrase de metales y superficies en todo tipo de empresas.<\/li>\n<li style=\"text-align: justify;\">No mancha ni graba el acero inoxidable como otros limpiadores \u00e1cidos.<\/li>\n<li style=\"text-align: justify;\">Limpia y desengrasa en una sola operaci\u00f3n.<\/li>\n<li style=\"text-align: justify;\">No t\u00f3xico, no inflamable. Es biodegradable.<\/li>\n<\/ul>\n<p style=\"text-align: center;\"><a href=\"https:\/\/www.proinas.com\/wp-content\/uploads\/2022\/03\/BIO_SANT_Ficha_Comercial-1-protegido.pdf\" target=\"_blank\" rel=\"noopener noreferrer\">FICHA COMERCIAL<\/a><\/p>\n<p style=\"text-align: center;\"><a href=\"http:\/\/www.proinas.com\/en\/contact-us\/\">FICHA T\u00c9CNICA<\/a><\/p>\n<p style=\"text-align: center;\"><a href=\"http:\/\/www.proinas.com\/en\/contact-us\/\">FICHA SEGURIDAD<\/a><\/p>","protected":false},"excerpt":{"rendered":"<p>Desegrasante \u00e1cido de alta concentraci\u00f3n. Es una soluci\u00f3n \u00e1cida compuesta por surfactantes, estabilizantes y solventes convenientes para la limpieza desengrase de metales y superficies en todo tipo de empresas. No mancha ni graba el acero inoxidable como otros limpiadores \u00e1cidos. Limpia y desengrasa en una sola operaci\u00f3n. No t\u00f3xico, no inflamable. Es biodegradable. FICHA COMERCIAL [&hellip;]<\/p>","protected":false},"featured_media":3347,"template":"","meta":[],"product_brand":[],"product_cat":[171,134],"product_tag":[],"class_list":{"0":"post-1398","1":"product","2":"type-product","3":"status-publish","4":"has-post-thumbnail","6":"product_cat-biodesengrsante-de-grado-alimenticio-alimentos","7":"product_cat-biodesengrasantes-linea-para-alimentos","9":"first","10":"instock","11":"taxable","12":"shipping-taxable","13":"product-type-simple"},"_links":{"self":[{"href":"https:\/\/www.proinas.com\/en\/wp-json\/wp\/v2\/product\/1398","targetHints":{"allow":["GET"]}}],"collection":[{"href":"https:\/\/www.proinas.com\/en\/wp-json\/wp\/v2\/product"}],"about":[{"href":"https:\/\/www.proinas.com\/en\/wp-json\/wp\/v2\/types\/product"}],"wp:featuredmedia":[{"embeddable":true,"href":"https:\/\/www.proinas.com\/en\/wp-json\/wp\/v2\/media\/3347"}],"wp:attachment":[{"href":"https:\/\/www.proinas.com\/en\/wp-json\/wp\/v2\/media?parent=1398"}],"wp:term":[{"taxonomy":"product_brand","embeddable":true,"href":"https:\/\/www.proinas.com\/en\/wp-json\/wp\/v2\/product_brand?post=1398"},{"taxonomy":"product_cat","embeddable":true,"href":"https:\/\/www.proinas.com\/en\/wp-json\/wp\/v2\/product_cat?post=1398"},{"taxonomy":"product_tag","embeddable":true,"href":"https:\/\/www.proinas.com\/en\/wp-json\/wp\/v2\/product_tag?post=1398"}],"curies":[{"name":"wp","href":"https:\/\/api.w.org\/{rel}","templated":true}]}}