{"id":1400,"date":"2017-01-19T10:18:20","date_gmt":"2017-01-19T10:18:20","guid":{"rendered":"http:\/\/pronas.proinas.net\/producto\/basket-sant\/"},"modified":"2022-04-07T23:06:19","modified_gmt":"2022-04-07T23:06:19","slug":"basket-sant","status":"publish","type":"product","link":"https:\/\/www.proinas.com\/en\/product\/basket-sant\/","title":{"rendered":"BASKET SANT"},"content":{"rendered":"<p style=\"text-align: justify;\"><strong>Limpiador desengrasante antiespumante y desinfectante para lavado de canastas<\/strong><\/p>\n<ul>\n<li style=\"text-align: justify;\">Es un limpiador concentrado que cuenta en su formulaci\u00f3n con agentes antiespumantes que aseguran facilidad de manejo, operaci\u00f3n en m\u00e1quinas lavadoras de canastas y enjuague. Su base es un desinfectante a base de cloruro de amonio cuaternario.<\/li>\n<li style=\"text-align: justify;\">Adem\u00e1s cuenta con agentes secuestrantes, detergentes no i\u00f3nicos, productores de fosfato y desodorizantes mezclados para proveer un limpiador germinicida resistente, aun en aguas duras.<\/li>\n<\/ul>\n<p style=\"text-align: center;\"><a href=\"https:\/\/proinas.com\/wp-content\/uploads\/2017\/01\/BASKET_SANT_CANASTAS_Ficha_Comercial-protegido.pdf\" target=\"_blank\" rel=\"noopener noreferrer\">FICHA COMERCIAL<\/a><\/p>\n<p style=\"text-align: center;\"><a href=\"http:\/\/www.proinas.com\/en\/contact-us\/\">FICHA T\u00c9CNICA<\/a><\/p>\n<p style=\"text-align: center;\"><a href=\"http:\/\/www.proinas.com\/en\/contact-us\/\">FICHA SEGURIDAD<\/a><\/p>","protected":false},"excerpt":{"rendered":"<p>Limpiador desengrasante antiespumante y desinfectante para lavado de canastas Es un limpiador concentrado que cuenta en su formulaci\u00f3n con agentes antiespumantes que aseguran facilidad de manejo, operaci\u00f3n en m\u00e1quinas lavadoras de canastas y enjuague. Su base es un desinfectante a base de cloruro de amonio cuaternario. Adem\u00e1s cuenta con agentes secuestrantes, detergentes no i\u00f3nicos, productores [&hellip;]<\/p>","protected":false},"featured_media":3347,"template":"","meta":[],"product_brand":[],"product_cat":[171,134],"product_tag":[],"class_list":{"0":"post-1400","1":"product","2":"type-product","3":"status-publish","4":"has-post-thumbnail","6":"product_cat-biodesengrsante-de-grado-alimenticio-alimentos","7":"product_cat-biodesengrasantes-linea-para-alimentos","9":"first","10":"instock","11":"taxable","12":"shipping-taxable","13":"product-type-simple"},"_links":{"self":[{"href":"https:\/\/www.proinas.com\/en\/wp-json\/wp\/v2\/product\/1400","targetHints":{"allow":["GET"]}}],"collection":[{"href":"https:\/\/www.proinas.com\/en\/wp-json\/wp\/v2\/product"}],"about":[{"href":"https:\/\/www.proinas.com\/en\/wp-json\/wp\/v2\/types\/product"}],"wp:featuredmedia":[{"embeddable":true,"href":"https:\/\/www.proinas.com\/en\/wp-json\/wp\/v2\/media\/3347"}],"wp:attachment":[{"href":"https:\/\/www.proinas.com\/en\/wp-json\/wp\/v2\/media?parent=1400"}],"wp:term":[{"taxonomy":"product_brand","embeddable":true,"href":"https:\/\/www.proinas.com\/en\/wp-json\/wp\/v2\/product_brand?post=1400"},{"taxonomy":"product_cat","embeddable":true,"href":"https:\/\/www.proinas.com\/en\/wp-json\/wp\/v2\/product_cat?post=1400"},{"taxonomy":"product_tag","embeddable":true,"href":"https:\/\/www.proinas.com\/en\/wp-json\/wp\/v2\/product_tag?post=1400"}],"curies":[{"name":"wp","href":"https:\/\/api.w.org\/{rel}","templated":true}]}}