{"id":1403,"date":"2017-01-19T10:20:07","date_gmt":"2017-01-19T10:20:07","guid":{"rendered":"http:\/\/pronas.proinas.net\/producto\/santi-green-crystal\/"},"modified":"2022-04-07T23:04:13","modified_gmt":"2022-04-07T23:04:13","slug":"santi-green-crystal","status":"publish","type":"product","link":"https:\/\/www.proinas.com\/en\/product\/santi-green-crystal\/","title":{"rendered":"SANTI GREEN CRYSTAL"},"content":{"rendered":"<p style=\"text-align: justify;\"><strong>Limpiador Desengrasante incoloro espumoso e inodoro.<\/strong><\/p>\n<ul>\n<li style=\"text-align: justify;\">SANTI GREEN CRYSTAL es una mezcla de agente limpiadores y humectantes, detergentes cati\u00f3nicos y no i\u00f3nicos, agentes secuestrantes y fosfatos disueltos en un medio acuoso estable.<\/li>\n<li style=\"text-align: justify;\">Est\u00e1 dise\u00f1ado para la limpieza y desengrase de equipos, maquinarias y superficies en general, en donde se necesite un limpiador eficaz y no inflamable, ideal para desengrasar campanas extractoras, bater\u00edas de cocina industriales, remueve aceite, cera, gasolina, moho y espuma sucia de sentinas.<\/li>\n<li style=\"text-align: justify;\">Es ideal para la industria petrolera, motores, tanques de inmersi\u00f3n, talleres de autom\u00f3viles, maquinaria, industrias de aviaci\u00f3n, industrias de alimentos, ayuntamientos, imprentas y peri\u00f3dicos, industrias navales, escuelas, colegios y adem\u00e1s prepara las superficies para pintarlas.<\/li>\n<\/ul>\n<p style=\"text-align: center;\"><a href=\"https:\/\/www.proinas.com\/wp-content\/uploads\/2022\/03\/SANTI_GREEN_CRYSTAL_ALIMENTOS_Ficha_Comercial-protegido-1.pdf\" target=\"_blank\" rel=\"noopener noreferrer\">FICHA COMERCIAL<\/a><\/p>\n<p style=\"text-align: center;\"><a href=\"http:\/\/www.proinas.com\/en\/contact-us\/\">FICHA T\u00c9CNICA<\/a><\/p>\n<p style=\"text-align: center;\"><a href=\"http:\/\/www.proinas.com\/en\/contact-us\/\">FICHA SEGURIDAD<\/a><\/p>","protected":false},"excerpt":{"rendered":"<p>Limpiador Desengrasante incoloro espumoso e inodoro. SANTI GREEN CRYSTAL es una mezcla de agente limpiadores y humectantes, detergentes cati\u00f3nicos y no i\u00f3nicos, agentes secuestrantes y fosfatos disueltos en un medio acuoso estable. Est\u00e1 dise\u00f1ado para la limpieza y desengrase de equipos, maquinarias y superficies en general, en donde se necesite un limpiador eficaz y no [&hellip;]<\/p>","protected":false},"featured_media":3347,"template":"","meta":[],"product_brand":[],"product_cat":[171,134],"product_tag":[],"class_list":{"0":"post-1403","1":"product","2":"type-product","3":"status-publish","4":"has-post-thumbnail","6":"product_cat-biodesengrsante-de-grado-alimenticio-alimentos","7":"product_cat-biodesengrasantes-linea-para-alimentos","9":"first","10":"instock","11":"taxable","12":"shipping-taxable","13":"product-type-simple"},"_links":{"self":[{"href":"https:\/\/www.proinas.com\/en\/wp-json\/wp\/v2\/product\/1403","targetHints":{"allow":["GET"]}}],"collection":[{"href":"https:\/\/www.proinas.com\/en\/wp-json\/wp\/v2\/product"}],"about":[{"href":"https:\/\/www.proinas.com\/en\/wp-json\/wp\/v2\/types\/product"}],"wp:featuredmedia":[{"embeddable":true,"href":"https:\/\/www.proinas.com\/en\/wp-json\/wp\/v2\/media\/3347"}],"wp:attachment":[{"href":"https:\/\/www.proinas.com\/en\/wp-json\/wp\/v2\/media?parent=1403"}],"wp:term":[{"taxonomy":"product_brand","embeddable":true,"href":"https:\/\/www.proinas.com\/en\/wp-json\/wp\/v2\/product_brand?post=1403"},{"taxonomy":"product_cat","embeddable":true,"href":"https:\/\/www.proinas.com\/en\/wp-json\/wp\/v2\/product_cat?post=1403"},{"taxonomy":"product_tag","embeddable":true,"href":"https:\/\/www.proinas.com\/en\/wp-json\/wp\/v2\/product_tag?post=1403"}],"curies":[{"name":"wp","href":"https:\/\/api.w.org\/{rel}","templated":true}]}}