{"id":1408,"date":"2017-01-19T10:36:20","date_gmt":"2017-01-19T10:36:20","guid":{"rendered":"http:\/\/pronas.proinas.net\/producto\/star\/"},"modified":"2022-04-07T23:03:51","modified_gmt":"2022-04-07T23:03:51","slug":"star","status":"publish","type":"product","link":"https:\/\/www.proinas.com\/en\/product\/star\/","title":{"rendered":"STAR"},"content":{"rendered":"<p style=\"text-align: justify;\"><strong>Desengrasante limpiador de Motores y Maquinaria Industrial<\/strong><\/p>\n<ul>\n<li style=\"text-align: justify;\">Afloja la suciedad, grasa y aceite penetrado en los motores de trabajo pesado, remolques y equipos.<\/li>\n<li style=\"text-align: justify;\">Tiene una r\u00e1pida acci\u00f3n penetrante y emulsificante. No necesita de calor ni de restregar; adem\u00e1s, reduce tiempo y mano de obra.<\/li>\n<li style=\"text-align: justify;\">Puede aplicarse en equipos de rociado manuales y autom\u00e1ticos en el lavado de motores de autom\u00f3viles, equipo rodante, estacionario, pisos de cemento y otras superficies.<\/li>\n<\/ul>\n<p style=\"text-align: center;\"><a href=\"http:\/\/proinas.com\/wp-content\/uploads\/2017\/01\/STAR_Ficha_Comercial.pdf\" target=\"_blank\" rel=\"noopener noreferrer\">FICHA COMERCIAL<\/a><\/p>\n<p style=\"text-align: center;\"><a href=\"http:\/\/www.proinas.com\/en\/contact-us\/\">FICHA T\u00c9CNICA<\/a><\/p>\n<p style=\"text-align: center;\"><a href=\"http:\/\/www.proinas.com\/en\/contact-us\/\">FICHA SEGURIDAD<\/a><\/p>","protected":false},"excerpt":{"rendered":"<p>Desengrasante limpiador de Motores y Maquinaria Industrial Afloja la suciedad, grasa y aceite penetrado en los motores de trabajo pesado, remolques y equipos. Tiene una r\u00e1pida acci\u00f3n penetrante y emulsificante. No necesita de calor ni de restregar; adem\u00e1s, reduce tiempo y mano de obra. Puede aplicarse en equipos de rociado manuales y autom\u00e1ticos en el [&hellip;]<\/p>","protected":false},"featured_media":3347,"template":"","meta":[],"product_brand":[],"product_cat":[13],"product_tag":[],"class_list":{"0":"post-1408","1":"product","2":"type-product","3":"status-publish","4":"has-post-thumbnail","6":"product_cat-biodesengrasantes","8":"first","9":"instock","10":"taxable","11":"shipping-taxable","12":"product-type-simple"},"_links":{"self":[{"href":"https:\/\/www.proinas.com\/en\/wp-json\/wp\/v2\/product\/1408","targetHints":{"allow":["GET"]}}],"collection":[{"href":"https:\/\/www.proinas.com\/en\/wp-json\/wp\/v2\/product"}],"about":[{"href":"https:\/\/www.proinas.com\/en\/wp-json\/wp\/v2\/types\/product"}],"wp:featuredmedia":[{"embeddable":true,"href":"https:\/\/www.proinas.com\/en\/wp-json\/wp\/v2\/media\/3347"}],"wp:attachment":[{"href":"https:\/\/www.proinas.com\/en\/wp-json\/wp\/v2\/media?parent=1408"}],"wp:term":[{"taxonomy":"product_brand","embeddable":true,"href":"https:\/\/www.proinas.com\/en\/wp-json\/wp\/v2\/product_brand?post=1408"},{"taxonomy":"product_cat","embeddable":true,"href":"https:\/\/www.proinas.com\/en\/wp-json\/wp\/v2\/product_cat?post=1408"},{"taxonomy":"product_tag","embeddable":true,"href":"https:\/\/www.proinas.com\/en\/wp-json\/wp\/v2\/product_tag?post=1408"}],"curies":[{"name":"wp","href":"https:\/\/api.w.org\/{rel}","templated":true}]}}