{"id":1410,"date":"2017-01-19T10:40:17","date_gmt":"2017-01-19T10:40:17","guid":{"rendered":"http:\/\/pronas.proinas.net\/producto\/santhick\/"},"modified":"2022-04-07T23:03:05","modified_gmt":"2022-04-07T23:03:05","slug":"santhick","status":"publish","type":"product","link":"https:\/\/www.proinas.com\/en\/product\/santhick\/","title":{"rendered":"SANTHICK"},"content":{"rendered":"<p style=\"text-align: justify;\"><strong>Desengrasante Emulsificante Neutro.<\/strong><\/p>\n<ul>\n<li style=\"text-align: justify;\">Poderosa acci\u00f3n de limpieza r\u00e1pida y sin vapores desagradables o t\u00f3xicos.<\/li>\n<li style=\"text-align: justify;\">Se emplea como limpiador emulsificante qu\u00edmico para remover dep\u00f3sitos de grasa y mugre pesada. NO da\u00f1a el vidrio, concreto, metales, superficies pintadas ni baldosas.<\/li>\n<li style=\"text-align: justify;\">Por su pH bajo se puede aplicar sin el uso de guantes y en lugares con poca ventilaci\u00f3n.<\/li>\n<li style=\"text-align: justify;\">No es corrosivo.<\/li>\n<li style=\"text-align: justify;\">No contamina el agua (es biodegradable), ni el aire; elimina la grasa f\u00e1cilmente.<\/li>\n<li style=\"text-align: justify;\">Concentrado, se diluye hasta con 20 partes de agua, dependiendo del uso.<\/li>\n<\/ul>\n<p style=\"text-align: center;\"><a href=\"http:\/\/proinas.com\/wp-content\/uploads\/2017\/01\/SANTHICK_Ficha_Comercial.pdf\" target=\"_blank\" rel=\"noopener noreferrer\">FICHA COMERCIAL<\/a><\/p>\n<p style=\"text-align: center;\"><a href=\"http:\/\/www.proinas.com\/en\/contact-us\/\">FICHA T\u00c9CNICA<\/a><\/p>\n<p style=\"text-align: center;\"><a href=\"http:\/\/www.proinas.com\/en\/contact-us\/\">FICHA SEGURIDAD<\/a><\/p>","protected":false},"excerpt":{"rendered":"<p>Desengrasante Emulsificante Neutro. Poderosa acci\u00f3n de limpieza r\u00e1pida y sin vapores desagradables o t\u00f3xicos. Se emplea como limpiador emulsificante qu\u00edmico para remover dep\u00f3sitos de grasa y mugre pesada. NO da\u00f1a el vidrio, concreto, metales, superficies pintadas ni baldosas. Por su pH bajo se puede aplicar sin el uso de guantes y en lugares con poca [&hellip;]<\/p>","protected":false},"featured_media":3347,"template":"","meta":[],"product_brand":[],"product_cat":[13],"product_tag":[],"class_list":{"0":"post-1410","1":"product","2":"type-product","3":"status-publish","4":"has-post-thumbnail","6":"product_cat-biodesengrasantes","8":"first","9":"instock","10":"taxable","11":"shipping-taxable","12":"product-type-simple"},"_links":{"self":[{"href":"https:\/\/www.proinas.com\/en\/wp-json\/wp\/v2\/product\/1410","targetHints":{"allow":["GET"]}}],"collection":[{"href":"https:\/\/www.proinas.com\/en\/wp-json\/wp\/v2\/product"}],"about":[{"href":"https:\/\/www.proinas.com\/en\/wp-json\/wp\/v2\/types\/product"}],"wp:featuredmedia":[{"embeddable":true,"href":"https:\/\/www.proinas.com\/en\/wp-json\/wp\/v2\/media\/3347"}],"wp:attachment":[{"href":"https:\/\/www.proinas.com\/en\/wp-json\/wp\/v2\/media?parent=1410"}],"wp:term":[{"taxonomy":"product_brand","embeddable":true,"href":"https:\/\/www.proinas.com\/en\/wp-json\/wp\/v2\/product_brand?post=1410"},{"taxonomy":"product_cat","embeddable":true,"href":"https:\/\/www.proinas.com\/en\/wp-json\/wp\/v2\/product_cat?post=1410"},{"taxonomy":"product_tag","embeddable":true,"href":"https:\/\/www.proinas.com\/en\/wp-json\/wp\/v2\/product_tag?post=1410"}],"curies":[{"name":"wp","href":"https:\/\/api.w.org\/{rel}","templated":true}]}}