{"id":1412,"date":"2017-01-19T10:42:12","date_gmt":"2017-01-19T10:42:12","guid":{"rendered":"http:\/\/pronas.proinas.net\/producto\/clean-sant\/"},"modified":"2022-04-07T23:02:34","modified_gmt":"2022-04-07T23:02:34","slug":"clean-sant","status":"publish","type":"product","link":"https:\/\/www.proinas.com\/en\/product\/clean-sant\/","title":{"rendered":"CLEAN SANT"},"content":{"rendered":"<p style=\"text-align: justify;\"><b>Desengrasante<\/b><strong>\u00a0hidrosoluble biodegradable.<\/strong><\/p>\n<ul>\n<li style=\"text-align: justify;\">Solvente Industrial Soluble en Agua Fr\u00eda o Caliente, Diluye todo tipo de Grasas y Suciedades Adheridas.<\/li>\n<li style=\"text-align: justify;\">F\u00e1cil de aplicar &#8211; rociado, frotaci\u00f3n o trapeado en superficies met\u00e1licas, pl\u00e1sticos, caucho y cemento.<\/li>\n<li style=\"text-align: justify;\">No es t\u00f3xico, no contiene tetra cloruro de carbono, nafta, bencina, keros\u00e9n, gasolina ni otros solventes peligrosos que producen emanaciones t\u00f3xicas; no quema no contribuye a la combusti\u00f3n, es 100% Hidrosoluble.<\/li>\n<li style=\"text-align: justify;\">Usos en empresas av\u00edcolas, procesadoras de carnes, lecheras e industrias alimenticias.<\/li>\n<li style=\"text-align: justify;\">NO APLIQUE EN VIDRIO.<\/li>\n<\/ul>\n<p style=\"text-align: center;\"><a href=\"https:\/\/www.proinas.com\/wp-content\/uploads\/2022\/03\/CLEAN_SANT_Ficha_Comercial-protegido.pdf\" target=\"_blank\" rel=\"noopener noreferrer\">FICHA COMERCIAL<\/a><\/p>\n<p style=\"text-align: center;\"><a href=\"http:\/\/www.proinas.com\/en\/contact-us\/\">FICHA T\u00c9CNICA<\/a><\/p>\n<p style=\"text-align: center;\"><a href=\"http:\/\/www.proinas.com\/en\/contact-us\/\">FICHA SEGURIDAD<\/a><\/p>","protected":false},"excerpt":{"rendered":"<p>Desengrasante\u00a0hidrosoluble biodegradable. Solvente Industrial Soluble en Agua Fr\u00eda o Caliente, Diluye todo tipo de Grasas y Suciedades Adheridas. F\u00e1cil de aplicar &#8211; rociado, frotaci\u00f3n o trapeado en superficies met\u00e1licas, pl\u00e1sticos, caucho y cemento. No es t\u00f3xico, no contiene tetra cloruro de carbono, nafta, bencina, keros\u00e9n, gasolina ni otros solventes peligrosos que producen emanaciones t\u00f3xicas; no [&hellip;]<\/p>","protected":false},"featured_media":3347,"template":"","meta":[],"product_brand":[],"product_cat":[171,134],"product_tag":[],"class_list":{"0":"post-1412","1":"product","2":"type-product","3":"status-publish","4":"has-post-thumbnail","6":"product_cat-biodesengrsante-de-grado-alimenticio-alimentos","7":"product_cat-biodesengrasantes-linea-para-alimentos","9":"first","10":"instock","11":"taxable","12":"shipping-taxable","13":"product-type-simple"},"_links":{"self":[{"href":"https:\/\/www.proinas.com\/en\/wp-json\/wp\/v2\/product\/1412","targetHints":{"allow":["GET"]}}],"collection":[{"href":"https:\/\/www.proinas.com\/en\/wp-json\/wp\/v2\/product"}],"about":[{"href":"https:\/\/www.proinas.com\/en\/wp-json\/wp\/v2\/types\/product"}],"wp:featuredmedia":[{"embeddable":true,"href":"https:\/\/www.proinas.com\/en\/wp-json\/wp\/v2\/media\/3347"}],"wp:attachment":[{"href":"https:\/\/www.proinas.com\/en\/wp-json\/wp\/v2\/media?parent=1412"}],"wp:term":[{"taxonomy":"product_brand","embeddable":true,"href":"https:\/\/www.proinas.com\/en\/wp-json\/wp\/v2\/product_brand?post=1412"},{"taxonomy":"product_cat","embeddable":true,"href":"https:\/\/www.proinas.com\/en\/wp-json\/wp\/v2\/product_cat?post=1412"},{"taxonomy":"product_tag","embeddable":true,"href":"https:\/\/www.proinas.com\/en\/wp-json\/wp\/v2\/product_tag?post=1412"}],"curies":[{"name":"wp","href":"https:\/\/api.w.org\/{rel}","templated":true}]}}