{"id":1413,"date":"2017-01-19T10:44:07","date_gmt":"2017-01-19T10:44:07","guid":{"rendered":"http:\/\/pronas.proinas.net\/producto\/engine\/"},"modified":"2026-02-12T12:17:05","modified_gmt":"2026-02-12T17:17:05","slug":"engine","status":"publish","type":"product","link":"https:\/\/www.proinas.com\/en\/product\/engine\/","title":{"rendered":"ENGINE"},"content":{"rendered":"<p style=\"text-align: justify;\"><strong>Desengrasante y Limpiador de Motores.<\/strong><\/p>\n<ul>\n<li style=\"text-align: justify;\">Remueve f\u00e1cilmente grasa, aceite y suciedad.<\/li>\n<li style=\"text-align: justify;\">Es r\u00e1pido debido a su acci\u00f3n penetrante y emulsificante.<\/li>\n<li style=\"text-align: justify;\">Contiene aditivos especiales para prevenir la corrosi\u00f3n.<\/li>\n<li style=\"text-align: justify;\">Es seguro; no da\u00f1a la mayor\u00eda de las pinturas, no es alcalino, no deja olores residuales, no contiene creosota.<\/li>\n<li style=\"text-align: justify;\">Usos en talleres automotrices, estaciones de servicios, industrias petroleras, motores marinos, terminales de ferrocarriles, plantas industriales, talleres de mec\u00e1nica, tractores y equipos agr\u00edcolas.<\/li>\n<\/ul>\n<p style=\"text-align: center;\"><a href=\"http:\/\/proinas.com\/wp-content\/uploads\/2017\/01\/ENGINE_Ficha_Comercial-1.pdf\" target=\"_blank\" rel=\"noopener noreferrer\">FICHA COMERCIAL<\/a><\/p>\n<p style=\"text-align: center;\"><a href=\"http:\/\/www.proinas.com\/en\/contact-us\/\">FICHA T\u00c9CNICA<\/a><\/p>\n<p style=\"text-align: center;\"><a href=\"http:\/\/www.proinas.com\/en\/contact-us\/\">FICHA SEGURIDAD<\/a><\/p>","protected":false},"excerpt":{"rendered":"<p>Desengrasante y Limpiador de Motores. Remueve f\u00e1cilmente grasa, aceite y suciedad. Es r\u00e1pido debido a su acci\u00f3n penetrante y emulsificante. Contiene aditivos especiales para prevenir la corrosi\u00f3n. Es seguro; no da\u00f1a la mayor\u00eda de las pinturas, no es alcalino, no deja olores residuales, no contiene creosota. Usos en talleres automotrices, estaciones de servicios, industrias petroleras, [&hellip;]<\/p>","protected":false},"featured_media":3347,"template":"","meta":[],"product_brand":[],"product_cat":[13,121],"product_tag":[],"class_list":{"0":"post-1413","1":"product","2":"type-product","3":"status-publish","4":"has-post-thumbnail","6":"product_cat-biodesengrasantes","7":"product_cat-tienda","9":"first","10":"instock","11":"taxable","12":"shipping-taxable","13":"product-type-simple"},"_links":{"self":[{"href":"https:\/\/www.proinas.com\/en\/wp-json\/wp\/v2\/product\/1413","targetHints":{"allow":["GET"]}}],"collection":[{"href":"https:\/\/www.proinas.com\/en\/wp-json\/wp\/v2\/product"}],"about":[{"href":"https:\/\/www.proinas.com\/en\/wp-json\/wp\/v2\/types\/product"}],"wp:featuredmedia":[{"embeddable":true,"href":"https:\/\/www.proinas.com\/en\/wp-json\/wp\/v2\/media\/3347"}],"wp:attachment":[{"href":"https:\/\/www.proinas.com\/en\/wp-json\/wp\/v2\/media?parent=1413"}],"wp:term":[{"taxonomy":"product_brand","embeddable":true,"href":"https:\/\/www.proinas.com\/en\/wp-json\/wp\/v2\/product_brand?post=1413"},{"taxonomy":"product_cat","embeddable":true,"href":"https:\/\/www.proinas.com\/en\/wp-json\/wp\/v2\/product_cat?post=1413"},{"taxonomy":"product_tag","embeddable":true,"href":"https:\/\/www.proinas.com\/en\/wp-json\/wp\/v2\/product_tag?post=1413"}],"curies":[{"name":"wp","href":"https:\/\/api.w.org\/{rel}","templated":true}]}}