{"id":1414,"date":"2017-01-19T10:45:40","date_gmt":"2017-01-19T10:45:40","guid":{"rendered":"http:\/\/pronas.proinas.net\/producto\/canteen\/"},"modified":"2022-04-07T23:01:42","modified_gmt":"2022-04-07T23:01:42","slug":"canteen","status":"publish","type":"product","link":"https:\/\/www.proinas.com\/en\/product\/canteen\/","title":{"rendered":"CANTEEN"},"content":{"rendered":"<p style=\"text-align: justify;\"><strong>Shampoo concentrado para el lavado de veh\u00edculos y Equipos lecheros.<\/strong><\/p>\n<ul>\n<li style=\"text-align: justify;\">Limpiador l\u00edquido de bajo pH formulado especialmente para el lavado de veh\u00edculos automotores. En las haciendas lecheras y plantas procesadoras de leche elimina r\u00e1pida y efectivamente la pel\u00edcula de grasa de leche de cantinas y equipos de orde\u00f1o luego del lavado \u00e1cido.<\/li>\n<li style=\"text-align: justify;\">100 % biodegradable.<\/li>\n<li style=\"text-align: justify;\">Se seca a la sombra y al aire sin dejar manchas y vetas.<\/li>\n<li style=\"text-align: justify;\">Se enjuaga f\u00e1cilmente; no deja pel\u00edcula ni residuos.<\/li>\n<li style=\"text-align: justify;\">No quita el brillo de las superficies enceradas.<\/li>\n<\/ul>\n<p style=\"text-align: center;\"><a href=\"https:\/\/www.proinas.com\/wp-content\/uploads\/2022\/03\/CANTEEN_Ficha_Comercial-protegido.pdf\" target=\"_blank\" rel=\"noopener noreferrer\">FICHA COMERCIAL<\/a><\/p>\n<p style=\"text-align: center;\"><a href=\"http:\/\/www.proinas.com\/en\/contact-us\/\">FICHA T\u00c9CNICA<\/a><\/p>\n<p style=\"text-align: center;\"><a href=\"http:\/\/www.proinas.com\/en\/contact-us\/\">FICHA SEGURIDAD<\/a><\/p>","protected":false},"excerpt":{"rendered":"<p>Shampoo concentrado para el lavado de veh\u00edculos y Equipos lecheros. Limpiador l\u00edquido de bajo pH formulado especialmente para el lavado de veh\u00edculos automotores. En las haciendas lecheras y plantas procesadoras de leche elimina r\u00e1pida y efectivamente la pel\u00edcula de grasa de leche de cantinas y equipos de orde\u00f1o luego del lavado \u00e1cido. 100 % biodegradable. [&hellip;]<\/p>","protected":false},"featured_media":3347,"template":"","meta":[],"product_brand":[],"product_cat":[171,134],"product_tag":[],"class_list":{"0":"post-1414","1":"product","2":"type-product","3":"status-publish","4":"has-post-thumbnail","6":"product_cat-biodesengrsante-de-grado-alimenticio-alimentos","7":"product_cat-biodesengrasantes-linea-para-alimentos","9":"first","10":"instock","11":"taxable","12":"shipping-taxable","13":"product-type-simple"},"_links":{"self":[{"href":"https:\/\/www.proinas.com\/en\/wp-json\/wp\/v2\/product\/1414","targetHints":{"allow":["GET"]}}],"collection":[{"href":"https:\/\/www.proinas.com\/en\/wp-json\/wp\/v2\/product"}],"about":[{"href":"https:\/\/www.proinas.com\/en\/wp-json\/wp\/v2\/types\/product"}],"wp:featuredmedia":[{"embeddable":true,"href":"https:\/\/www.proinas.com\/en\/wp-json\/wp\/v2\/media\/3347"}],"wp:attachment":[{"href":"https:\/\/www.proinas.com\/en\/wp-json\/wp\/v2\/media?parent=1414"}],"wp:term":[{"taxonomy":"product_brand","embeddable":true,"href":"https:\/\/www.proinas.com\/en\/wp-json\/wp\/v2\/product_brand?post=1414"},{"taxonomy":"product_cat","embeddable":true,"href":"https:\/\/www.proinas.com\/en\/wp-json\/wp\/v2\/product_cat?post=1414"},{"taxonomy":"product_tag","embeddable":true,"href":"https:\/\/www.proinas.com\/en\/wp-json\/wp\/v2\/product_tag?post=1414"}],"curies":[{"name":"wp","href":"https:\/\/api.w.org\/{rel}","templated":true}]}}