{"id":1437,"date":"2017-01-19T10:59:12","date_gmt":"2017-01-19T10:59:12","guid":{"rendered":"http:\/\/pronas.proinas.net\/producto\/descarbonisant\/"},"modified":"2022-04-07T23:00:47","modified_gmt":"2022-04-07T23:00:47","slug":"descarbonisant","status":"publish","type":"product","link":"https:\/\/www.proinas.com\/en\/product\/descarbonisant\/","title":{"rendered":"DESCARBONISANT"},"content":{"rendered":"<p style=\"text-align: justify;\"><strong>Poderoso descarbonizante y limpiador de holl\u00edn.<\/strong><\/p>\n<ul>\n<li style=\"text-align: justify;\">Producto descarbonizante y desengrasante concentrado que consiste en una mezcla de agentes alcalinos penetrantes, solubilizadores e inhibidores de corrosi\u00f3n.<\/li>\n<li style=\"text-align: justify;\">DESCARBONISANT Es \u00fatil en la remoci\u00f3n de dep\u00f3sitos de holl\u00edn y carb\u00f3n; para la limpieza de carburadores desmontados, v\u00e1lvulas de motores, equipos y dem\u00e1s partes automovil\u00edsticas carbonizadas.<\/li>\n<li style=\"text-align: justify;\">DESCARBONISANT Es un limpiador ideal para la industria petrolera, alimenticia y en general en industrias donde equipos, herramientas y piezas puedan sufrir carbonizaci\u00f3n de aceites, grasas o alg\u00fan tipo de combustibles.<\/li>\n<\/ul>\n<p style=\"text-align: center;\"><a href=\"https:\/\/www.proinas.com\/wp-content\/uploads\/2022\/03\/DESCARBONISANT_Ficha_Comercial-1-protegido.pdf\" target=\"_blank\" rel=\"noopener noreferrer\">FICHA COMERCIAL<\/a><\/p>\n<p style=\"text-align: center;\"><a href=\"http:\/\/www.proinas.com\/en\/contact-us\/\">FICHA T\u00c9CNICA<\/a><\/p>\n<p style=\"text-align: center;\"><a href=\"http:\/\/www.proinas.com\/en\/contact-us\/\">FICHA SEGURIDAD<\/a><\/p>","protected":false},"excerpt":{"rendered":"<p>Poderoso descarbonizante y limpiador de holl\u00edn. Producto descarbonizante y desengrasante concentrado que consiste en una mezcla de agentes alcalinos penetrantes, solubilizadores e inhibidores de corrosi\u00f3n. DESCARBONISANT Es \u00fatil en la remoci\u00f3n de dep\u00f3sitos de holl\u00edn y carb\u00f3n; para la limpieza de carburadores desmontados, v\u00e1lvulas de motores, equipos y dem\u00e1s partes automovil\u00edsticas carbonizadas. DESCARBONISANT Es un [&hellip;]<\/p>","protected":false},"featured_media":3347,"template":"","meta":[],"product_brand":[],"product_cat":[175,154,163,15],"product_tag":[],"class_list":{"0":"post-1437","1":"product","2":"type-product","3":"status-publish","4":"has-post-thumbnail","6":"product_cat-biodesincrustantes-alimentos","7":"product_cat-biodesincrustantes-industrial","8":"product_cat-biodesincrustantes-institucional","9":"product_cat-biodesincrustantes","11":"first","12":"instock","13":"taxable","14":"shipping-taxable","15":"product-type-simple"},"_links":{"self":[{"href":"https:\/\/www.proinas.com\/en\/wp-json\/wp\/v2\/product\/1437","targetHints":{"allow":["GET"]}}],"collection":[{"href":"https:\/\/www.proinas.com\/en\/wp-json\/wp\/v2\/product"}],"about":[{"href":"https:\/\/www.proinas.com\/en\/wp-json\/wp\/v2\/types\/product"}],"wp:featuredmedia":[{"embeddable":true,"href":"https:\/\/www.proinas.com\/en\/wp-json\/wp\/v2\/media\/3347"}],"wp:attachment":[{"href":"https:\/\/www.proinas.com\/en\/wp-json\/wp\/v2\/media?parent=1437"}],"wp:term":[{"taxonomy":"product_brand","embeddable":true,"href":"https:\/\/www.proinas.com\/en\/wp-json\/wp\/v2\/product_brand?post=1437"},{"taxonomy":"product_cat","embeddable":true,"href":"https:\/\/www.proinas.com\/en\/wp-json\/wp\/v2\/product_cat?post=1437"},{"taxonomy":"product_tag","embeddable":true,"href":"https:\/\/www.proinas.com\/en\/wp-json\/wp\/v2\/product_tag?post=1437"}],"curies":[{"name":"wp","href":"https:\/\/api.w.org\/{rel}","templated":true}]}}